{"id":4083,"date":"2024-12-06T00:00:00","date_gmt":"2024-12-05T23:00:00","guid":{"rendered":"https:\/\/partyinabox.dk\/party\/?post_type=product&#038;p=4083"},"modified":"2026-04-15T13:23:34","modified_gmt":"2026-04-15T11:23:34","slug":"lilla-rosetter-med-guldkant","status":"publish","type":"product","link":"https:\/\/partyinabox.dk\/party\/vare\/lilla-rosetter-med-guldkant\/","title":{"rendered":"Lilla rosetter med guldkant"},"content":{"rendered":"<p>Pynt flot op til lilla d\u00e5b, sommerfest \/ havefest, konfirmation eller pastel fest med disse smukke lilla farvet rosetter med guldkant. H\u00e6ng dem ned fra loftet i teltet, over gavebordet eller lav en rosettev\u00e6g med dem. Brug fiskesn\u00f8re til at h\u00e6nge rosetterne op med.<\/p>\n<p><strong>TIP:<\/strong> brug en papirclip til at samle rosetterne med i stedet for at tape dem. S\u00e5 kan de bruges igen.<\/p>\n<p>Indhold: 3 stk. \/ M\u00e5l: 40 \/ 32 \/ 23 cm<\/p>\n","protected":false},"excerpt":{"rendered":"<p>Pynt flot op til lilla d\u00e5b, sommerfest \/ havefest, konfirmation eller pastel fest med disse smukke lilla farvet rosetter med guldkant. H\u00e6ng dem ned fra loftet i teltet, over gavebordet eller lav en rosettev\u00e6g med dem. Brug fiskesn\u00f8re til at [&hellip;]<\/p>\n","protected":false},"featured_media":4084,"template":"","meta":{"_acf_changed":false},"product_brand":[],"product_cat":[19,31],"product_tag":[],"class_list":{"0":"post-4083","1":"product","2":"type-product","3":"status-publish","4":"has-post-thumbnail","6":"product_cat-pynt","7":"product_cat-til-loftet","9":"first","10":"instock","11":"taxable","12":"shipping-taxable","13":"purchasable","14":"product-type-simple"},"bundled_by":[],"bundle_stock_status":"instock","bundle_stock_quantity":18,"bundle_virtual":false,"bundle_layout":"","bundle_add_to_cart_form_location":"","bundle_editable_in_cart":false,"bundle_sold_individually_context":"","bundle_item_grouping":"","bundle_min_size":"","bundle_max_size":"","bundle_price":[],"bundled_items":[],"bundle_sell_ids":[],"acf":[],"tiered_pricing_type":"fixed","tiered_pricing_fixed_rules":[],"tiered_pricing_product_settings":{"layout":"default","base_unit_name":{"singular":null,"plural":null},"default_variation":null},"tiered_pricing_minimum_quantity":null,"tiered_pricing_roles_data":[],"tiered_pricing_percentage_rules":[],"tiered_pricing_maximum_quantity":null,"tiered_pricing_quantity_step":null,"_links":{"self":[{"href":"https:\/\/partyinabox.dk\/party\/wp-json\/wp\/v2\/product\/4083","targetHints":{"allow":["GET"]}}],"collection":[{"href":"https:\/\/partyinabox.dk\/party\/wp-json\/wp\/v2\/product"}],"about":[{"href":"https:\/\/partyinabox.dk\/party\/wp-json\/wp\/v2\/types\/product"}],"wp:featuredmedia":[{"embeddable":true,"href":"https:\/\/partyinabox.dk\/party\/wp-json\/wp\/v2\/media\/4084"}],"wp:attachment":[{"href":"https:\/\/partyinabox.dk\/party\/wp-json\/wp\/v2\/media?parent=4083"}],"wp:term":[{"taxonomy":"product_brand","embeddable":true,"href":"https:\/\/partyinabox.dk\/party\/wp-json\/wp\/v2\/product_brand?post=4083"},{"taxonomy":"product_cat","embeddable":true,"href":"https:\/\/partyinabox.dk\/party\/wp-json\/wp\/v2\/product_cat?post=4083"},{"taxonomy":"product_tag","embeddable":true,"href":"https:\/\/partyinabox.dk\/party\/wp-json\/wp\/v2\/product_tag?post=4083"}],"curies":[{"name":"wp","href":"https:\/\/api.w.org\/{rel}","templated":true}]}}