{"id":40293,"date":"2022-11-25T00:00:00","date_gmt":"2022-11-24T23:00:00","guid":{"rendered":"https:\/\/partyinabox.dk\/party\/?post_type=product&#038;p=40293"},"modified":"2026-03-17T12:49:29","modified_gmt":"2026-03-17T11:49:29","slug":"sort-rund-folie-ballon-happy-new-year","status":"publish","type":"product","link":"https:\/\/partyinabox.dk\/party\/vare\/sort-rund-folie-ballon-happy-new-year\/","title":{"rendered":"Sort rund folie ballon &#8220;Happy New Year&#8221;"},"content":{"rendered":"<p>Mega flot sort rund folie ballon til din nyt\u00e5rsfest. Balloner er altid en god ide, ogs\u00e5 til nyt\u00e5r. P\u00e5 midten af ballonen st\u00e5r der skrevet p\u00e5 begge sider med guld: &#8220;Happy New Year&#8221;. Fyld den op med helium, s\u00e5 den sv\u00e6ver eller med almindelig luft, hvor den kan h\u00e6nges op med snor eller lim dutter. Du kan ogs\u00e5 brug den som photo props til dine flotte nyt\u00e5rsbilleder. Indhold: 1 stk. \/ M\u00e5l: 35 cm.<\/p>\n","protected":false},"excerpt":{"rendered":"<p>Mega flot sort rund folie ballon til din nyt\u00e5rsfest. Balloner er altid en god ide, ogs\u00e5 til nyt\u00e5r. P\u00e5 midten af ballonen st\u00e5r der skrevet p\u00e5 begge sider med guld: &#8220;Happy New Year&#8221;. Fyld den op med helium, s\u00e5 den [&hellip;]<\/p>\n","protected":false},"featured_media":40295,"template":"","meta":{"_acf_changed":false},"product_brand":[],"product_cat":[30],"product_tag":[],"class_list":{"0":"post-40293","1":"product","2":"type-product","3":"status-publish","4":"has-post-thumbnail","6":"product_cat-balloner","8":"first","9":"instock","10":"taxable","11":"shipping-taxable","12":"purchasable","13":"product-type-simple"},"bundled_by":[],"bundle_stock_status":"instock","bundle_stock_quantity":25,"bundle_virtual":false,"bundle_layout":"","bundle_add_to_cart_form_location":"","bundle_editable_in_cart":false,"bundle_sold_individually_context":"","bundle_item_grouping":"","bundle_min_size":"","bundle_max_size":"","bundle_price":[],"bundled_items":[],"bundle_sell_ids":[],"acf":[],"tiered_pricing_type":"fixed","tiered_pricing_fixed_rules":[],"tiered_pricing_product_settings":{"layout":"default","base_unit_name":{"singular":null,"plural":null},"default_variation":null},"tiered_pricing_minimum_quantity":null,"tiered_pricing_roles_data":[],"tiered_pricing_percentage_rules":[],"tiered_pricing_maximum_quantity":null,"tiered_pricing_quantity_step":null,"_links":{"self":[{"href":"https:\/\/partyinabox.dk\/party\/wp-json\/wp\/v2\/product\/40293","targetHints":{"allow":["GET"]}}],"collection":[{"href":"https:\/\/partyinabox.dk\/party\/wp-json\/wp\/v2\/product"}],"about":[{"href":"https:\/\/partyinabox.dk\/party\/wp-json\/wp\/v2\/types\/product"}],"wp:featuredmedia":[{"embeddable":true,"href":"https:\/\/partyinabox.dk\/party\/wp-json\/wp\/v2\/media\/40295"}],"wp:attachment":[{"href":"https:\/\/partyinabox.dk\/party\/wp-json\/wp\/v2\/media?parent=40293"}],"wp:term":[{"taxonomy":"product_brand","embeddable":true,"href":"https:\/\/partyinabox.dk\/party\/wp-json\/wp\/v2\/product_brand?post=40293"},{"taxonomy":"product_cat","embeddable":true,"href":"https:\/\/partyinabox.dk\/party\/wp-json\/wp\/v2\/product_cat?post=40293"},{"taxonomy":"product_tag","embeddable":true,"href":"https:\/\/partyinabox.dk\/party\/wp-json\/wp\/v2\/product_tag?post=40293"}],"curies":[{"name":"wp","href":"https:\/\/api.w.org\/{rel}","templated":true}]}}