{"id":40262,"date":"2022-10-19T15:53:02","date_gmt":"2022-10-19T13:53:02","guid":{"rendered":"https:\/\/partyinabox.dk\/party\/?post_type=product&#038;p=40262"},"modified":"2026-03-17T12:55:28","modified_gmt":"2026-03-17T11:55:28","slug":"sort-banner-m-guld-frynser-og-happy-new-year","status":"publish","type":"product","link":"https:\/\/partyinabox.dk\/party\/vare\/sort-banner-m-guld-frynser-og-happy-new-year\/","title":{"rendered":"Sort banner m\/guld frynser og &#8220;Happy New Year&#8221;"},"content":{"rendered":"<p>Hold et brag af en fest og pynt op til \u00e5rets sidste dag &#8211; nyt\u00e5rsaften. H\u00e6ng blandt andet dette flotte banner op, hvor der med guld st\u00e5r skrevet Happy New Year. H\u00e6ng den over bordet eller p\u00e5 v\u00e6ggen. Guld frynserne giver lige det ekstra glitter til nyt\u00e5r. Indhold: 1 stk. \/ M\u00e5l: 135 x 16,5 cm.<\/p>\n","protected":false},"excerpt":{"rendered":"<p>Hold et brag af en fest og pynt op til \u00e5rets sidste dag &#8211; nyt\u00e5rsaften. H\u00e6ng blandt andet dette flotte banner op, hvor der med guld st\u00e5r skrevet Happy New Year. H\u00e6ng den over bordet eller p\u00e5 v\u00e6ggen. Guld frynserne [&hellip;]<\/p>\n","protected":false},"featured_media":40263,"template":"","meta":{"_acf_changed":false},"product_brand":[],"product_cat":[19,31],"product_tag":[],"class_list":{"0":"post-40262","1":"product","2":"type-product","3":"status-publish","4":"has-post-thumbnail","6":"product_cat-pynt","7":"product_cat-til-loftet","9":"first","10":"instock","11":"taxable","12":"shipping-taxable","13":"purchasable","14":"product-type-simple"},"bundled_by":[],"bundle_stock_status":"instock","bundle_stock_quantity":87,"bundle_virtual":false,"bundle_layout":"","bundle_add_to_cart_form_location":"","bundle_editable_in_cart":false,"bundle_sold_individually_context":"","bundle_item_grouping":"","bundle_min_size":"","bundle_max_size":"","bundle_price":[],"bundled_items":[],"bundle_sell_ids":[],"acf":[],"tiered_pricing_type":"fixed","tiered_pricing_fixed_rules":[],"tiered_pricing_product_settings":{"layout":"default","base_unit_name":{"singular":null,"plural":null},"default_variation":null},"tiered_pricing_minimum_quantity":null,"tiered_pricing_roles_data":[],"tiered_pricing_percentage_rules":[],"tiered_pricing_maximum_quantity":null,"tiered_pricing_quantity_step":null,"_links":{"self":[{"href":"https:\/\/partyinabox.dk\/party\/wp-json\/wp\/v2\/product\/40262","targetHints":{"allow":["GET"]}}],"collection":[{"href":"https:\/\/partyinabox.dk\/party\/wp-json\/wp\/v2\/product"}],"about":[{"href":"https:\/\/partyinabox.dk\/party\/wp-json\/wp\/v2\/types\/product"}],"wp:featuredmedia":[{"embeddable":true,"href":"https:\/\/partyinabox.dk\/party\/wp-json\/wp\/v2\/media\/40263"}],"wp:attachment":[{"href":"https:\/\/partyinabox.dk\/party\/wp-json\/wp\/v2\/media?parent=40262"}],"wp:term":[{"taxonomy":"product_brand","embeddable":true,"href":"https:\/\/partyinabox.dk\/party\/wp-json\/wp\/v2\/product_brand?post=40262"},{"taxonomy":"product_cat","embeddable":true,"href":"https:\/\/partyinabox.dk\/party\/wp-json\/wp\/v2\/product_cat?post=40262"},{"taxonomy":"product_tag","embeddable":true,"href":"https:\/\/partyinabox.dk\/party\/wp-json\/wp\/v2\/product_tag?post=40262"}],"curies":[{"name":"wp","href":"https:\/\/api.w.org\/{rel}","templated":true}]}}