{"id":39795,"date":"2022-11-28T00:00:00","date_gmt":"2022-11-27T23:00:00","guid":{"rendered":"https:\/\/partyinabox.dk\/party\/?post_type=product&#038;p=39795"},"modified":"2026-03-19T07:54:57","modified_gmt":"2026-03-19T06:54:57","slug":"roed-merry-christmas-folie-ballon","status":"publish","type":"product","link":"https:\/\/partyinabox.dk\/party\/vare\/roed-merry-christmas-folie-ballon\/","title":{"rendered":"R\u00f8d &#8220;Merry Christmas&#8221; folie ballon"},"content":{"rendered":"<p>Pynt flot op til jul og julefrokost med denne hyggelige r\u00f8de &#8220;Merry Christmas&#8221; folie ballon med guld stjerner, hvid skrift og gr\u00f8n kristtj\u00f8rn. Pust ballonen op med alm. luft og h\u00e6ng den op med fiskesn\u00f8re over julebordet eller i vinduet, eller pust den op med helium, hvis den skal sv\u00e6ve som pynt i rummet. Indhold: 1 stk. \/ M\u00e5l: 45 cm (ikke oppustet)<\/p>\n","protected":false},"excerpt":{"rendered":"<p>Pynt flot op til jul og julefrokost med denne hyggelige r\u00f8de &#8220;Merry Christmas&#8221; folie ballon med guld stjerner, hvid skrift og gr\u00f8n kristtj\u00f8rn. Pust ballonen op med alm. luft og h\u00e6ng den op med fiskesn\u00f8re over julebordet eller i vinduet, [&hellip;]<\/p>\n","protected":false},"featured_media":39797,"template":"","meta":{"_acf_changed":false},"product_brand":[],"product_cat":[30],"product_tag":[],"class_list":{"0":"post-39795","1":"product","2":"type-product","3":"status-publish","4":"has-post-thumbnail","6":"product_cat-balloner","8":"first","9":"instock","10":"taxable","11":"shipping-taxable","12":"purchasable","13":"product-type-simple"},"bundled_by":[],"bundle_stock_status":"instock","bundle_stock_quantity":64,"bundle_virtual":false,"bundle_layout":"","bundle_add_to_cart_form_location":"","bundle_editable_in_cart":false,"bundle_sold_individually_context":"","bundle_item_grouping":"","bundle_min_size":"","bundle_max_size":"","bundle_price":[],"bundled_items":[],"bundle_sell_ids":[],"acf":[],"tiered_pricing_type":"fixed","tiered_pricing_fixed_rules":[],"tiered_pricing_product_settings":{"layout":"default","base_unit_name":{"singular":null,"plural":null},"default_variation":null},"tiered_pricing_minimum_quantity":null,"tiered_pricing_roles_data":[],"tiered_pricing_percentage_rules":[],"tiered_pricing_maximum_quantity":null,"tiered_pricing_quantity_step":null,"_links":{"self":[{"href":"https:\/\/partyinabox.dk\/party\/wp-json\/wp\/v2\/product\/39795","targetHints":{"allow":["GET"]}}],"collection":[{"href":"https:\/\/partyinabox.dk\/party\/wp-json\/wp\/v2\/product"}],"about":[{"href":"https:\/\/partyinabox.dk\/party\/wp-json\/wp\/v2\/types\/product"}],"wp:featuredmedia":[{"embeddable":true,"href":"https:\/\/partyinabox.dk\/party\/wp-json\/wp\/v2\/media\/39797"}],"wp:attachment":[{"href":"https:\/\/partyinabox.dk\/party\/wp-json\/wp\/v2\/media?parent=39795"}],"wp:term":[{"taxonomy":"product_brand","embeddable":true,"href":"https:\/\/partyinabox.dk\/party\/wp-json\/wp\/v2\/product_brand?post=39795"},{"taxonomy":"product_cat","embeddable":true,"href":"https:\/\/partyinabox.dk\/party\/wp-json\/wp\/v2\/product_cat?post=39795"},{"taxonomy":"product_tag","embeddable":true,"href":"https:\/\/partyinabox.dk\/party\/wp-json\/wp\/v2\/product_tag?post=39795"}],"curies":[{"name":"wp","href":"https:\/\/api.w.org\/{rel}","templated":true}]}}