{"id":39681,"date":"2022-12-01T00:00:00","date_gmt":"2022-11-30T23:00:00","guid":{"rendered":"https:\/\/partyinabox.dk\/party\/?post_type=product&#038;p=39681"},"modified":"2026-03-21T23:05:13","modified_gmt":"2026-03-21T22:05:13","slug":"hvid-folie-ballon-tal-5-stor","status":"publish","type":"product","link":"https:\/\/partyinabox.dk\/party\/vare\/hvid-folie-ballon-tal-5-stor\/","title":{"rendered":"Hvid folie ballon tal &#8211; 5 (stor)"},"content":{"rendered":"<p>De fine hvide folie tal er perfekt til din f\u00f8dselsdag eller et jubil\u00e6um. Det kan ogs\u00e5 v\u00e6re s\u00f8lv\/guld bryllup, hvor de store tal skal vises. Benyt helium, hvis du vil have ballonerne til sv\u00e6ve.\u00a0 Brug ballonpumpe hvis du selv vil h\u00e6nge dem op p\u00e5 v\u00e6ggen. Der skal IKKE bruges hi-float. M\u00e5l: 86 cm.<\/p>\n","protected":false},"excerpt":{"rendered":"<p>De fine hvide folie tal er perfekt til din f\u00f8dselsdag eller et jubil\u00e6um. Det kan ogs\u00e5 v\u00e6re s\u00f8lv\/guld bryllup, hvor de store tal skal vises. Benyt helium, hvis du vil have ballonerne til sv\u00e6ve.\u00a0 Brug ballonpumpe hvis du selv vil [&hellip;]<\/p>\n","protected":false},"featured_media":39682,"template":"","meta":{"_acf_changed":false},"product_brand":[],"product_cat":[61],"product_tag":[],"class_list":{"0":"post-39681","1":"product","2":"type-product","3":"status-publish","4":"has-post-thumbnail","6":"product_cat-folie-tal","8":"first","9":"instock","10":"taxable","11":"shipping-taxable","12":"purchasable","13":"product-type-simple"},"bundled_by":[],"bundle_stock_status":"instock","bundle_stock_quantity":35,"bundle_virtual":false,"bundle_layout":"","bundle_add_to_cart_form_location":"","bundle_editable_in_cart":false,"bundle_sold_individually_context":"","bundle_item_grouping":"","bundle_min_size":"","bundle_max_size":"","bundle_price":[],"bundled_items":[],"bundle_sell_ids":[],"acf":[],"tiered_pricing_type":"fixed","tiered_pricing_fixed_rules":[],"tiered_pricing_product_settings":{"layout":"default","base_unit_name":{"singular":null,"plural":null},"default_variation":null},"tiered_pricing_minimum_quantity":null,"tiered_pricing_roles_data":[],"tiered_pricing_percentage_rules":[],"tiered_pricing_maximum_quantity":null,"tiered_pricing_quantity_step":null,"_links":{"self":[{"href":"https:\/\/partyinabox.dk\/party\/wp-json\/wp\/v2\/product\/39681","targetHints":{"allow":["GET"]}}],"collection":[{"href":"https:\/\/partyinabox.dk\/party\/wp-json\/wp\/v2\/product"}],"about":[{"href":"https:\/\/partyinabox.dk\/party\/wp-json\/wp\/v2\/types\/product"}],"wp:featuredmedia":[{"embeddable":true,"href":"https:\/\/partyinabox.dk\/party\/wp-json\/wp\/v2\/media\/39682"}],"wp:attachment":[{"href":"https:\/\/partyinabox.dk\/party\/wp-json\/wp\/v2\/media?parent=39681"}],"wp:term":[{"taxonomy":"product_brand","embeddable":true,"href":"https:\/\/partyinabox.dk\/party\/wp-json\/wp\/v2\/product_brand?post=39681"},{"taxonomy":"product_cat","embeddable":true,"href":"https:\/\/partyinabox.dk\/party\/wp-json\/wp\/v2\/product_cat?post=39681"},{"taxonomy":"product_tag","embeddable":true,"href":"https:\/\/partyinabox.dk\/party\/wp-json\/wp\/v2\/product_tag?post=39681"}],"curies":[{"name":"wp","href":"https:\/\/api.w.org\/{rel}","templated":true}]}}