{"id":39577,"date":"2023-11-22T00:00:00","date_gmt":"2023-11-21T23:00:00","guid":{"rendered":"https:\/\/partyinabox.dk\/party\/?post_type=product&#038;p=39577"},"modified":"2026-03-24T15:31:09","modified_gmt":"2026-03-24T14:31:09","slug":"soelv-fest-gardin-m-stjerner","status":"publish","type":"product","link":"https:\/\/partyinabox.dk\/party\/vare\/soelv-fest-gardin-m-stjerner\/","title":{"rendered":"S\u00f8lv fest gardin m\/ stjerner"},"content":{"rendered":"<p>Pynt lokalet flot op til jul, stuen op til nyt\u00e5r eller festlokalt op til f\u00f8dselsdag med dette festlige s\u00f8lv gardin lavet af masser af stjerner. Gardinet kommer med en tape stribe p\u00e5 den ene side, som sikre en nem ops\u00e6tning over f.eks. d\u00f8ren eller p\u00e5 v\u00e6ggen. Indhold: 1 stk. \/ M\u00e5l: 100 x 245 cm (B x H)<\/p>\n","protected":false},"excerpt":{"rendered":"<p>Pynt lokalet flot op til jul, stuen op til nyt\u00e5r eller festlokalt op til f\u00f8dselsdag med dette festlige s\u00f8lv gardin lavet af masser af stjerner. Gardinet kommer med en tape stribe p\u00e5 den ene side, som sikre en nem ops\u00e6tning [&hellip;]<\/p>\n","protected":false},"featured_media":39579,"template":"","meta":{"_acf_changed":false},"product_brand":[],"product_cat":[19],"product_tag":[],"class_list":{"0":"post-39577","1":"product","2":"type-product","3":"status-publish","4":"has-post-thumbnail","6":"product_cat-pynt","8":"first","9":"instock","10":"taxable","11":"shipping-taxable","12":"purchasable","13":"product-type-simple"},"bundled_by":[],"bundle_stock_status":"instock","bundle_stock_quantity":75,"bundle_virtual":false,"bundle_layout":"","bundle_add_to_cart_form_location":"","bundle_editable_in_cart":false,"bundle_sold_individually_context":"","bundle_item_grouping":"","bundle_min_size":"","bundle_max_size":"","bundle_price":[],"bundled_items":[],"bundle_sell_ids":[],"acf":[],"tiered_pricing_type":"fixed","tiered_pricing_fixed_rules":[],"tiered_pricing_product_settings":{"layout":"default","base_unit_name":{"singular":null,"plural":null},"default_variation":null},"tiered_pricing_minimum_quantity":null,"tiered_pricing_roles_data":[],"tiered_pricing_percentage_rules":[],"tiered_pricing_maximum_quantity":null,"tiered_pricing_quantity_step":null,"_links":{"self":[{"href":"https:\/\/partyinabox.dk\/party\/wp-json\/wp\/v2\/product\/39577","targetHints":{"allow":["GET"]}}],"collection":[{"href":"https:\/\/partyinabox.dk\/party\/wp-json\/wp\/v2\/product"}],"about":[{"href":"https:\/\/partyinabox.dk\/party\/wp-json\/wp\/v2\/types\/product"}],"wp:featuredmedia":[{"embeddable":true,"href":"https:\/\/partyinabox.dk\/party\/wp-json\/wp\/v2\/media\/39579"}],"wp:attachment":[{"href":"https:\/\/partyinabox.dk\/party\/wp-json\/wp\/v2\/media?parent=39577"}],"wp:term":[{"taxonomy":"product_brand","embeddable":true,"href":"https:\/\/partyinabox.dk\/party\/wp-json\/wp\/v2\/product_brand?post=39577"},{"taxonomy":"product_cat","embeddable":true,"href":"https:\/\/partyinabox.dk\/party\/wp-json\/wp\/v2\/product_cat?post=39577"},{"taxonomy":"product_tag","embeddable":true,"href":"https:\/\/partyinabox.dk\/party\/wp-json\/wp\/v2\/product_tag?post=39577"}],"curies":[{"name":"wp","href":"https:\/\/api.w.org\/{rel}","templated":true}]}}