{"id":3864,"date":"2023-11-13T00:00:00","date_gmt":"2023-11-12T23:00:00","guid":{"rendered":"https:\/\/partyinabox.dk\/party\/?post_type=product&#038;p=3864"},"modified":"2026-03-16T15:50:14","modified_gmt":"2026-03-16T14:50:14","slug":"guld-stjerne-tallerken-med-ansigt","status":"publish","type":"product","link":"https:\/\/partyinabox.dk\/party\/vare\/guld-stjerne-tallerken-med-ansigt\/","title":{"rendered":"Guld stjerne paptallerken med ansigt"},"content":{"rendered":"<p>Fineste guld stjerne tallerken med ansigt p\u00e5, kan bruges b\u00e5de til polterabend, babyshower og b\u00f8rnef\u00f8dselsdag. Hvis man skal holde et sky, m\u00e5ne og stjerne tema fest, kan den ogs\u00e5 passe dertil.<\/p>\n","protected":false},"excerpt":{"rendered":"<p>Fineste guld stjerne tallerken med ansigt p\u00e5, kan bruges b\u00e5de til polterabend, babyshower og b\u00f8rnef\u00f8dselsdag. Hvis man skal holde et sky, m\u00e5ne og stjerne tema fest, kan den ogs\u00e5 passe dertil.<\/p>\n","protected":false},"featured_media":4493,"template":"","meta":{"_acf_changed":false},"product_brand":[],"product_cat":[32],"product_tag":[],"class_list":{"0":"post-3864","1":"product","2":"type-product","3":"status-publish","4":"has-post-thumbnail","6":"product_cat-service","8":"first","9":"instock","10":"taxable","11":"shipping-taxable","12":"purchasable","13":"product-type-simple"},"bundled_by":[],"bundle_stock_status":"instock","bundle_stock_quantity":39,"bundle_virtual":false,"bundle_layout":"","bundle_add_to_cart_form_location":"","bundle_editable_in_cart":false,"bundle_sold_individually_context":"","bundle_item_grouping":"","bundle_min_size":"","bundle_max_size":"","bundle_price":[],"bundled_items":[],"bundle_sell_ids":[],"acf":[],"tiered_pricing_type":"fixed","tiered_pricing_fixed_rules":[],"tiered_pricing_product_settings":{"layout":"default","base_unit_name":{"singular":null,"plural":null},"default_variation":null},"tiered_pricing_minimum_quantity":null,"tiered_pricing_roles_data":[],"tiered_pricing_percentage_rules":[],"tiered_pricing_maximum_quantity":null,"tiered_pricing_quantity_step":null,"_links":{"self":[{"href":"https:\/\/partyinabox.dk\/party\/wp-json\/wp\/v2\/product\/3864","targetHints":{"allow":["GET"]}}],"collection":[{"href":"https:\/\/partyinabox.dk\/party\/wp-json\/wp\/v2\/product"}],"about":[{"href":"https:\/\/partyinabox.dk\/party\/wp-json\/wp\/v2\/types\/product"}],"wp:featuredmedia":[{"embeddable":true,"href":"https:\/\/partyinabox.dk\/party\/wp-json\/wp\/v2\/media\/4493"}],"wp:attachment":[{"href":"https:\/\/partyinabox.dk\/party\/wp-json\/wp\/v2\/media?parent=3864"}],"wp:term":[{"taxonomy":"product_brand","embeddable":true,"href":"https:\/\/partyinabox.dk\/party\/wp-json\/wp\/v2\/product_brand?post=3864"},{"taxonomy":"product_cat","embeddable":true,"href":"https:\/\/partyinabox.dk\/party\/wp-json\/wp\/v2\/product_cat?post=3864"},{"taxonomy":"product_tag","embeddable":true,"href":"https:\/\/partyinabox.dk\/party\/wp-json\/wp\/v2\/product_tag?post=3864"}],"curies":[{"name":"wp","href":"https:\/\/api.w.org\/{rel}","templated":true}]}}