{"id":38384,"date":"2022-08-17T00:00:00","date_gmt":"2022-08-16T22:00:00","guid":{"rendered":"https:\/\/partyinabox.dk\/party\/?post_type=product&#038;p=38384"},"modified":"2026-04-27T21:41:12","modified_gmt":"2026-04-27T19:41:12","slug":"40-rosegold-ballon","status":"publish","type":"product","link":"https:\/\/partyinabox.dk\/party\/vare\/40-rosegold-ballon\/","title":{"rendered":"&#8220;40&#8221; rosegold ballon"},"content":{"rendered":"<p>Pynt flot op til din runde 40 \u00e5rs f\u00f8dselsdag med disse fine rosegold balloner med &#8220;40&#8221; p\u00e5. Brug dem i bordopd\u00e6kningen, i lokalet eller ved gave- eller ta&#8217;selv&#8217;bordet. Husk helium, hvis ballonerne skal sv\u00e6ve. Pust ballonerne op s\u00e5 t\u00e6t p\u00e5 festen som muligt for bedste resultat. Brug Hi Float i disse balloner, hvis du vil opn\u00e5 l\u00e6ngere holdbarhed. Indhold: 5 stk. \/ M\u00e5l: 30 cm<\/p>\n","protected":false},"excerpt":{"rendered":"<p>Pynt flot op til din runde 40 \u00e5rs f\u00f8dselsdag med disse fine rosegold balloner med &#8220;40&#8221; p\u00e5. Brug dem i bordopd\u00e6kningen, i lokalet eller ved gave- eller ta&#8217;selv&#8217;bordet. Husk helium, hvis ballonerne skal sv\u00e6ve. Pust ballonerne op s\u00e5 t\u00e6t p\u00e5 [&hellip;]<\/p>\n","protected":false},"featured_media":38385,"template":"","meta":{"_acf_changed":false},"product_brand":[],"product_cat":[30],"product_tag":[],"class_list":{"0":"post-38384","1":"product","2":"type-product","3":"status-publish","4":"has-post-thumbnail","6":"product_cat-balloner","8":"first","9":"instock","10":"taxable","11":"shipping-taxable","12":"purchasable","13":"product-type-simple"},"bundled_by":[],"bundle_stock_status":"instock","bundle_stock_quantity":330,"bundle_virtual":false,"bundle_layout":"","bundle_add_to_cart_form_location":"","bundle_editable_in_cart":false,"bundle_sold_individually_context":"","bundle_item_grouping":"","bundle_min_size":"","bundle_max_size":"","bundle_price":[],"bundled_items":[],"bundle_sell_ids":[],"acf":[],"tiered_pricing_type":"fixed","tiered_pricing_fixed_rules":[],"tiered_pricing_product_settings":{"layout":"default","base_unit_name":{"singular":null,"plural":null},"default_variation":null},"tiered_pricing_minimum_quantity":null,"tiered_pricing_roles_data":[],"tiered_pricing_percentage_rules":[],"tiered_pricing_maximum_quantity":null,"tiered_pricing_quantity_step":null,"_links":{"self":[{"href":"https:\/\/partyinabox.dk\/party\/wp-json\/wp\/v2\/product\/38384","targetHints":{"allow":["GET"]}}],"collection":[{"href":"https:\/\/partyinabox.dk\/party\/wp-json\/wp\/v2\/product"}],"about":[{"href":"https:\/\/partyinabox.dk\/party\/wp-json\/wp\/v2\/types\/product"}],"wp:featuredmedia":[{"embeddable":true,"href":"https:\/\/partyinabox.dk\/party\/wp-json\/wp\/v2\/media\/38385"}],"wp:attachment":[{"href":"https:\/\/partyinabox.dk\/party\/wp-json\/wp\/v2\/media?parent=38384"}],"wp:term":[{"taxonomy":"product_brand","embeddable":true,"href":"https:\/\/partyinabox.dk\/party\/wp-json\/wp\/v2\/product_brand?post=38384"},{"taxonomy":"product_cat","embeddable":true,"href":"https:\/\/partyinabox.dk\/party\/wp-json\/wp\/v2\/product_cat?post=38384"},{"taxonomy":"product_tag","embeddable":true,"href":"https:\/\/partyinabox.dk\/party\/wp-json\/wp\/v2\/product_tag?post=38384"}],"curies":[{"name":"wp","href":"https:\/\/api.w.org\/{rel}","templated":true}]}}