{"id":38343,"date":"2022-10-26T00:00:00","date_gmt":"2022-10-25T22:00:00","guid":{"rendered":"https:\/\/partyinabox.dk\/party\/?post_type=product&#038;p=38343"},"modified":"2026-03-19T08:49:42","modified_gmt":"2026-03-19T07:49:42","slug":"julemand-staaende-folie-ballon","status":"publish","type":"product","link":"https:\/\/partyinabox.dk\/party\/vare\/julemand-staaende-folie-ballon\/","title":{"rendered":"St\u00e5ende k\u00e6mpe julemand ballon"},"content":{"rendered":"<p>Pynt dit hjem op til jul med denne seje folie ballon formet som en julemand. Giv ogs\u00e5 dine g\u00e6ster lidt ekstra overraskelse med julemanden st\u00e5ende til julefrokosten eller arbejdspladsen. Fyld julemanden med luft og den ville kunne st\u00e5 og b\u00f8rnene elsker den. M\u00e5l: 101&#215;114 cm. Skal ikke bruge helium.<\/p>\n","protected":false},"excerpt":{"rendered":"<p>Pynt dit hjem op til jul med denne seje folie ballon formet som en julemand. Giv ogs\u00e5 dine g\u00e6ster lidt ekstra overraskelse med julemanden st\u00e5ende til julefrokosten eller arbejdspladsen. Fyld julemanden med luft og den ville kunne st\u00e5 og b\u00f8rnene [&hellip;]<\/p>\n","protected":false},"featured_media":38344,"template":"","meta":{"_acf_changed":false},"product_brand":[],"product_cat":[30],"product_tag":[],"class_list":{"0":"post-38343","1":"product","2":"type-product","3":"status-publish","4":"has-post-thumbnail","6":"product_cat-balloner","8":"first","9":"instock","10":"taxable","11":"shipping-taxable","12":"purchasable","13":"product-type-simple"},"bundled_by":[],"bundle_stock_status":"instock","bundle_stock_quantity":6,"bundle_virtual":false,"bundle_layout":"","bundle_add_to_cart_form_location":"","bundle_editable_in_cart":false,"bundle_sold_individually_context":"","bundle_item_grouping":"","bundle_min_size":"","bundle_max_size":"","bundle_price":[],"bundled_items":[],"bundle_sell_ids":[],"acf":[],"tiered_pricing_type":"fixed","tiered_pricing_fixed_rules":[],"tiered_pricing_product_settings":{"layout":"default","base_unit_name":{"singular":null,"plural":null},"default_variation":null},"tiered_pricing_minimum_quantity":null,"tiered_pricing_roles_data":[],"tiered_pricing_percentage_rules":[],"tiered_pricing_maximum_quantity":null,"tiered_pricing_quantity_step":null,"_links":{"self":[{"href":"https:\/\/partyinabox.dk\/party\/wp-json\/wp\/v2\/product\/38343","targetHints":{"allow":["GET"]}}],"collection":[{"href":"https:\/\/partyinabox.dk\/party\/wp-json\/wp\/v2\/product"}],"about":[{"href":"https:\/\/partyinabox.dk\/party\/wp-json\/wp\/v2\/types\/product"}],"wp:featuredmedia":[{"embeddable":true,"href":"https:\/\/partyinabox.dk\/party\/wp-json\/wp\/v2\/media\/38344"}],"wp:attachment":[{"href":"https:\/\/partyinabox.dk\/party\/wp-json\/wp\/v2\/media?parent=38343"}],"wp:term":[{"taxonomy":"product_brand","embeddable":true,"href":"https:\/\/partyinabox.dk\/party\/wp-json\/wp\/v2\/product_brand?post=38343"},{"taxonomy":"product_cat","embeddable":true,"href":"https:\/\/partyinabox.dk\/party\/wp-json\/wp\/v2\/product_cat?post=38343"},{"taxonomy":"product_tag","embeddable":true,"href":"https:\/\/partyinabox.dk\/party\/wp-json\/wp\/v2\/product_tag?post=38343"}],"curies":[{"name":"wp","href":"https:\/\/api.w.org\/{rel}","templated":true}]}}