{"id":38341,"date":"2023-11-17T00:00:00","date_gmt":"2023-11-16T23:00:00","guid":{"rendered":"https:\/\/partyinabox.dk\/party\/?post_type=product&#038;p=38341"},"modified":"2026-04-21T21:06:11","modified_gmt":"2026-04-21T19:06:11","slug":"smaa-hvide-snefnug-m-glimmer","status":"publish","type":"product","link":"https:\/\/partyinabox.dk\/party\/vare\/smaa-hvide-snefnug-m-glimmer\/","title":{"rendered":"Hvide snefnug m\/glimmer"},"content":{"rendered":"<p>De super flotte snefnug med glimmer er perfekt til at l\u00e6gge p\u00e5 bordet til julefrokost. juleaften eller Frozen tema. Kan ogs\u00e5 nemt bruges til at h\u00e6nge op eller pynte p\u00e5 juletr\u00e6et. De sm\u00e5 snefnug er i plastisk og du f\u00e5r 4 stk. i pakken. M\u00e5l: 10,1 cm.<\/p>\n","protected":false},"excerpt":{"rendered":"<p>De super flotte snefnug med glimmer er perfekt til at l\u00e6gge p\u00e5 bordet til julefrokost. juleaften eller Frozen tema. Kan ogs\u00e5 nemt bruges til at h\u00e6nge op eller pynte p\u00e5 juletr\u00e6et. De sm\u00e5 snefnug er i plastisk og du f\u00e5r [&hellip;]<\/p>\n","protected":false},"featured_media":38342,"template":"","meta":{"_acf_changed":false},"product_brand":[],"product_cat":[19],"product_tag":[],"class_list":{"0":"post-38341","1":"product","2":"type-product","3":"status-publish","4":"has-post-thumbnail","6":"product_cat-pynt","8":"first","9":"instock","10":"taxable","11":"shipping-taxable","12":"purchasable","13":"product-type-simple"},"bundled_by":[],"bundle_stock_status":"instock","bundle_stock_quantity":27,"bundle_virtual":false,"bundle_layout":"","bundle_add_to_cart_form_location":"","bundle_editable_in_cart":false,"bundle_sold_individually_context":"","bundle_item_grouping":"","bundle_min_size":"","bundle_max_size":"","bundle_price":[],"bundled_items":[],"bundle_sell_ids":[],"acf":[],"tiered_pricing_type":"fixed","tiered_pricing_fixed_rules":[],"tiered_pricing_product_settings":{"layout":"default","base_unit_name":{"singular":null,"plural":null},"default_variation":null},"tiered_pricing_minimum_quantity":null,"tiered_pricing_roles_data":[],"tiered_pricing_percentage_rules":[],"tiered_pricing_maximum_quantity":null,"tiered_pricing_quantity_step":null,"_links":{"self":[{"href":"https:\/\/partyinabox.dk\/party\/wp-json\/wp\/v2\/product\/38341","targetHints":{"allow":["GET"]}}],"collection":[{"href":"https:\/\/partyinabox.dk\/party\/wp-json\/wp\/v2\/product"}],"about":[{"href":"https:\/\/partyinabox.dk\/party\/wp-json\/wp\/v2\/types\/product"}],"wp:featuredmedia":[{"embeddable":true,"href":"https:\/\/partyinabox.dk\/party\/wp-json\/wp\/v2\/media\/38342"}],"wp:attachment":[{"href":"https:\/\/partyinabox.dk\/party\/wp-json\/wp\/v2\/media?parent=38341"}],"wp:term":[{"taxonomy":"product_brand","embeddable":true,"href":"https:\/\/partyinabox.dk\/party\/wp-json\/wp\/v2\/product_brand?post=38341"},{"taxonomy":"product_cat","embeddable":true,"href":"https:\/\/partyinabox.dk\/party\/wp-json\/wp\/v2\/product_cat?post=38341"},{"taxonomy":"product_tag","embeddable":true,"href":"https:\/\/partyinabox.dk\/party\/wp-json\/wp\/v2\/product_tag?post=38341"}],"curies":[{"name":"wp","href":"https:\/\/api.w.org\/{rel}","templated":true}]}}