{"id":38200,"date":"2022-09-16T00:00:00","date_gmt":"2022-09-15T22:00:00","guid":{"rendered":"https:\/\/partyinabox.dk\/party\/?post_type=product&#038;p=38200"},"modified":"2026-04-13T20:31:25","modified_gmt":"2026-04-13T18:31:25","slug":"vampyr-hugtaender","status":"publish","type":"product","link":"https:\/\/partyinabox.dk\/party\/vare\/vampyr-hugtaender\/","title":{"rendered":"Vampyr t\u00e6nder"},"content":{"rendered":"<p>Mangler du lige det sidste for at g\u00f8re din udkl\u00e6dning til din Halloween fest ekstra uhyggeligt eller en uhyggelig serviet holder, s\u00e5 det de her t\u00e6nder, du skal have fat i. De er spidse lige som en vampyr. De vil nemt kunne skr\u00e6mme dine g\u00e6ster. Indhold: 1 stk.<\/p>\n","protected":false},"excerpt":{"rendered":"<p>Mangler du lige det sidste for at g\u00f8re din udkl\u00e6dning til din Halloween fest ekstra uhyggeligt eller en uhyggelig serviet holder, s\u00e5 det de her t\u00e6nder, du skal have fat i. De er spidse lige som en vampyr. De vil [&hellip;]<\/p>\n","protected":false},"featured_media":38201,"template":"","meta":{"_acf_changed":false},"product_brand":[],"product_cat":[34],"product_tag":[],"class_list":{"0":"post-38200","1":"product","2":"type-product","3":"status-publish","4":"has-post-thumbnail","6":"product_cat-accessories","8":"first","9":"instock","10":"taxable","11":"shipping-taxable","12":"purchasable","13":"product-type-simple"},"bundled_by":[],"bundle_stock_status":"instock","bundle_stock_quantity":100,"bundle_virtual":false,"bundle_layout":"","bundle_add_to_cart_form_location":"","bundle_editable_in_cart":false,"bundle_sold_individually_context":"","bundle_item_grouping":"","bundle_min_size":"","bundle_max_size":"","bundle_price":[],"bundled_items":[],"bundle_sell_ids":[],"acf":[],"tiered_pricing_type":"fixed","tiered_pricing_fixed_rules":[],"tiered_pricing_product_settings":{"layout":"default","base_unit_name":{"singular":null,"plural":null},"default_variation":null},"tiered_pricing_minimum_quantity":null,"tiered_pricing_roles_data":[],"tiered_pricing_percentage_rules":[],"tiered_pricing_maximum_quantity":null,"tiered_pricing_quantity_step":null,"_links":{"self":[{"href":"https:\/\/partyinabox.dk\/party\/wp-json\/wp\/v2\/product\/38200","targetHints":{"allow":["GET"]}}],"collection":[{"href":"https:\/\/partyinabox.dk\/party\/wp-json\/wp\/v2\/product"}],"about":[{"href":"https:\/\/partyinabox.dk\/party\/wp-json\/wp\/v2\/types\/product"}],"wp:featuredmedia":[{"embeddable":true,"href":"https:\/\/partyinabox.dk\/party\/wp-json\/wp\/v2\/media\/38201"}],"wp:attachment":[{"href":"https:\/\/partyinabox.dk\/party\/wp-json\/wp\/v2\/media?parent=38200"}],"wp:term":[{"taxonomy":"product_brand","embeddable":true,"href":"https:\/\/partyinabox.dk\/party\/wp-json\/wp\/v2\/product_brand?post=38200"},{"taxonomy":"product_cat","embeddable":true,"href":"https:\/\/partyinabox.dk\/party\/wp-json\/wp\/v2\/product_cat?post=38200"},{"taxonomy":"product_tag","embeddable":true,"href":"https:\/\/partyinabox.dk\/party\/wp-json\/wp\/v2\/product_tag?post=38200"}],"curies":[{"name":"wp","href":"https:\/\/api.w.org\/{rel}","templated":true}]}}