{"id":38036,"date":"2022-07-20T15:52:10","date_gmt":"2022-07-20T13:52:10","guid":{"rendered":"https:\/\/partyinabox.dk\/party\/?post_type=product&#038;p=38036"},"modified":"2026-03-17T11:00:43","modified_gmt":"2026-03-17T10:00:43","slug":"flagermus-vinduesdekoration","status":"publish","type":"product","link":"https:\/\/partyinabox.dk\/party\/vare\/flagermus-vinduesdekoration\/","title":{"rendered":"Flagermus vinduesdekoration"},"content":{"rendered":"<p>Med disse 22 flagermus til at s\u00e6tte p\u00e5 vinduet er det nemt at pynte uhyggeligt op til halloween &#8211; \u00e5r efter \u00e5r! De kan nemlig gemmes og bruges igen.<\/p>\n<p>Indhold: 2 ark med 11 flagermus p\u00e5 hver ark. \/ M\u00e5l: 2 stk 20 cm \/ 2 stk 11 cm \/ 5 stk 7,5 cm \/ 2 stk 4,2 cm<\/p>\n","protected":false},"excerpt":{"rendered":"<p>Med disse 22 flagermus til at s\u00e6tte p\u00e5 vinduet er det nemt at pynte uhyggeligt op til halloween &#8211; \u00e5r efter \u00e5r! De kan nemlig gemmes og bruges igen. Indhold: 2 ark med 11 flagermus p\u00e5 hver ark. \/ M\u00e5l: [&hellip;]<\/p>\n","protected":false},"featured_media":38037,"template":"","meta":{"_acf_changed":false},"product_brand":[],"product_cat":[19],"product_tag":[],"class_list":{"0":"post-38036","1":"product","2":"type-product","3":"status-publish","4":"has-post-thumbnail","6":"product_cat-pynt","8":"first","9":"instock","10":"taxable","11":"shipping-taxable","12":"purchasable","13":"product-type-simple"},"bundled_by":[],"bundle_stock_status":"instock","bundle_stock_quantity":178,"bundle_virtual":false,"bundle_layout":"","bundle_add_to_cart_form_location":"","bundle_editable_in_cart":false,"bundle_sold_individually_context":"","bundle_item_grouping":"","bundle_min_size":"","bundle_max_size":"","bundle_price":[],"bundled_items":[],"bundle_sell_ids":[],"acf":[],"tiered_pricing_type":"fixed","tiered_pricing_fixed_rules":[],"tiered_pricing_product_settings":{"layout":"default","base_unit_name":{"singular":null,"plural":null},"default_variation":null},"tiered_pricing_minimum_quantity":null,"tiered_pricing_roles_data":[],"tiered_pricing_percentage_rules":[],"tiered_pricing_maximum_quantity":null,"tiered_pricing_quantity_step":null,"_links":{"self":[{"href":"https:\/\/partyinabox.dk\/party\/wp-json\/wp\/v2\/product\/38036","targetHints":{"allow":["GET"]}}],"collection":[{"href":"https:\/\/partyinabox.dk\/party\/wp-json\/wp\/v2\/product"}],"about":[{"href":"https:\/\/partyinabox.dk\/party\/wp-json\/wp\/v2\/types\/product"}],"wp:featuredmedia":[{"embeddable":true,"href":"https:\/\/partyinabox.dk\/party\/wp-json\/wp\/v2\/media\/38037"}],"wp:attachment":[{"href":"https:\/\/partyinabox.dk\/party\/wp-json\/wp\/v2\/media?parent=38036"}],"wp:term":[{"taxonomy":"product_brand","embeddable":true,"href":"https:\/\/partyinabox.dk\/party\/wp-json\/wp\/v2\/product_brand?post=38036"},{"taxonomy":"product_cat","embeddable":true,"href":"https:\/\/partyinabox.dk\/party\/wp-json\/wp\/v2\/product_cat?post=38036"},{"taxonomy":"product_tag","embeddable":true,"href":"https:\/\/partyinabox.dk\/party\/wp-json\/wp\/v2\/product_tag?post=38036"}],"curies":[{"name":"wp","href":"https:\/\/api.w.org\/{rel}","templated":true}]}}