{"id":37759,"date":"2022-10-26T00:00:00","date_gmt":"2022-10-25T22:00:00","guid":{"rendered":"https:\/\/partyinabox.dk\/party\/?post_type=product&#038;p=37759"},"modified":"2026-04-22T20:29:47","modified_gmt":"2026-04-22T18:29:47","slug":"mint-guld-hvid-hello-baby-konfetti","status":"publish","type":"product","link":"https:\/\/partyinabox.dk\/party\/vare\/mint-guld-hvid-hello-baby-konfetti\/","title":{"rendered":"Mint\/guld\/hvid &#8220;Hello Baby&#8221; konfetti"},"content":{"rendered":"<p>Det flotte mint, hvid og guld konfetti, vil passe perfekt til dig, der arrangerer et Baby Shower, et navneafsl\u00f8ring eller en barned\u00e5b. Der er b\u00e5de rund konfetti i guld, mint, hvid og konfetti formet som en bodystocking. Konfettien spredes p\u00e5 Ta&#8217; selv bordet, gavebordet eller bordet, hvor der spises. Indhold: 14 g konfetti.<\/p>\n","protected":false},"excerpt":{"rendered":"<p>Det flotte mint, hvid og guld konfetti, vil passe perfekt til dig, der arrangerer et Baby Shower, et navneafsl\u00f8ring eller en barned\u00e5b. Der er b\u00e5de rund konfetti i guld, mint, hvid og konfetti formet som en bodystocking. Konfettien spredes p\u00e5 [&hellip;]<\/p>\n","protected":false},"featured_media":37762,"template":"","meta":{"_acf_changed":false},"product_brand":[],"product_cat":[32],"product_tag":[],"class_list":{"0":"post-37759","1":"product","2":"type-product","3":"status-publish","4":"has-post-thumbnail","6":"product_cat-service","8":"first","9":"instock","10":"taxable","11":"shipping-taxable","12":"purchasable","13":"product-type-simple"},"bundled_by":[],"bundle_stock_status":"instock","bundle_stock_quantity":12,"bundle_virtual":false,"bundle_layout":"","bundle_add_to_cart_form_location":"","bundle_editable_in_cart":false,"bundle_sold_individually_context":"","bundle_item_grouping":"","bundle_min_size":"","bundle_max_size":"","bundle_price":[],"bundled_items":[],"bundle_sell_ids":[],"acf":[],"tiered_pricing_type":"fixed","tiered_pricing_fixed_rules":[],"tiered_pricing_product_settings":{"layout":"default","base_unit_name":{"singular":null,"plural":null},"default_variation":null},"tiered_pricing_minimum_quantity":null,"tiered_pricing_roles_data":[],"tiered_pricing_percentage_rules":[],"tiered_pricing_maximum_quantity":null,"tiered_pricing_quantity_step":null,"_links":{"self":[{"href":"https:\/\/partyinabox.dk\/party\/wp-json\/wp\/v2\/product\/37759","targetHints":{"allow":["GET"]}}],"collection":[{"href":"https:\/\/partyinabox.dk\/party\/wp-json\/wp\/v2\/product"}],"about":[{"href":"https:\/\/partyinabox.dk\/party\/wp-json\/wp\/v2\/types\/product"}],"wp:featuredmedia":[{"embeddable":true,"href":"https:\/\/partyinabox.dk\/party\/wp-json\/wp\/v2\/media\/37762"}],"wp:attachment":[{"href":"https:\/\/partyinabox.dk\/party\/wp-json\/wp\/v2\/media?parent=37759"}],"wp:term":[{"taxonomy":"product_brand","embeddable":true,"href":"https:\/\/partyinabox.dk\/party\/wp-json\/wp\/v2\/product_brand?post=37759"},{"taxonomy":"product_cat","embeddable":true,"href":"https:\/\/partyinabox.dk\/party\/wp-json\/wp\/v2\/product_cat?post=37759"},{"taxonomy":"product_tag","embeddable":true,"href":"https:\/\/partyinabox.dk\/party\/wp-json\/wp\/v2\/product_tag?post=37759"}],"curies":[{"name":"wp","href":"https:\/\/api.w.org\/{rel}","templated":true}]}}