{"id":37520,"date":"2022-11-24T00:00:00","date_gmt":"2022-11-23T23:00:00","guid":{"rendered":"https:\/\/partyinabox.dk\/party\/?post_type=product&#038;p=37520"},"modified":"2026-04-08T18:45:25","modified_gmt":"2026-04-08T16:45:25","slug":"konfettiroer-med-guld-og-hvid-konfetti","status":"publish","type":"product","link":"https:\/\/partyinabox.dk\/party\/vare\/konfettiroer-med-guld-og-hvid-konfetti\/","title":{"rendered":"Konfettir\u00f8r med guld og hvid konfetti"},"content":{"rendered":"<p>Skyd festen eller nyt\u00e5r igang med disse fine og festlige sm\u00e5 konfettir\u00f8r, der skyder runde guld og hvid papirkonfetti ud, n\u00e5r du drejer bunden. Konfettir\u00f8ret afskyder ved hj\u00e6lp af fjedereffekt, og er derfor ikke med krudt &#8211; godt til b\u00f8rn.<\/p>\n<p>Indhold: 3 stk. \/ M\u00e5l: 10,5 cm<\/p>\n","protected":false},"excerpt":{"rendered":"<p>Skyd festen eller nyt\u00e5r igang med disse fine og festlige sm\u00e5 konfettir\u00f8r, der skyder runde guld og hvid papirkonfetti ud, n\u00e5r du drejer bunden. Konfettir\u00f8ret afskyder ved hj\u00e6lp af fjedereffekt, og er derfor ikke med krudt &#8211; godt til b\u00f8rn. [&hellip;]<\/p>\n","protected":false},"featured_media":37524,"template":"","meta":{"_acf_changed":false},"product_brand":[],"product_cat":[34],"product_tag":[],"class_list":{"0":"post-37520","1":"product","2":"type-product","3":"status-publish","4":"has-post-thumbnail","6":"product_cat-accessories","8":"first","9":"instock","10":"taxable","11":"shipping-taxable","12":"purchasable","13":"product-type-simple"},"bundled_by":[],"bundle_stock_status":"instock","bundle_stock_quantity":18,"bundle_virtual":false,"bundle_layout":"","bundle_add_to_cart_form_location":"","bundle_editable_in_cart":false,"bundle_sold_individually_context":"","bundle_item_grouping":"","bundle_min_size":"","bundle_max_size":"","bundle_price":[],"bundled_items":[],"bundle_sell_ids":[],"acf":[],"tiered_pricing_type":"fixed","tiered_pricing_fixed_rules":[],"tiered_pricing_product_settings":{"layout":"default","base_unit_name":{"singular":null,"plural":null},"default_variation":null},"tiered_pricing_minimum_quantity":null,"tiered_pricing_roles_data":[],"tiered_pricing_percentage_rules":[],"tiered_pricing_maximum_quantity":null,"tiered_pricing_quantity_step":null,"_links":{"self":[{"href":"https:\/\/partyinabox.dk\/party\/wp-json\/wp\/v2\/product\/37520","targetHints":{"allow":["GET"]}}],"collection":[{"href":"https:\/\/partyinabox.dk\/party\/wp-json\/wp\/v2\/product"}],"about":[{"href":"https:\/\/partyinabox.dk\/party\/wp-json\/wp\/v2\/types\/product"}],"wp:featuredmedia":[{"embeddable":true,"href":"https:\/\/partyinabox.dk\/party\/wp-json\/wp\/v2\/media\/37524"}],"wp:attachment":[{"href":"https:\/\/partyinabox.dk\/party\/wp-json\/wp\/v2\/media?parent=37520"}],"wp:term":[{"taxonomy":"product_brand","embeddable":true,"href":"https:\/\/partyinabox.dk\/party\/wp-json\/wp\/v2\/product_brand?post=37520"},{"taxonomy":"product_cat","embeddable":true,"href":"https:\/\/partyinabox.dk\/party\/wp-json\/wp\/v2\/product_cat?post=37520"},{"taxonomy":"product_tag","embeddable":true,"href":"https:\/\/partyinabox.dk\/party\/wp-json\/wp\/v2\/product_tag?post=37520"}],"curies":[{"name":"wp","href":"https:\/\/api.w.org\/{rel}","templated":true}]}}