{"id":37031,"date":"2022-07-19T00:00:00","date_gmt":"2022-07-18T22:00:00","guid":{"rendered":"https:\/\/partyinabox.dk\/party\/?post_type=product&#038;p=37031"},"modified":"2026-03-16T11:00:44","modified_gmt":"2026-03-16T10:00:44","slug":"rosegold-stjerne-ballon-vaegt","status":"publish","type":"product","link":"https:\/\/partyinabox.dk\/party\/vare\/rosegold-stjerne-ballon-vaegt\/","title":{"rendered":"Rosegold stjerne ballon v\u00e6gt"},"content":{"rendered":"<p>Brug denne fine rosegold stjerne ballon v\u00e6gt til at holde dine helium balloner. Ballon v\u00e6gten er perfekt til at dekorere et rum til en f\u00f8dselsdag, fest, barned\u00e5b, konfirmation m.m. Vejer 140 gram.<\/p>\n","protected":false},"excerpt":{"rendered":"<p>Brug denne fine rosegold stjerne ballon v\u00e6gt til at holde dine helium balloner. Ballon v\u00e6gten er perfekt til at dekorere et rum til en f\u00f8dselsdag, fest, barned\u00e5b, konfirmation m.m. Vejer 140 gram.<\/p>\n","protected":false},"featured_media":37032,"template":"","meta":{"_acf_changed":false},"product_brand":[],"product_cat":[30,15],"product_tag":[],"class_list":{"0":"post-37031","1":"product","2":"type-product","3":"status-publish","4":"has-post-thumbnail","6":"product_cat-balloner","7":"product_cat-ukategoriseret","9":"first","10":"instock","11":"taxable","12":"shipping-taxable","13":"purchasable","14":"product-type-simple"},"bundled_by":[],"bundle_stock_status":"instock","bundle_stock_quantity":23,"bundle_virtual":false,"bundle_layout":"","bundle_add_to_cart_form_location":"","bundle_editable_in_cart":false,"bundle_sold_individually_context":"","bundle_item_grouping":"","bundle_min_size":"","bundle_max_size":"","bundle_price":[],"bundled_items":[],"bundle_sell_ids":[],"acf":[],"tiered_pricing_type":"fixed","tiered_pricing_fixed_rules":[],"tiered_pricing_product_settings":{"layout":"default","base_unit_name":{"singular":null,"plural":null},"default_variation":null},"tiered_pricing_minimum_quantity":null,"tiered_pricing_roles_data":[],"tiered_pricing_percentage_rules":[],"tiered_pricing_maximum_quantity":null,"tiered_pricing_quantity_step":null,"_links":{"self":[{"href":"https:\/\/partyinabox.dk\/party\/wp-json\/wp\/v2\/product\/37031","targetHints":{"allow":["GET"]}}],"collection":[{"href":"https:\/\/partyinabox.dk\/party\/wp-json\/wp\/v2\/product"}],"about":[{"href":"https:\/\/partyinabox.dk\/party\/wp-json\/wp\/v2\/types\/product"}],"wp:featuredmedia":[{"embeddable":true,"href":"https:\/\/partyinabox.dk\/party\/wp-json\/wp\/v2\/media\/37032"}],"wp:attachment":[{"href":"https:\/\/partyinabox.dk\/party\/wp-json\/wp\/v2\/media?parent=37031"}],"wp:term":[{"taxonomy":"product_brand","embeddable":true,"href":"https:\/\/partyinabox.dk\/party\/wp-json\/wp\/v2\/product_brand?post=37031"},{"taxonomy":"product_cat","embeddable":true,"href":"https:\/\/partyinabox.dk\/party\/wp-json\/wp\/v2\/product_cat?post=37031"},{"taxonomy":"product_tag","embeddable":true,"href":"https:\/\/partyinabox.dk\/party\/wp-json\/wp\/v2\/product_tag?post=37031"}],"curies":[{"name":"wp","href":"https:\/\/api.w.org\/{rel}","templated":true}]}}