{"id":36270,"date":"2022-06-22T00:00:00","date_gmt":"2022-06-21T22:00:00","guid":{"rendered":"https:\/\/partyinabox.dk\/party\/?post_type=product&#038;p=36270"},"modified":"2026-04-23T19:57:41","modified_gmt":"2026-04-23T17:57:41","slug":"lyseblaa-hvid-papkop-m-guld-kant","status":"publish","type":"product","link":"https:\/\/partyinabox.dk\/party\/vare\/lyseblaa-hvid-papkop-m-guld-kant\/","title":{"rendered":"Lysebl\u00e5\/hvid papkop m\/guld kant"},"content":{"rendered":"<p>De rigtige fine lysebl\u00e5 og hvid papkopper med guld kant p\u00e5 midten er helt perfekt til barned\u00e5b, baby shower eller 1 \u00e5rs f\u00f8dselsdag. Vil ogs\u00e5 nemt kunne bruges til rund f\u00f8dselsdag og konfirmation. Dekorationen er blot en wrapper, du selv kan s\u00e6tte rundt om koppen. Kopperne er lavet af genanvendt materiale. Du f\u00e5r 8 kopper og 8 wrapper i pakken. M\u00e5l: 250 ml.<\/p>\n","protected":false},"excerpt":{"rendered":"<p>De rigtige fine lysebl\u00e5 og hvid papkopper med guld kant p\u00e5 midten er helt perfekt til barned\u00e5b, baby shower eller 1 \u00e5rs f\u00f8dselsdag. Vil ogs\u00e5 nemt kunne bruges til rund f\u00f8dselsdag og konfirmation. Dekorationen er blot en wrapper, du selv [&hellip;]<\/p>\n","protected":false},"featured_media":36271,"template":"","meta":{"_acf_changed":false},"product_brand":[],"product_cat":[32],"product_tag":[],"class_list":{"0":"post-36270","1":"product","2":"type-product","3":"status-publish","4":"has-post-thumbnail","6":"product_cat-service","8":"first","9":"instock","10":"taxable","11":"shipping-taxable","12":"purchasable","13":"product-type-simple"},"bundled_by":[],"bundle_stock_status":"instock","bundle_stock_quantity":6,"bundle_virtual":false,"bundle_layout":"","bundle_add_to_cart_form_location":"","bundle_editable_in_cart":false,"bundle_sold_individually_context":"","bundle_item_grouping":"","bundle_min_size":"","bundle_max_size":"","bundle_price":[],"bundled_items":[],"bundle_sell_ids":[],"acf":[],"tiered_pricing_type":"fixed","tiered_pricing_fixed_rules":[],"tiered_pricing_product_settings":{"layout":"default","base_unit_name":{"singular":null,"plural":null},"default_variation":null},"tiered_pricing_minimum_quantity":null,"tiered_pricing_roles_data":[],"tiered_pricing_percentage_rules":[],"tiered_pricing_maximum_quantity":null,"tiered_pricing_quantity_step":null,"_links":{"self":[{"href":"https:\/\/partyinabox.dk\/party\/wp-json\/wp\/v2\/product\/36270","targetHints":{"allow":["GET"]}}],"collection":[{"href":"https:\/\/partyinabox.dk\/party\/wp-json\/wp\/v2\/product"}],"about":[{"href":"https:\/\/partyinabox.dk\/party\/wp-json\/wp\/v2\/types\/product"}],"wp:featuredmedia":[{"embeddable":true,"href":"https:\/\/partyinabox.dk\/party\/wp-json\/wp\/v2\/media\/36271"}],"wp:attachment":[{"href":"https:\/\/partyinabox.dk\/party\/wp-json\/wp\/v2\/media?parent=36270"}],"wp:term":[{"taxonomy":"product_brand","embeddable":true,"href":"https:\/\/partyinabox.dk\/party\/wp-json\/wp\/v2\/product_brand?post=36270"},{"taxonomy":"product_cat","embeddable":true,"href":"https:\/\/partyinabox.dk\/party\/wp-json\/wp\/v2\/product_cat?post=36270"},{"taxonomy":"product_tag","embeddable":true,"href":"https:\/\/partyinabox.dk\/party\/wp-json\/wp\/v2\/product_tag?post=36270"}],"curies":[{"name":"wp","href":"https:\/\/api.w.org\/{rel}","templated":true}]}}