{"id":35870,"date":"2022-05-20T00:00:00","date_gmt":"2022-05-19T22:00:00","guid":{"rendered":"https:\/\/partyinabox.dk\/party\/?post_type=product&#038;p=35870"},"modified":"2026-03-26T15:10:00","modified_gmt":"2026-03-26T14:10:00","slug":"soelv-mini-stjerne-folie-ballon","status":"publish","type":"product","link":"https:\/\/partyinabox.dk\/party\/vare\/soelv-mini-stjerne-folie-ballon\/","title":{"rendered":"S\u00f8lv MINI stjerne folie ballon"},"content":{"rendered":"<p>Mini s\u00f8lv stjerne folie balloner er perfekt som pynt til barned\u00e5b, jul eller nyt\u00e5r. Brug stjernerne som dekoration p\u00e5 bordet, i en guirlande eller ballon bue til at fylde &#8220;huller&#8221; ud.<\/p>\n<p><strong>HUSK<\/strong> ballon lim dutter hvis du skal bruge dem til en guirlanden.<\/p>\n<p><strong>OBS:<\/strong> Skal IKKE bruge helium.<\/p>\n<p>Indhold: 25 stk. \/ M\u00e5l: 10 cm<\/p>\n","protected":false},"excerpt":{"rendered":"<p>Mini s\u00f8lv stjerne folie balloner er perfekt som pynt til barned\u00e5b, jul eller nyt\u00e5r. Brug stjernerne som dekoration p\u00e5 bordet, i en guirlande eller ballon bue til at fylde &#8220;huller&#8221; ud. HUSK ballon lim dutter hvis du skal bruge dem [&hellip;]<\/p>\n","protected":false},"featured_media":35872,"template":"","meta":{"_acf_changed":false},"product_brand":[],"product_cat":[30],"product_tag":[],"class_list":{"0":"post-35870","1":"product","2":"type-product","3":"status-publish","4":"has-post-thumbnail","6":"product_cat-balloner","8":"first","9":"instock","10":"taxable","11":"shipping-taxable","12":"purchasable","13":"product-type-simple"},"bundled_by":[],"bundle_stock_status":"instock","bundle_stock_quantity":145,"bundle_virtual":false,"bundle_layout":"","bundle_add_to_cart_form_location":"","bundle_editable_in_cart":false,"bundle_sold_individually_context":"","bundle_item_grouping":"","bundle_min_size":"","bundle_max_size":"","bundle_price":[],"bundled_items":[],"bundle_sell_ids":[],"acf":[],"tiered_pricing_type":"fixed","tiered_pricing_fixed_rules":[],"tiered_pricing_product_settings":{"layout":"default","base_unit_name":{"singular":null,"plural":null},"default_variation":null},"tiered_pricing_minimum_quantity":null,"tiered_pricing_roles_data":[],"tiered_pricing_percentage_rules":[],"tiered_pricing_maximum_quantity":null,"tiered_pricing_quantity_step":null,"_links":{"self":[{"href":"https:\/\/partyinabox.dk\/party\/wp-json\/wp\/v2\/product\/35870","targetHints":{"allow":["GET"]}}],"collection":[{"href":"https:\/\/partyinabox.dk\/party\/wp-json\/wp\/v2\/product"}],"about":[{"href":"https:\/\/partyinabox.dk\/party\/wp-json\/wp\/v2\/types\/product"}],"wp:featuredmedia":[{"embeddable":true,"href":"https:\/\/partyinabox.dk\/party\/wp-json\/wp\/v2\/media\/35872"}],"wp:attachment":[{"href":"https:\/\/partyinabox.dk\/party\/wp-json\/wp\/v2\/media?parent=35870"}],"wp:term":[{"taxonomy":"product_brand","embeddable":true,"href":"https:\/\/partyinabox.dk\/party\/wp-json\/wp\/v2\/product_brand?post=35870"},{"taxonomy":"product_cat","embeddable":true,"href":"https:\/\/partyinabox.dk\/party\/wp-json\/wp\/v2\/product_cat?post=35870"},{"taxonomy":"product_tag","embeddable":true,"href":"https:\/\/partyinabox.dk\/party\/wp-json\/wp\/v2\/product_tag?post=35870"}],"curies":[{"name":"wp","href":"https:\/\/api.w.org\/{rel}","templated":true}]}}