{"id":35600,"date":"2023-08-16T00:00:00","date_gmt":"2023-08-15T22:00:00","guid":{"rendered":"https:\/\/partyinabox.dk\/party\/?post_type=product&#038;p=35600"},"modified":"2026-04-01T16:55:14","modified_gmt":"2026-04-01T14:55:14","slug":"staaende-9-tal-lyseblaa-folie-ballon-m-guld-krone","status":"publish","type":"product","link":"https:\/\/partyinabox.dk\/party\/vare\/staaende-9-tal-lyseblaa-folie-ballon-m-guld-krone\/","title":{"rendered":"St\u00e5ende 9 tal lysebl\u00e5 folie ballon m\/ guld krone"},"content":{"rendered":"<p>Flot 9 tal folie ballon i lysebl\u00e5 med en guldkrone p\u00e5 &#8211; perfekt som pynt til en 9 \u00e5rs f\u00f8dselsdagsfest. Ballonen kan st\u00e5 selv, s\u00e5 fyld ballonen med alm. luft og f\u00e5 en stor flot dekoration til din fest. Folie ballonen skal ikke fyldes med helium. Indhold: 1 stk. lysebl\u00e5 folie ballon m\/ guld krone p\u00e5. m\u00e5l: 84cm.<\/p>\n","protected":false},"excerpt":{"rendered":"<p>Flot 9 tal folie ballon i lysebl\u00e5 med en guldkrone p\u00e5 &#8211; perfekt som pynt til en 9 \u00e5rs f\u00f8dselsdagsfest. Ballonen kan st\u00e5 selv, s\u00e5 fyld ballonen med alm. luft og f\u00e5 en stor flot dekoration til din fest. Folie [&hellip;]<\/p>\n","protected":false},"featured_media":35604,"template":"","meta":{"_acf_changed":false},"product_brand":[],"product_cat":[61],"product_tag":[],"class_list":{"0":"post-35600","1":"product","2":"type-product","3":"status-publish","4":"has-post-thumbnail","6":"product_cat-folie-tal","8":"first","9":"instock","10":"sale","11":"taxable","12":"shipping-taxable","13":"purchasable","14":"product-type-simple"},"bundled_by":[],"bundle_stock_status":"instock","bundle_stock_quantity":57,"bundle_virtual":false,"bundle_layout":"","bundle_add_to_cart_form_location":"","bundle_editable_in_cart":false,"bundle_sold_individually_context":"","bundle_item_grouping":"","bundle_min_size":"","bundle_max_size":"","bundle_price":[],"bundled_items":[],"bundle_sell_ids":[],"acf":[],"tiered_pricing_type":"fixed","tiered_pricing_fixed_rules":[],"tiered_pricing_product_settings":{"layout":"default","base_unit_name":{"singular":null,"plural":null},"default_variation":null},"tiered_pricing_minimum_quantity":null,"tiered_pricing_roles_data":[],"tiered_pricing_percentage_rules":[],"tiered_pricing_maximum_quantity":null,"tiered_pricing_quantity_step":null,"_links":{"self":[{"href":"https:\/\/partyinabox.dk\/party\/wp-json\/wp\/v2\/product\/35600","targetHints":{"allow":["GET"]}}],"collection":[{"href":"https:\/\/partyinabox.dk\/party\/wp-json\/wp\/v2\/product"}],"about":[{"href":"https:\/\/partyinabox.dk\/party\/wp-json\/wp\/v2\/types\/product"}],"wp:featuredmedia":[{"embeddable":true,"href":"https:\/\/partyinabox.dk\/party\/wp-json\/wp\/v2\/media\/35604"}],"wp:attachment":[{"href":"https:\/\/partyinabox.dk\/party\/wp-json\/wp\/v2\/media?parent=35600"}],"wp:term":[{"taxonomy":"product_brand","embeddable":true,"href":"https:\/\/partyinabox.dk\/party\/wp-json\/wp\/v2\/product_brand?post=35600"},{"taxonomy":"product_cat","embeddable":true,"href":"https:\/\/partyinabox.dk\/party\/wp-json\/wp\/v2\/product_cat?post=35600"},{"taxonomy":"product_tag","embeddable":true,"href":"https:\/\/partyinabox.dk\/party\/wp-json\/wp\/v2\/product_tag?post=35600"}],"curies":[{"name":"wp","href":"https:\/\/api.w.org\/{rel}","templated":true}]}}