{"id":3557,"date":"2019-10-15T09:11:59","date_gmt":"2019-10-15T07:11:59","guid":{"rendered":"https:\/\/partyinabox.dk\/party\/?post_type=product&#038;p=3557"},"modified":"2026-04-23T20:29:10","modified_gmt":"2026-04-23T18:29:10","slug":"lavendel-lilla-ballon","status":"publish","type":"product","link":"https:\/\/partyinabox.dk\/party\/vare\/lavendel-lilla-ballon\/","title":{"rendered":"Lavendel lilla ballon"},"content":{"rendered":"<p>Forestil dig en fest, hvor dine g\u00e6ster tr\u00e6der ind i et rum fyldt med dr\u00f8mmeagtige pastellilla balloner, der n\u00e6sten sv\u00e6ver eventyragtigt rundt. Vores pastellavendelbl\u00e5 latexballoner giver lige pr\u00e6cis den effekt\u2014en festlig stemning pakket ind i elegance og charme.<\/p>\n<p>Du t\u00e6nker m\u00e5ske, &#8220;Balloner er da bare balloner, ikke?&#8221; Men nej, vores balloner er ikke blot et midlertidigt festindslag. Med muligheden for op til 8-10 timers sv\u00e6v med helium og yderligere holdbarhed takket v\u00e6re Hi-Float, bliver de en langvarig del af din festlige dekoration.<\/p>\n<p>S\u00e5 uanset om du er i gang med at planl\u00e6gge den fineste f\u00f8dselsdagsfest, et bryllup eller m\u00e5ske en babyshower med lilla tema, s\u00e5 lad disse pastellavendelbl\u00e5 balloner s\u00e6tte tonen for en uforglemmelig atmosf\u00e6re. Tilf\u00f8j en ekstra dimension af farve og fest til din fejring, og lad ballonerne v\u00e6re de stille helte af din eventdekoration.<\/p>\n<p>Indhold: 10 stk.<\/p>\n<p>M\u00e5l: 30 cm.<\/p>\n","protected":false},"excerpt":{"rendered":"<p>Forestil dig en fest, hvor dine g\u00e6ster tr\u00e6der ind i et rum fyldt med dr\u00f8mmeagtige pastellilla balloner, der n\u00e6sten sv\u00e6ver eventyragtigt rundt. Vores pastellavendelbl\u00e5 latexballoner giver lige pr\u00e6cis den effekt\u2014en festlig stemning pakket ind i elegance og charme. Du t\u00e6nker [&hellip;]<\/p>\n","protected":false},"featured_media":3558,"template":"","meta":{"_acf_changed":false},"product_brand":[],"product_cat":[30],"product_tag":[],"class_list":{"0":"post-3557","1":"product","2":"type-product","3":"status-publish","4":"has-post-thumbnail","6":"product_cat-balloner","8":"first","9":"instock","10":"taxable","11":"shipping-taxable","12":"purchasable","13":"product-type-simple"},"bundled_by":[],"bundle_stock_status":"instock","bundle_stock_quantity":10,"bundle_virtual":false,"bundle_layout":"","bundle_add_to_cart_form_location":"","bundle_editable_in_cart":false,"bundle_sold_individually_context":"","bundle_item_grouping":"","bundle_min_size":"","bundle_max_size":"","bundle_price":[],"bundled_items":[],"bundle_sell_ids":[],"acf":[],"tiered_pricing_type":"fixed","tiered_pricing_fixed_rules":[],"tiered_pricing_product_settings":{"layout":"default","base_unit_name":{"singular":null,"plural":null},"default_variation":null},"tiered_pricing_minimum_quantity":null,"tiered_pricing_roles_data":[],"tiered_pricing_percentage_rules":[],"tiered_pricing_maximum_quantity":null,"tiered_pricing_quantity_step":null,"_links":{"self":[{"href":"https:\/\/partyinabox.dk\/party\/wp-json\/wp\/v2\/product\/3557","targetHints":{"allow":["GET"]}}],"collection":[{"href":"https:\/\/partyinabox.dk\/party\/wp-json\/wp\/v2\/product"}],"about":[{"href":"https:\/\/partyinabox.dk\/party\/wp-json\/wp\/v2\/types\/product"}],"wp:featuredmedia":[{"embeddable":true,"href":"https:\/\/partyinabox.dk\/party\/wp-json\/wp\/v2\/media\/3558"}],"wp:attachment":[{"href":"https:\/\/partyinabox.dk\/party\/wp-json\/wp\/v2\/media?parent=3557"}],"wp:term":[{"taxonomy":"product_brand","embeddable":true,"href":"https:\/\/partyinabox.dk\/party\/wp-json\/wp\/v2\/product_brand?post=3557"},{"taxonomy":"product_cat","embeddable":true,"href":"https:\/\/partyinabox.dk\/party\/wp-json\/wp\/v2\/product_cat?post=3557"},{"taxonomy":"product_tag","embeddable":true,"href":"https:\/\/partyinabox.dk\/party\/wp-json\/wp\/v2\/product_tag?post=3557"}],"curies":[{"name":"wp","href":"https:\/\/api.w.org\/{rel}","templated":true}]}}