{"id":3515,"date":"2022-08-22T00:00:00","date_gmt":"2022-08-21T22:00:00","guid":{"rendered":"https:\/\/partyinabox.dk\/party\/?post_type=product&#038;p=3515"},"modified":"2026-04-23T14:38:43","modified_gmt":"2026-04-23T12:38:43","slug":"gaestebog-blaa-med-guld-skrift","status":"publish","type":"product","link":"https:\/\/partyinabox.dk\/party\/vare\/gaestebog-blaa-med-guld-skrift\/","title":{"rendered":"Navy bl\u00e5 g\u00e6stebog m\/ guld &#8220;Guest Book&#8221;"},"content":{"rendered":"<p>Vigtige begivenheder i livet skal huskes, og det kan du nemt med denne flotte navy bl\u00e5 g\u00e6stebog med guld &#8220;Guest Book&#8221; skrift p\u00e5 forsiden og 22 blanke sider, som dine g\u00e6ster kan skrive s\u00f8de, sjove eller k\u00e6rlige hilsner i. Lim evt. billeder fra dage i bagefter. Brug den til at huske f.eks. dit bryllup, konfirmation, barned\u00e5b eller m\u00e5ske en rund f\u00f8dselsdag.<\/p>\n<p>Indhold: bog med 22 blanke sider \/ M\u00e5l: 20 x 24,5 cm<\/p>\n","protected":false},"excerpt":{"rendered":"<p>Vigtige begivenheder i livet skal huskes, og det kan du nemt med denne flotte navy bl\u00e5 g\u00e6stebog med guld &#8220;Guest Book&#8221; skrift p\u00e5 forsiden og 22 blanke sider, som dine g\u00e6ster kan skrive s\u00f8de, sjove eller k\u00e6rlige hilsner i. Lim [&hellip;]<\/p>\n","protected":false},"featured_media":3516,"template":"","meta":{"_acf_changed":false},"product_brand":[],"product_cat":[34],"product_tag":[],"class_list":{"0":"post-3515","1":"product","2":"type-product","3":"status-publish","4":"has-post-thumbnail","6":"product_cat-accessories","8":"first","9":"instock","10":"taxable","11":"shipping-taxable","12":"purchasable","13":"product-type-simple"},"bundled_by":[],"bundle_stock_status":"instock","bundle_stock_quantity":21,"bundle_virtual":false,"bundle_layout":"","bundle_add_to_cart_form_location":"","bundle_editable_in_cart":false,"bundle_sold_individually_context":"","bundle_item_grouping":"","bundle_min_size":"","bundle_max_size":"","bundle_price":[],"bundled_items":[],"bundle_sell_ids":[],"acf":[],"tiered_pricing_type":"fixed","tiered_pricing_fixed_rules":[],"tiered_pricing_product_settings":{"layout":"default","base_unit_name":{"singular":null,"plural":null},"default_variation":null},"tiered_pricing_minimum_quantity":null,"tiered_pricing_roles_data":[],"tiered_pricing_percentage_rules":[],"tiered_pricing_maximum_quantity":null,"tiered_pricing_quantity_step":null,"_links":{"self":[{"href":"https:\/\/partyinabox.dk\/party\/wp-json\/wp\/v2\/product\/3515","targetHints":{"allow":["GET"]}}],"collection":[{"href":"https:\/\/partyinabox.dk\/party\/wp-json\/wp\/v2\/product"}],"about":[{"href":"https:\/\/partyinabox.dk\/party\/wp-json\/wp\/v2\/types\/product"}],"wp:featuredmedia":[{"embeddable":true,"href":"https:\/\/partyinabox.dk\/party\/wp-json\/wp\/v2\/media\/3516"}],"wp:attachment":[{"href":"https:\/\/partyinabox.dk\/party\/wp-json\/wp\/v2\/media?parent=3515"}],"wp:term":[{"taxonomy":"product_brand","embeddable":true,"href":"https:\/\/partyinabox.dk\/party\/wp-json\/wp\/v2\/product_brand?post=3515"},{"taxonomy":"product_cat","embeddable":true,"href":"https:\/\/partyinabox.dk\/party\/wp-json\/wp\/v2\/product_cat?post=3515"},{"taxonomy":"product_tag","embeddable":true,"href":"https:\/\/partyinabox.dk\/party\/wp-json\/wp\/v2\/product_tag?post=3515"}],"curies":[{"name":"wp","href":"https:\/\/api.w.org\/{rel}","templated":true}]}}