{"id":34919,"date":"2025-09-19T00:00:00","date_gmt":"2025-09-18T22:00:00","guid":{"rendered":"https:\/\/partyinabox.dk\/party\/?post_type=product&#038;p=34919"},"modified":"2026-04-22T22:12:44","modified_gmt":"2026-04-22T20:12:44","slug":"hvid-serviet-m-blaa-studenterhue","status":"publish","type":"product","link":"https:\/\/partyinabox.dk\/party\/vare\/hvid-serviet-m-blaa-studenterhue\/","title":{"rendered":"Hvid serviet m\/bl\u00e5 studenterhue"},"content":{"rendered":"<p>Mangler du lige det sidste til bordet til din studenter fest? S\u00e5 er de hvide servietter med den bl\u00e5 studenterhue p\u00e5 det oplagte valg. Brug dem b\u00e5de til dit studentergilde, bordd\u00e6kning, eller ta&#8217; selv bordet ved studenterk\u00f8rsel. M\u00e5l: 33&#215;33 cm. 20 stk. i pakken.<\/p>\n","protected":false},"excerpt":{"rendered":"<p>Mangler du lige det sidste til bordet til din studenter fest? S\u00e5 er de hvide servietter med den bl\u00e5 studenterhue p\u00e5 det oplagte valg. Brug dem b\u00e5de til dit studentergilde, bordd\u00e6kning, eller ta&#8217; selv bordet ved studenterk\u00f8rsel. M\u00e5l: 33&#215;33 cm. [&hellip;]<\/p>\n","protected":false},"featured_media":34923,"template":"","meta":{"_acf_changed":false},"product_brand":[],"product_cat":[32],"product_tag":[],"class_list":{"0":"post-34919","1":"product","2":"type-product","3":"status-publish","4":"has-post-thumbnail","6":"product_cat-service","8":"first","9":"instock","10":"taxable","11":"shipping-taxable","12":"purchasable","13":"product-type-simple"},"bundled_by":[],"bundle_stock_status":"instock","bundle_stock_quantity":189,"bundle_virtual":false,"bundle_layout":"","bundle_add_to_cart_form_location":"","bundle_editable_in_cart":false,"bundle_sold_individually_context":"","bundle_item_grouping":"","bundle_min_size":"","bundle_max_size":"","bundle_price":[],"bundled_items":[],"bundle_sell_ids":[],"acf":[],"tiered_pricing_type":"fixed","tiered_pricing_fixed_rules":[],"tiered_pricing_product_settings":{"layout":"default","base_unit_name":{"singular":null,"plural":null},"default_variation":null},"tiered_pricing_minimum_quantity":null,"tiered_pricing_roles_data":[],"tiered_pricing_percentage_rules":[],"tiered_pricing_maximum_quantity":null,"tiered_pricing_quantity_step":null,"_links":{"self":[{"href":"https:\/\/partyinabox.dk\/party\/wp-json\/wp\/v2\/product\/34919","targetHints":{"allow":["GET"]}}],"collection":[{"href":"https:\/\/partyinabox.dk\/party\/wp-json\/wp\/v2\/product"}],"about":[{"href":"https:\/\/partyinabox.dk\/party\/wp-json\/wp\/v2\/types\/product"}],"wp:featuredmedia":[{"embeddable":true,"href":"https:\/\/partyinabox.dk\/party\/wp-json\/wp\/v2\/media\/34923"}],"wp:attachment":[{"href":"https:\/\/partyinabox.dk\/party\/wp-json\/wp\/v2\/media?parent=34919"}],"wp:term":[{"taxonomy":"product_brand","embeddable":true,"href":"https:\/\/partyinabox.dk\/party\/wp-json\/wp\/v2\/product_brand?post=34919"},{"taxonomy":"product_cat","embeddable":true,"href":"https:\/\/partyinabox.dk\/party\/wp-json\/wp\/v2\/product_cat?post=34919"},{"taxonomy":"product_tag","embeddable":true,"href":"https:\/\/partyinabox.dk\/party\/wp-json\/wp\/v2\/product_tag?post=34919"}],"curies":[{"name":"wp","href":"https:\/\/api.w.org\/{rel}","templated":true}]}}