{"id":33702,"date":"2024-06-20T00:00:00","date_gmt":"2024-06-19T22:00:00","guid":{"rendered":"https:\/\/partyinabox.dk\/party\/?post_type=product&#038;p=33702"},"modified":"2026-04-03T19:35:26","modified_gmt":"2026-04-03T17:35:26","slug":"skraabaand-m-guld-student","status":"publish","type":"product","link":"https:\/\/partyinabox.dk\/party\/vare\/skraabaand-m-guld-student\/","title":{"rendered":"Skr\u00e5b\u00e5nd m\/guld &#8220;Student&#8221;"},"content":{"rendered":"<p>Vis verden at du er blevet student og\/eller at du har haft 5 fag p\u00e5 h\u00f8jniveau med dette hvide skr\u00e5b\u00e5nd med guld &#8220;Student&#8221; og en sort glimmer studenterhue p\u00e5. Indhold: 1 stk. \/ M\u00e5l: 78 x 9 cm<\/p>\n","protected":false},"excerpt":{"rendered":"<p>Vis verden at du er blevet student og\/eller at du har haft 5 fag p\u00e5 h\u00f8jniveau med dette hvide skr\u00e5b\u00e5nd med guld &#8220;Student&#8221; og en sort glimmer studenterhue p\u00e5. Indhold: 1 stk. \/ M\u00e5l: 78 x 9 cm<\/p>\n","protected":false},"featured_media":33703,"template":"","meta":{"_acf_changed":false},"product_brand":[],"product_cat":[34],"product_tag":[],"class_list":{"0":"post-33702","1":"product","2":"type-product","3":"status-publish","4":"has-post-thumbnail","6":"product_cat-accessories","8":"first","9":"instock","10":"taxable","11":"shipping-taxable","12":"purchasable","13":"product-type-simple"},"bundled_by":[],"bundle_stock_status":"instock","bundle_stock_quantity":10,"bundle_virtual":false,"bundle_layout":"","bundle_add_to_cart_form_location":"","bundle_editable_in_cart":false,"bundle_sold_individually_context":"","bundle_item_grouping":"","bundle_min_size":"","bundle_max_size":"","bundle_price":[],"bundled_items":[],"bundle_sell_ids":[],"acf":[],"tiered_pricing_type":"fixed","tiered_pricing_fixed_rules":[],"tiered_pricing_product_settings":{"layout":"default","base_unit_name":{"singular":null,"plural":null},"default_variation":null},"tiered_pricing_minimum_quantity":null,"tiered_pricing_roles_data":[],"tiered_pricing_percentage_rules":[],"tiered_pricing_maximum_quantity":null,"tiered_pricing_quantity_step":null,"_links":{"self":[{"href":"https:\/\/partyinabox.dk\/party\/wp-json\/wp\/v2\/product\/33702","targetHints":{"allow":["GET"]}}],"collection":[{"href":"https:\/\/partyinabox.dk\/party\/wp-json\/wp\/v2\/product"}],"about":[{"href":"https:\/\/partyinabox.dk\/party\/wp-json\/wp\/v2\/types\/product"}],"wp:featuredmedia":[{"embeddable":true,"href":"https:\/\/partyinabox.dk\/party\/wp-json\/wp\/v2\/media\/33703"}],"wp:attachment":[{"href":"https:\/\/partyinabox.dk\/party\/wp-json\/wp\/v2\/media?parent=33702"}],"wp:term":[{"taxonomy":"product_brand","embeddable":true,"href":"https:\/\/partyinabox.dk\/party\/wp-json\/wp\/v2\/product_brand?post=33702"},{"taxonomy":"product_cat","embeddable":true,"href":"https:\/\/partyinabox.dk\/party\/wp-json\/wp\/v2\/product_cat?post=33702"},{"taxonomy":"product_tag","embeddable":true,"href":"https:\/\/partyinabox.dk\/party\/wp-json\/wp\/v2\/product_tag?post=33702"}],"curies":[{"name":"wp","href":"https:\/\/api.w.org\/{rel}","templated":true}]}}