{"id":33628,"date":"2024-02-29T00:00:00","date_gmt":"2024-02-28T23:00:00","guid":{"rendered":"https:\/\/partyinabox.dk\/party\/?post_type=product&#038;p=33628"},"modified":"2026-04-04T10:35:10","modified_gmt":"2026-04-04T08:35:10","slug":"lyseblaa-gavebaand","status":"publish","type":"product","link":"https:\/\/partyinabox.dk\/party\/vare\/lyseblaa-gavebaand\/","title":{"rendered":"Lysebl\u00e5 gaveb\u00e5nd"},"content":{"rendered":"<p>Flot 225 m lysebl\u00e5 gaveb\u00e5nd i 5 mm tykkelse &#8211; lige til at binde om balloner eller pakke gaver ind med. Indhold: 1 stk. \/ M\u00e5l: 5 mm x 225 m (B x L)<\/p>\n","protected":false},"excerpt":{"rendered":"<p>Flot 225 m lysebl\u00e5 gaveb\u00e5nd i 5 mm tykkelse &#8211; lige til at binde om balloner eller pakke gaver ind med. Indhold: 1 stk. \/ M\u00e5l: 5 mm x 225 m (B x L)<\/p>\n","protected":false},"featured_media":33629,"template":"","meta":{"_acf_changed":false},"product_brand":[],"product_cat":[30,15],"product_tag":[],"class_list":{"0":"post-33628","1":"product","2":"type-product","3":"status-publish","4":"has-post-thumbnail","6":"product_cat-balloner","7":"product_cat-ukategoriseret","9":"first","10":"instock","11":"taxable","12":"shipping-taxable","13":"purchasable","14":"product-type-simple"},"bundled_by":[],"bundle_stock_status":"instock","bundle_stock_quantity":26,"bundle_virtual":false,"bundle_layout":"","bundle_add_to_cart_form_location":"","bundle_editable_in_cart":false,"bundle_sold_individually_context":"","bundle_item_grouping":"","bundle_min_size":"","bundle_max_size":"","bundle_price":[],"bundled_items":[],"bundle_sell_ids":[],"acf":[],"tiered_pricing_type":"fixed","tiered_pricing_fixed_rules":[],"tiered_pricing_product_settings":{"layout":"default","base_unit_name":{"singular":null,"plural":null},"default_variation":null},"tiered_pricing_minimum_quantity":null,"tiered_pricing_roles_data":[],"tiered_pricing_percentage_rules":[],"tiered_pricing_maximum_quantity":null,"tiered_pricing_quantity_step":null,"_links":{"self":[{"href":"https:\/\/partyinabox.dk\/party\/wp-json\/wp\/v2\/product\/33628","targetHints":{"allow":["GET"]}}],"collection":[{"href":"https:\/\/partyinabox.dk\/party\/wp-json\/wp\/v2\/product"}],"about":[{"href":"https:\/\/partyinabox.dk\/party\/wp-json\/wp\/v2\/types\/product"}],"wp:featuredmedia":[{"embeddable":true,"href":"https:\/\/partyinabox.dk\/party\/wp-json\/wp\/v2\/media\/33629"}],"wp:attachment":[{"href":"https:\/\/partyinabox.dk\/party\/wp-json\/wp\/v2\/media?parent=33628"}],"wp:term":[{"taxonomy":"product_brand","embeddable":true,"href":"https:\/\/partyinabox.dk\/party\/wp-json\/wp\/v2\/product_brand?post=33628"},{"taxonomy":"product_cat","embeddable":true,"href":"https:\/\/partyinabox.dk\/party\/wp-json\/wp\/v2\/product_cat?post=33628"},{"taxonomy":"product_tag","embeddable":true,"href":"https:\/\/partyinabox.dk\/party\/wp-json\/wp\/v2\/product_tag?post=33628"}],"curies":[{"name":"wp","href":"https:\/\/api.w.org\/{rel}","templated":true}]}}