{"id":3357,"date":"2019-10-12T21:45:33","date_gmt":"2019-10-12T19:45:33","guid":{"rendered":"https:\/\/partyinabox.dk\/party\/?post_type=product&#038;p=3357"},"modified":"2026-03-23T13:09:49","modified_gmt":"2026-03-23T12:09:49","slug":"pastel-graa-ballon","status":"publish","type":"product","link":"https:\/\/partyinabox.dk\/party\/vare\/pastel-graa-ballon\/","title":{"rendered":"Gr\u00e5 ballon"},"content":{"rendered":"<p>Forestil dig et \u00f8jeblik stuen sv\u00f8bt i elegante, gr\u00e5 farvetoner, der danser let i brisen fra en \u00e5ben altand\u00f8r. Disse gr\u00e5 latexballoner bringer en underspillet elegance til enhver fest &#8211; om det s\u00e5 er en sofistikeret f\u00f8dselsdagsfejring eller en afd\u00e6mpet familie sammenkomst.<\/p>\n<p>Og rolig nu, disse st\u00e6rke sm\u00e5 vidundere lover op til 5 dages sv\u00e6vetid med Hi-Float, s\u00e5 festen slutter ikke, f\u00f8r du siger det.<\/p>\n<p>Installer en atmosf\u00e6re af stilfuld hygge til dit n\u00e6ste event med kun f\u00e5 klik. Fordi selvom de m\u00e5ske kun er balloner, taler deres pastelgr\u00e5 nuance bindende om din fine sans for detaljen.<\/p>\n<p>M\u00e5l: 30 cm<\/p>\n<p>Indhold: 10 stk.<\/p>\n","protected":false},"excerpt":{"rendered":"<p>Forestil dig et \u00f8jeblik stuen sv\u00f8bt i elegante, gr\u00e5 farvetoner, der danser let i brisen fra en \u00e5ben altand\u00f8r. Disse gr\u00e5 latexballoner bringer en underspillet elegance til enhver fest &#8211; om det s\u00e5 er en sofistikeret f\u00f8dselsdagsfejring eller en afd\u00e6mpet [&hellip;]<\/p>\n","protected":false},"featured_media":3358,"template":"","meta":{"_acf_changed":false},"product_brand":[],"product_cat":[30],"product_tag":[],"class_list":{"0":"post-3357","1":"product","2":"type-product","3":"status-publish","4":"has-post-thumbnail","6":"product_cat-balloner","8":"first","9":"outofstock","10":"taxable","11":"shipping-taxable","12":"purchasable","13":"product-type-simple"},"bundled_by":[],"bundle_stock_status":"outofstock","bundle_stock_quantity":0,"bundle_virtual":false,"bundle_layout":"","bundle_add_to_cart_form_location":"","bundle_editable_in_cart":false,"bundle_sold_individually_context":"","bundle_item_grouping":"","bundle_min_size":"","bundle_max_size":"","bundle_price":[],"bundled_items":[],"bundle_sell_ids":[],"acf":[],"tiered_pricing_type":"fixed","tiered_pricing_fixed_rules":[],"tiered_pricing_product_settings":{"layout":"default","base_unit_name":{"singular":null,"plural":null},"default_variation":null},"tiered_pricing_minimum_quantity":null,"tiered_pricing_roles_data":[],"tiered_pricing_percentage_rules":[],"tiered_pricing_maximum_quantity":null,"tiered_pricing_quantity_step":null,"_links":{"self":[{"href":"https:\/\/partyinabox.dk\/party\/wp-json\/wp\/v2\/product\/3357","targetHints":{"allow":["GET"]}}],"collection":[{"href":"https:\/\/partyinabox.dk\/party\/wp-json\/wp\/v2\/product"}],"about":[{"href":"https:\/\/partyinabox.dk\/party\/wp-json\/wp\/v2\/types\/product"}],"wp:featuredmedia":[{"embeddable":true,"href":"https:\/\/partyinabox.dk\/party\/wp-json\/wp\/v2\/media\/3358"}],"wp:attachment":[{"href":"https:\/\/partyinabox.dk\/party\/wp-json\/wp\/v2\/media?parent=3357"}],"wp:term":[{"taxonomy":"product_brand","embeddable":true,"href":"https:\/\/partyinabox.dk\/party\/wp-json\/wp\/v2\/product_brand?post=3357"},{"taxonomy":"product_cat","embeddable":true,"href":"https:\/\/partyinabox.dk\/party\/wp-json\/wp\/v2\/product_cat?post=3357"},{"taxonomy":"product_tag","embeddable":true,"href":"https:\/\/partyinabox.dk\/party\/wp-json\/wp\/v2\/product_tag?post=3357"}],"curies":[{"name":"wp","href":"https:\/\/api.w.org\/{rel}","templated":true}]}}