{"id":33368,"date":"2022-03-16T00:00:00","date_gmt":"2022-03-15T23:00:00","guid":{"rendered":"https:\/\/partyinabox.dk\/party\/?post_type=product&#038;p=33368"},"modified":"2026-03-13T11:06:14","modified_gmt":"2026-03-13T10:06:14","slug":"pastel-lyseroed-rosa-creme-ballon-guirlande-saet-med-balloner","status":"publish","type":"product","link":"https:\/\/partyinabox.dk\/party\/vare\/pastel-lyseroed-rosa-creme-ballon-guirlande-saet-med-balloner\/","title":{"rendered":"Pastel lyser\u00f8d\/rosa\/creme ballon guirlande s\u00e6t med balloner"},"content":{"rendered":"<p>Pynt flot op til fest med dette ballon guirlande s\u00e6t i smukke rosa nuancer. Brug s\u00e6ttet til barned\u00e5b, babyshower, pastel fest, sommer havefest, konfirmation, student, aloha Hawaii fest eller f\u00f8dselsdag for en lille pige. Guirlanden bliver ca. 4,5 &#8211; 5 meter og fyldt med forskellige balloner i pastel lyser\u00f8d, rosa og creme\/r\u00e5hvid. F\u00f8lg den nemme instruktion p\u00e5 bagsiden af \u00e6sken og se din ballon dekoration tage form.<\/p>\n<p><strong>VIDEO:<\/strong> Se en vejledning i at lave en ballon guirlande <a href=\"https:\/\/www.instagram.com\/stories\/highlights\/17866047715416094\/\" target=\"_blank\" rel=\"noopener\">her.<\/a><\/p>\n<p>Pakken indeh0lder:<\/p>\n<ul>\n<li>75 stk. balloner i pastel lyser\u00f8d, rosa og creme\/r\u00e5hvid i forskellige st\u00f8rrelser (45, 30, 25 og 12 cm)<\/li>\n<li>5 meter ballon snor<\/li>\n<li>3 meter hvid snor<\/li>\n<li>40 x ballon lim dutter<\/li>\n<\/ul>\n<p><strong>Husk<\/strong> en ballonpumpe til at puste ballonerne op med!<\/p>\n<p><strong>OBS: s\u00e6ttet skal IKKE bruge helium!<\/strong><\/p>\n","protected":false},"excerpt":{"rendered":"<p>Pynt flot op til fest med dette ballon guirlande s\u00e6t i smukke rosa nuancer. Brug s\u00e6ttet til barned\u00e5b, babyshower, pastel fest, sommer havefest, konfirmation, student, aloha Hawaii fest eller f\u00f8dselsdag for en lille pige. Guirlanden bliver ca. 4,5 &#8211; 5 [&hellip;]<\/p>\n","protected":false},"featured_media":33370,"template":"","meta":{"_acf_changed":false},"product_brand":[],"product_cat":[30],"product_tag":[],"class_list":{"0":"post-33368","1":"product","2":"type-product","3":"status-publish","4":"has-post-thumbnail","6":"product_cat-balloner","8":"first","9":"outofstock","10":"taxable","11":"shipping-taxable","12":"purchasable","13":"product-type-simple"},"bundled_by":[],"bundle_stock_status":"outofstock","bundle_stock_quantity":0,"bundle_virtual":false,"bundle_layout":"","bundle_add_to_cart_form_location":"","bundle_editable_in_cart":false,"bundle_sold_individually_context":"","bundle_item_grouping":"","bundle_min_size":"","bundle_max_size":"","bundle_price":[],"bundled_items":[],"bundle_sell_ids":[],"acf":[],"tiered_pricing_type":"fixed","tiered_pricing_fixed_rules":[],"tiered_pricing_product_settings":{"layout":"default","base_unit_name":{"singular":null,"plural":null},"default_variation":null},"tiered_pricing_minimum_quantity":null,"tiered_pricing_roles_data":[],"tiered_pricing_percentage_rules":[],"tiered_pricing_maximum_quantity":null,"tiered_pricing_quantity_step":null,"_links":{"self":[{"href":"https:\/\/partyinabox.dk\/party\/wp-json\/wp\/v2\/product\/33368","targetHints":{"allow":["GET"]}}],"collection":[{"href":"https:\/\/partyinabox.dk\/party\/wp-json\/wp\/v2\/product"}],"about":[{"href":"https:\/\/partyinabox.dk\/party\/wp-json\/wp\/v2\/types\/product"}],"wp:featuredmedia":[{"embeddable":true,"href":"https:\/\/partyinabox.dk\/party\/wp-json\/wp\/v2\/media\/33370"}],"wp:attachment":[{"href":"https:\/\/partyinabox.dk\/party\/wp-json\/wp\/v2\/media?parent=33368"}],"wp:term":[{"taxonomy":"product_brand","embeddable":true,"href":"https:\/\/partyinabox.dk\/party\/wp-json\/wp\/v2\/product_brand?post=33368"},{"taxonomy":"product_cat","embeddable":true,"href":"https:\/\/partyinabox.dk\/party\/wp-json\/wp\/v2\/product_cat?post=33368"},{"taxonomy":"product_tag","embeddable":true,"href":"https:\/\/partyinabox.dk\/party\/wp-json\/wp\/v2\/product_tag?post=33368"}],"curies":[{"name":"wp","href":"https:\/\/api.w.org\/{rel}","templated":true}]}}