{"id":33145,"date":"2022-05-06T00:00:00","date_gmt":"2022-05-05T22:00:00","guid":{"rendered":"https:\/\/partyinabox.dk\/party\/?post_type=product&#038;p=33145"},"modified":"2026-03-22T22:49:22","modified_gmt":"2026-03-22T21:49:22","slug":"design-din-egen-ballon","status":"publish","type":"product","link":"https:\/\/partyinabox.dk\/party\/vare\/design-din-egen-ballon\/","title":{"rendered":"Ballon box med dit eget billede &#038; tre balloner"},"content":{"rendered":"","protected":false},"excerpt":{"rendered":"<p>Send en unik ballon hilsen med dit helt eget sk\u00f8re, s\u00f8de, sjove, flotte eller pinlige billede p\u00e5 og 3 stk. latex balloner. Du designer helt selv ballonen med lige det billede og budskab, som du gerne vil sende til en. Brug ballonen som en sjov hilsen, en sk\u00f8r gave, til at fort\u00e6lle en nyhed, som en invitation eller som pynt til din fest \/ firmafest. Kun fantasien s\u00e6tter gr\u00e6nsen med denne ballon box! \ud83c\udf88<\/p>\n<p>Ballon boxen best\u00e5r af en 50 cm sv\u00e6vende, rund folie ballon med s\u00f8lv bagside og dit tryk p\u00e5 forsiden, samt 3 stk. latex balloner i valgfri farver. Ballonerne er pustet op med helium, der f\u00e5r dem til at sv\u00e6ve flot i op til en uge \u2013 og ofte l\u00e6ngere. Ballonerne er bundet med gaveb\u00e5nd til en lille v\u00e6gt, s\u00e5dan at de ikke flyver v\u00e6k.<\/p>\n<p>Ballon buketten bliver leveret i en stor kasse, og ballonerne sv\u00e6ver derfor fint op n\u00e5r kassen bliver \u00e5bnet \u2013 til gl\u00e6delig overraskelse for modtageren.<\/p>\n<p><strong>S\u00e5dan g\u00f8r du:<\/strong><\/p>\n<p>Tryk p\u00e5 knappen &#8220;\u00c5ben ballon-designeren&#8221;, upload lige det billede du \u00f8nsker og f\u00e5 den til at passe til ballonen, skriv en lille tekst og inds\u00e6t evt. symboler\/elementer. Leg med designet af din ballon s\u00e5 meget du har lyst. N\u00e5r du er f\u00e6rdig med at designe din personlige ballon trykker du p\u00e5 &#8220;Forts\u00e6t&#8221;, l\u00e6gger ballonen i din kurv og g\u00e5r til kassen.<\/p>\n<p><strong>OBS:<\/strong> Design programmet fungerer bedst p\u00e5 computer! \ud83d\udcbb<\/p>\n<p><strong>Levering:<\/strong><\/p>\n<p>Ballon buketten bliver leveret i en stor kasse, hvorp\u00e5 vi skriver hvad dato kassen m\u00e5 \u00e5bnes, samt at den ikke m\u00e5 \u00e5bnes med kniv eller saks, for s\u00e5 bliver \u201cmagien\u201d \u00f8delagt.<\/p>\n<p>Ballon boxen kommer med fragtfri levering til n\u00e6rmeste pakkeshop eller til en valgfri privat adresse for + 49 kr. Bestil inden <strong>kl. 12.00<\/strong> p\u00e5 hverdage og f\u00e5 ballon boxen leveret dagen efter.<\/p>\n<p><strong>OBS:<\/strong>\u00a0Er leveringsdatoen for ballon boxen i en weekend, bliver boxen sendt om torsdagen med levering fredag.<\/p>\n","protected":false},"featured_media":35338,"template":"","meta":{"_acf_changed":false},"product_brand":[],"product_cat":[30],"product_tag":[],"class_list":{"0":"post-33145","1":"product","2":"type-product","3":"status-publish","4":"has-post-thumbnail","6":"product_cat-balloner","7":"product_shipping_class-egen-pakke","9":"first","10":"outofstock","11":"taxable","12":"shipping-taxable","13":"purchasable","14":"product-type-simple"},"bundled_by":[],"bundle_stock_status":"outofstock","bundle_stock_quantity":null,"bundle_virtual":false,"bundle_layout":"","bundle_add_to_cart_form_location":"","bundle_editable_in_cart":false,"bundle_sold_individually_context":"","bundle_item_grouping":"","bundle_min_size":"","bundle_max_size":"","bundle_price":[],"bundled_items":[],"bundle_sell_ids":[],"acf":[],"tiered_pricing_type":"fixed","tiered_pricing_fixed_rules":[],"tiered_pricing_product_settings":{"layout":"default","base_unit_name":{"singular":null,"plural":null},"default_variation":null},"tiered_pricing_minimum_quantity":null,"tiered_pricing_roles_data":[],"tiered_pricing_percentage_rules":[],"tiered_pricing_maximum_quantity":null,"tiered_pricing_quantity_step":null,"_links":{"self":[{"href":"https:\/\/partyinabox.dk\/party\/wp-json\/wp\/v2\/product\/33145","targetHints":{"allow":["GET"]}}],"collection":[{"href":"https:\/\/partyinabox.dk\/party\/wp-json\/wp\/v2\/product"}],"about":[{"href":"https:\/\/partyinabox.dk\/party\/wp-json\/wp\/v2\/types\/product"}],"wp:featuredmedia":[{"embeddable":true,"href":"https:\/\/partyinabox.dk\/party\/wp-json\/wp\/v2\/media\/35338"}],"wp:attachment":[{"href":"https:\/\/partyinabox.dk\/party\/wp-json\/wp\/v2\/media?parent=33145"}],"wp:term":[{"taxonomy":"product_brand","embeddable":true,"href":"https:\/\/partyinabox.dk\/party\/wp-json\/wp\/v2\/product_brand?post=33145"},{"taxonomy":"product_cat","embeddable":true,"href":"https:\/\/partyinabox.dk\/party\/wp-json\/wp\/v2\/product_cat?post=33145"},{"taxonomy":"product_tag","embeddable":true,"href":"https:\/\/partyinabox.dk\/party\/wp-json\/wp\/v2\/product_tag?post=33145"}],"curies":[{"name":"wp","href":"https:\/\/api.w.org\/{rel}","templated":true}]}}