{"id":32936,"date":"2023-06-14T00:00:00","date_gmt":"2023-06-13T22:00:00","guid":{"rendered":"https:\/\/partyinabox.dk\/party\/?post_type=product&#038;p=32936"},"modified":"2026-04-25T21:05:22","modified_gmt":"2026-04-25T19:05:22","slug":"blaa-og-guld-ballon-saet-m-1aars-og-elefant","status":"publish","type":"product","link":"https:\/\/partyinabox.dk\/party\/vare\/blaa-og-guld-ballon-saet-m-1aars-og-elefant\/","title":{"rendered":"Bl\u00e5 og guld ballon s\u00e6t m\/1 \u00e5rs og elefant"},"content":{"rendered":"<p>De flotte sammens\u00e6t balloner i lysebl\u00e5, navy bl\u00e5 og guld chrome er perfekt til barnets f\u00f8rste f\u00f8dselsdag. To af balloner st\u00e5r tallet 1, og de to andre med en s\u00f8d elefant med stjerner. S\u00e6ttet best\u00e5r af 6 balloner og er perfekt til en 1 \u00e5rs f\u00f8dselsdag. F\u00e5 dem til at sv\u00e6ve med helium, eller brug en alm. ballonpumpe. M\u00e5l: 30 cm.<\/p>\n","protected":false},"excerpt":{"rendered":"<p>De flotte sammens\u00e6t balloner i lysebl\u00e5, navy bl\u00e5 og guld chrome er perfekt til barnets f\u00f8rste f\u00f8dselsdag. To af balloner st\u00e5r tallet 1, og de to andre med en s\u00f8d elefant med stjerner. S\u00e6ttet best\u00e5r af 6 balloner og er [&hellip;]<\/p>\n","protected":false},"featured_media":32937,"template":"","meta":{"_acf_changed":false},"product_brand":[],"product_cat":[30],"product_tag":[],"class_list":{"0":"post-32936","1":"product","2":"type-product","3":"status-publish","4":"has-post-thumbnail","6":"product_cat-balloner","8":"first","9":"instock","10":"taxable","11":"shipping-taxable","12":"purchasable","13":"product-type-simple"},"bundled_by":[],"bundle_stock_status":"instock","bundle_stock_quantity":19,"bundle_virtual":false,"bundle_layout":"","bundle_add_to_cart_form_location":"","bundle_editable_in_cart":false,"bundle_sold_individually_context":"","bundle_item_grouping":"","bundle_min_size":"","bundle_max_size":"","bundle_price":[],"bundled_items":[],"bundle_sell_ids":[],"acf":[],"tiered_pricing_type":"fixed","tiered_pricing_fixed_rules":[],"tiered_pricing_product_settings":{"layout":"default","base_unit_name":{"singular":null,"plural":null},"default_variation":null},"tiered_pricing_minimum_quantity":null,"tiered_pricing_roles_data":[],"tiered_pricing_percentage_rules":[],"tiered_pricing_maximum_quantity":null,"tiered_pricing_quantity_step":null,"_links":{"self":[{"href":"https:\/\/partyinabox.dk\/party\/wp-json\/wp\/v2\/product\/32936","targetHints":{"allow":["GET"]}}],"collection":[{"href":"https:\/\/partyinabox.dk\/party\/wp-json\/wp\/v2\/product"}],"about":[{"href":"https:\/\/partyinabox.dk\/party\/wp-json\/wp\/v2\/types\/product"}],"wp:featuredmedia":[{"embeddable":true,"href":"https:\/\/partyinabox.dk\/party\/wp-json\/wp\/v2\/media\/32937"}],"wp:attachment":[{"href":"https:\/\/partyinabox.dk\/party\/wp-json\/wp\/v2\/media?parent=32936"}],"wp:term":[{"taxonomy":"product_brand","embeddable":true,"href":"https:\/\/partyinabox.dk\/party\/wp-json\/wp\/v2\/product_brand?post=32936"},{"taxonomy":"product_cat","embeddable":true,"href":"https:\/\/partyinabox.dk\/party\/wp-json\/wp\/v2\/product_cat?post=32936"},{"taxonomy":"product_tag","embeddable":true,"href":"https:\/\/partyinabox.dk\/party\/wp-json\/wp\/v2\/product_tag?post=32936"}],"curies":[{"name":"wp","href":"https:\/\/api.w.org\/{rel}","templated":true}]}}