{"id":3187,"date":"2022-07-14T00:00:00","date_gmt":"2022-07-13T22:00:00","guid":{"rendered":"https:\/\/partyinabox.dk\/party\/?post_type=product&#038;p=3187"},"modified":"2026-03-17T12:47:13","modified_gmt":"2026-03-17T11:47:13","slug":"guld-happy-new-year-banner-2","status":"publish","type":"product","link":"https:\/\/partyinabox.dk\/party\/vare\/guld-happy-new-year-banner-2\/","title":{"rendered":"Guld &#8220;Happy New Year&#8221; banner m\/ skr\u00e5skrift"},"content":{"rendered":"<p>Pynt festligt op til nyt\u00e5r med denne guld &#8220;Happy New Year&#8221; banner med skr\u00e5skrift. H\u00e6ng banneren op p\u00e5 v\u00e6ggen med kroge eller lige den i midten af bordet som dekoration. Indhold: 1 stk. \/ M\u00e5l: 66 x 18 cm (H x L)<\/p>\n","protected":false},"excerpt":{"rendered":"<p>Pynt festligt op til nyt\u00e5r med denne guld &#8220;Happy New Year&#8221; banner med skr\u00e5skrift. H\u00e6ng banneren op p\u00e5 v\u00e6ggen med kroge eller lige den i midten af bordet som dekoration. Indhold: 1 stk. \/ M\u00e5l: 66 x 18 cm (H [&hellip;]<\/p>\n","protected":false},"featured_media":3190,"template":"","meta":{"_acf_changed":false},"product_brand":[],"product_cat":[19,31],"product_tag":[],"class_list":{"0":"post-3187","1":"product","2":"type-product","3":"status-publish","4":"has-post-thumbnail","6":"product_cat-pynt","7":"product_cat-til-loftet","9":"first","10":"instock","11":"taxable","12":"shipping-taxable","13":"purchasable","14":"product-type-simple"},"bundled_by":[],"bundle_stock_status":"instock","bundle_stock_quantity":79,"bundle_virtual":false,"bundle_layout":"","bundle_add_to_cart_form_location":"","bundle_editable_in_cart":false,"bundle_sold_individually_context":"","bundle_item_grouping":"","bundle_min_size":"","bundle_max_size":"","bundle_price":[],"bundled_items":[],"bundle_sell_ids":[],"acf":[],"tiered_pricing_type":"fixed","tiered_pricing_fixed_rules":[],"tiered_pricing_product_settings":{"layout":"default","base_unit_name":{"singular":null,"plural":null},"default_variation":null},"tiered_pricing_minimum_quantity":null,"tiered_pricing_roles_data":[],"tiered_pricing_percentage_rules":[],"tiered_pricing_maximum_quantity":null,"tiered_pricing_quantity_step":null,"_links":{"self":[{"href":"https:\/\/partyinabox.dk\/party\/wp-json\/wp\/v2\/product\/3187","targetHints":{"allow":["GET"]}}],"collection":[{"href":"https:\/\/partyinabox.dk\/party\/wp-json\/wp\/v2\/product"}],"about":[{"href":"https:\/\/partyinabox.dk\/party\/wp-json\/wp\/v2\/types\/product"}],"wp:featuredmedia":[{"embeddable":true,"href":"https:\/\/partyinabox.dk\/party\/wp-json\/wp\/v2\/media\/3190"}],"wp:attachment":[{"href":"https:\/\/partyinabox.dk\/party\/wp-json\/wp\/v2\/media?parent=3187"}],"wp:term":[{"taxonomy":"product_brand","embeddable":true,"href":"https:\/\/partyinabox.dk\/party\/wp-json\/wp\/v2\/product_brand?post=3187"},{"taxonomy":"product_cat","embeddable":true,"href":"https:\/\/partyinabox.dk\/party\/wp-json\/wp\/v2\/product_cat?post=3187"},{"taxonomy":"product_tag","embeddable":true,"href":"https:\/\/partyinabox.dk\/party\/wp-json\/wp\/v2\/product_tag?post=3187"}],"curies":[{"name":"wp","href":"https:\/\/api.w.org\/{rel}","templated":true}]}}