{"id":31795,"date":"2024-05-23T00:00:00","date_gmt":"2024-05-22T22:00:00","guid":{"rendered":"https:\/\/partyinabox.dk\/party\/?post_type=product&#038;p=31795"},"modified":"2026-04-23T08:12:46","modified_gmt":"2026-04-23T06:12:46","slug":"hvid-hoeje-lys","status":"publish","type":"product","link":"https:\/\/partyinabox.dk\/party\/vare\/hvid-hoeje-lys\/","title":{"rendered":"Hvid h\u00f8je lys"},"content":{"rendered":"<p>Skru op for hyggen med de flotte hvide stearinlys. De er helt oplagt til fester, men kan ogs\u00e5 sagtnes bruges i hjemmet. Benyt dem til bordopd\u00e6kningen eller rundt omkring i rummet. Perfekt til bryllup, barned\u00e5b, babyshower, konfirmation, runde f\u00f8dselsdage etc. Du f\u00e5r 4 stk. i en pakke og hvert lys kan br\u00e6nde op til 7 timer. Lysene overholder alle RAL krav med et lavt sodindeks og de er alle med \u00f8kotex bomuldsv\u00e6ger. M\u00e5l: 32 cm.<\/p>\n","protected":false},"excerpt":{"rendered":"<p>Skru op for hyggen med de flotte hvide stearinlys. De er helt oplagt til fester, men kan ogs\u00e5 sagtnes bruges i hjemmet. Benyt dem til bordopd\u00e6kningen eller rundt omkring i rummet. Perfekt til bryllup, barned\u00e5b, babyshower, konfirmation, runde f\u00f8dselsdage etc. [&hellip;]<\/p>\n","protected":false},"featured_media":31796,"template":"","meta":{"_acf_changed":false},"product_brand":[],"product_cat":[32],"product_tag":[],"class_list":{"0":"post-31795","1":"product","2":"type-product","3":"status-publish","4":"has-post-thumbnail","6":"product_cat-service","8":"first","9":"instock","10":"taxable","11":"shipping-taxable","12":"purchasable","13":"product-type-simple"},"bundled_by":[],"bundle_stock_status":"instock","bundle_stock_quantity":32,"bundle_virtual":false,"bundle_layout":"","bundle_add_to_cart_form_location":"","bundle_editable_in_cart":false,"bundle_sold_individually_context":"","bundle_item_grouping":"","bundle_min_size":"","bundle_max_size":"","bundle_price":[],"bundled_items":[],"bundle_sell_ids":[],"acf":[],"tiered_pricing_type":"fixed","tiered_pricing_fixed_rules":[],"tiered_pricing_product_settings":{"layout":"default","base_unit_name":{"singular":null,"plural":null},"default_variation":null},"tiered_pricing_minimum_quantity":null,"tiered_pricing_roles_data":[],"tiered_pricing_percentage_rules":[],"tiered_pricing_maximum_quantity":null,"tiered_pricing_quantity_step":null,"_links":{"self":[{"href":"https:\/\/partyinabox.dk\/party\/wp-json\/wp\/v2\/product\/31795","targetHints":{"allow":["GET"]}}],"collection":[{"href":"https:\/\/partyinabox.dk\/party\/wp-json\/wp\/v2\/product"}],"about":[{"href":"https:\/\/partyinabox.dk\/party\/wp-json\/wp\/v2\/types\/product"}],"wp:featuredmedia":[{"embeddable":true,"href":"https:\/\/partyinabox.dk\/party\/wp-json\/wp\/v2\/media\/31796"}],"wp:attachment":[{"href":"https:\/\/partyinabox.dk\/party\/wp-json\/wp\/v2\/media?parent=31795"}],"wp:term":[{"taxonomy":"product_brand","embeddable":true,"href":"https:\/\/partyinabox.dk\/party\/wp-json\/wp\/v2\/product_brand?post=31795"},{"taxonomy":"product_cat","embeddable":true,"href":"https:\/\/partyinabox.dk\/party\/wp-json\/wp\/v2\/product_cat?post=31795"},{"taxonomy":"product_tag","embeddable":true,"href":"https:\/\/partyinabox.dk\/party\/wp-json\/wp\/v2\/product_tag?post=31795"}],"curies":[{"name":"wp","href":"https:\/\/api.w.org\/{rel}","templated":true}]}}