{"id":31659,"date":"2022-12-01T00:00:00","date_gmt":"2022-11-30T23:00:00","guid":{"rendered":"https:\/\/partyinabox.dk\/party\/?post_type=product&#038;p=31659"},"modified":"2026-03-20T13:30:15","modified_gmt":"2026-03-20T12:30:15","slug":"staaende-soelv-folie-ballon-tal-8-stor","status":"publish","type":"product","link":"https:\/\/partyinabox.dk\/party\/vare\/staaende-soelv-folie-ballon-tal-8-stor\/","title":{"rendered":"St\u00e5ende s\u00f8lv folie ballon tal 8 (stor)"},"content":{"rendered":"<p>Pynt flot op til din f\u00f8dselsdag med denne store 8 tals folie ballon i s\u00f8lv, som kan st\u00e5 selv. Fyld ballonen med alm. luft og stil den lige hvor du har lyst. <strong>OBS:<\/strong> ballonen skal IKKE bruge helium! Indhold: 1 stk. \/ M\u00e5l: 70 cm<\/p>\n","protected":false},"excerpt":{"rendered":"<p>Pynt flot op til din f\u00f8dselsdag med denne store 8 tals folie ballon i s\u00f8lv, som kan st\u00e5 selv. Fyld ballonen med alm. luft og stil den lige hvor du har lyst. OBS: ballonen skal IKKE bruge helium! Indhold: 1 [&hellip;]<\/p>\n","protected":false},"featured_media":31660,"template":"","meta":{"_acf_changed":false},"product_brand":[],"product_cat":[61],"product_tag":[],"class_list":{"0":"post-31659","1":"product","2":"type-product","3":"status-publish","4":"has-post-thumbnail","6":"product_cat-folie-tal","8":"first","9":"instock","10":"taxable","11":"shipping-taxable","12":"purchasable","13":"product-type-simple"},"bundled_by":[],"bundle_stock_status":"instock","bundle_stock_quantity":35,"bundle_virtual":false,"bundle_layout":"","bundle_add_to_cart_form_location":"","bundle_editable_in_cart":false,"bundle_sold_individually_context":"","bundle_item_grouping":"","bundle_min_size":"","bundle_max_size":"","bundle_price":[],"bundled_items":[],"bundle_sell_ids":[],"acf":[],"tiered_pricing_type":"fixed","tiered_pricing_fixed_rules":[],"tiered_pricing_product_settings":{"layout":"default","base_unit_name":{"singular":null,"plural":null},"default_variation":null},"tiered_pricing_minimum_quantity":null,"tiered_pricing_roles_data":[],"tiered_pricing_percentage_rules":[],"tiered_pricing_maximum_quantity":null,"tiered_pricing_quantity_step":null,"_links":{"self":[{"href":"https:\/\/partyinabox.dk\/party\/wp-json\/wp\/v2\/product\/31659","targetHints":{"allow":["GET"]}}],"collection":[{"href":"https:\/\/partyinabox.dk\/party\/wp-json\/wp\/v2\/product"}],"about":[{"href":"https:\/\/partyinabox.dk\/party\/wp-json\/wp\/v2\/types\/product"}],"wp:featuredmedia":[{"embeddable":true,"href":"https:\/\/partyinabox.dk\/party\/wp-json\/wp\/v2\/media\/31660"}],"wp:attachment":[{"href":"https:\/\/partyinabox.dk\/party\/wp-json\/wp\/v2\/media?parent=31659"}],"wp:term":[{"taxonomy":"product_brand","embeddable":true,"href":"https:\/\/partyinabox.dk\/party\/wp-json\/wp\/v2\/product_brand?post=31659"},{"taxonomy":"product_cat","embeddable":true,"href":"https:\/\/partyinabox.dk\/party\/wp-json\/wp\/v2\/product_cat?post=31659"},{"taxonomy":"product_tag","embeddable":true,"href":"https:\/\/partyinabox.dk\/party\/wp-json\/wp\/v2\/product_tag?post=31659"}],"curies":[{"name":"wp","href":"https:\/\/api.w.org\/{rel}","templated":true}]}}