{"id":31567,"date":"2023-01-24T00:00:00","date_gmt":"2023-01-23T23:00:00","guid":{"rendered":"https:\/\/partyinabox.dk\/party\/?post_type=product&#038;p=31567"},"modified":"2026-04-11T20:14:04","modified_gmt":"2026-04-11T18:14:04","slug":"moerkegroen-hoer-bordloeber","status":"publish","type":"product","link":"https:\/\/partyinabox.dk\/party\/vare\/moerkegroen-hoer-bordloeber\/","title":{"rendered":"M\u00f8rk gr\u00f8n h\u00f8r bordl\u00f8ber"},"content":{"rendered":"<p>Pynt bordet flot op til fest med denne fine h\u00f8r bordl\u00f8ber i m\u00f8rk gr\u00f8n. L\u00f8beren vil g\u00f8re sig godt p\u00e5 bordet til b\u00e5de konfirmation, bryllup, d\u00e5b, babyshower eller en sommer have fest.<\/p>\n<p>Indhold: 1 stk. \/ M\u00e5l: 30 cm x 5 meter (B x L)<\/p>\n","protected":false},"excerpt":{"rendered":"<p>Pynt bordet flot op til fest med denne fine h\u00f8r bordl\u00f8ber i m\u00f8rk gr\u00f8n. L\u00f8beren vil g\u00f8re sig godt p\u00e5 bordet til b\u00e5de konfirmation, bryllup, d\u00e5b, babyshower eller en sommer have fest. Indhold: 1 stk. \/ M\u00e5l: 30 cm x [&hellip;]<\/p>\n","protected":false},"featured_media":34164,"template":"","meta":{"_acf_changed":false},"product_brand":[],"product_cat":[32],"product_tag":[],"class_list":{"0":"post-31567","1":"product","2":"type-product","3":"status-publish","4":"has-post-thumbnail","6":"product_cat-service","8":"first","9":"instock","10":"taxable","11":"shipping-taxable","12":"purchasable","13":"product-type-simple"},"bundled_by":[],"bundle_stock_status":"instock","bundle_stock_quantity":73,"bundle_virtual":false,"bundle_layout":"","bundle_add_to_cart_form_location":"","bundle_editable_in_cart":false,"bundle_sold_individually_context":"","bundle_item_grouping":"","bundle_min_size":"","bundle_max_size":"","bundle_price":[],"bundled_items":[],"bundle_sell_ids":[],"acf":[],"tiered_pricing_type":"fixed","tiered_pricing_fixed_rules":[],"tiered_pricing_product_settings":{"layout":"default","base_unit_name":{"singular":null,"plural":null},"default_variation":null},"tiered_pricing_minimum_quantity":null,"tiered_pricing_roles_data":[],"tiered_pricing_percentage_rules":[],"tiered_pricing_maximum_quantity":null,"tiered_pricing_quantity_step":null,"_links":{"self":[{"href":"https:\/\/partyinabox.dk\/party\/wp-json\/wp\/v2\/product\/31567","targetHints":{"allow":["GET"]}}],"collection":[{"href":"https:\/\/partyinabox.dk\/party\/wp-json\/wp\/v2\/product"}],"about":[{"href":"https:\/\/partyinabox.dk\/party\/wp-json\/wp\/v2\/types\/product"}],"wp:featuredmedia":[{"embeddable":true,"href":"https:\/\/partyinabox.dk\/party\/wp-json\/wp\/v2\/media\/34164"}],"wp:attachment":[{"href":"https:\/\/partyinabox.dk\/party\/wp-json\/wp\/v2\/media?parent=31567"}],"wp:term":[{"taxonomy":"product_brand","embeddable":true,"href":"https:\/\/partyinabox.dk\/party\/wp-json\/wp\/v2\/product_brand?post=31567"},{"taxonomy":"product_cat","embeddable":true,"href":"https:\/\/partyinabox.dk\/party\/wp-json\/wp\/v2\/product_cat?post=31567"},{"taxonomy":"product_tag","embeddable":true,"href":"https:\/\/partyinabox.dk\/party\/wp-json\/wp\/v2\/product_tag?post=31567"}],"curies":[{"name":"wp","href":"https:\/\/api.w.org\/{rel}","templated":true}]}}