{"id":31539,"date":"2023-06-14T00:00:00","date_gmt":"2023-06-13T22:00:00","guid":{"rendered":"https:\/\/partyinabox.dk\/party\/?post_type=product&#038;p=31539"},"modified":"2026-03-30T13:16:43","modified_gmt":"2026-03-30T11:16:43","slug":"lille-hvid-aeske-m-guld-hjerte","status":"publish","type":"product","link":"https:\/\/partyinabox.dk\/party\/vare\/lille-hvid-aeske-m-guld-hjerte\/","title":{"rendered":"Lille hvid \u00e6ske m\/guld hjerte"},"content":{"rendered":"<p>S\u00f8d hvid \u00e6ske med et lille guld hjerte p\u00e5 toppen til at lukke \u00e6sken med. \u00c6sken er perfekt til at ligge ved hver tallerken med sm\u00e5 bolsjer eller chokolader i, eller til at have roseblade eller bionedbrydelig konfetti i, som g\u00e6sterne kan kaste ud over brudeparret til deres bryllup. Indhold: 6 stk. \/ M\u00e5l, samlet: 5.5 x 18 x 5.5 cm<\/p>\n","protected":false},"excerpt":{"rendered":"<p>S\u00f8d hvid \u00e6ske med et lille guld hjerte p\u00e5 toppen til at lukke \u00e6sken med. \u00c6sken er perfekt til at ligge ved hver tallerken med sm\u00e5 bolsjer eller chokolader i, eller til at have roseblade eller bionedbrydelig konfetti i, som [&hellip;]<\/p>\n","protected":false},"featured_media":31542,"template":"","meta":{"_acf_changed":false},"product_brand":[],"product_cat":[32,34],"product_tag":[],"class_list":{"0":"post-31539","1":"product","2":"type-product","3":"status-publish","4":"has-post-thumbnail","6":"product_cat-service","7":"product_cat-accessories","9":"first","10":"instock","11":"sale","12":"taxable","13":"shipping-taxable","14":"purchasable","15":"product-type-simple"},"bundled_by":[],"bundle_stock_status":"instock","bundle_stock_quantity":108,"bundle_virtual":false,"bundle_layout":"","bundle_add_to_cart_form_location":"","bundle_editable_in_cart":false,"bundle_sold_individually_context":"","bundle_item_grouping":"","bundle_min_size":"","bundle_max_size":"","bundle_price":[],"bundled_items":[],"bundle_sell_ids":[],"acf":[],"tiered_pricing_type":"fixed","tiered_pricing_fixed_rules":[],"tiered_pricing_product_settings":{"layout":"default","base_unit_name":{"singular":null,"plural":null},"default_variation":null},"tiered_pricing_minimum_quantity":null,"tiered_pricing_roles_data":[],"tiered_pricing_percentage_rules":[],"tiered_pricing_maximum_quantity":null,"tiered_pricing_quantity_step":null,"_links":{"self":[{"href":"https:\/\/partyinabox.dk\/party\/wp-json\/wp\/v2\/product\/31539","targetHints":{"allow":["GET"]}}],"collection":[{"href":"https:\/\/partyinabox.dk\/party\/wp-json\/wp\/v2\/product"}],"about":[{"href":"https:\/\/partyinabox.dk\/party\/wp-json\/wp\/v2\/types\/product"}],"wp:featuredmedia":[{"embeddable":true,"href":"https:\/\/partyinabox.dk\/party\/wp-json\/wp\/v2\/media\/31542"}],"wp:attachment":[{"href":"https:\/\/partyinabox.dk\/party\/wp-json\/wp\/v2\/media?parent=31539"}],"wp:term":[{"taxonomy":"product_brand","embeddable":true,"href":"https:\/\/partyinabox.dk\/party\/wp-json\/wp\/v2\/product_brand?post=31539"},{"taxonomy":"product_cat","embeddable":true,"href":"https:\/\/partyinabox.dk\/party\/wp-json\/wp\/v2\/product_cat?post=31539"},{"taxonomy":"product_tag","embeddable":true,"href":"https:\/\/partyinabox.dk\/party\/wp-json\/wp\/v2\/product_tag?post=31539"}],"curies":[{"name":"wp","href":"https:\/\/api.w.org\/{rel}","templated":true}]}}