{"id":31533,"date":"2023-06-22T00:00:00","date_gmt":"2023-06-21T22:00:00","guid":{"rendered":"https:\/\/partyinabox.dk\/party\/?post_type=product&#038;p=31533"},"modified":"2026-04-18T20:53:46","modified_gmt":"2026-04-18T18:53:46","slug":"prop-med-led-lydkaede-til-flaske","status":"publish","type":"product","link":"https:\/\/partyinabox.dk\/party\/vare\/prop-med-led-lydkaede-til-flaske\/","title":{"rendered":"Prop med LED lysk\u00e6de til flaske"},"content":{"rendered":"<p>Giv dit bord eller gulv en hyggelig og smuk stemning n\u00e5r natten falder p\u00e5 til f.eks. dit bryllup, konfirmation eller sommer have fest med smukke flasker med lys i. Proppen er med batterier og en lille t\u00e6nd\/sluk knap, samt en 197 cm varm hvid LED lysk\u00e6de, som du nemt kan putte i lige den glasflaske du \u00f8nsker. Proppen bruger 3 x LR44 batterier (inkluderet), som nemt kan skiftes, og proppen kan derfor bruges igen og igen.<\/p>\n<p><strong>OBS:<\/strong> <a href=\"https:\/\/partyinabox.dk\/party\/vare\/glasflaske-med-korkprop\/\">glasflaske<\/a> IKKE inkluderet! Den kan du k\u00f8be <a href=\"https:\/\/partyinabox.dk\/party\/vare\/glasflaske-med-korkprop\/\">HER.<\/a><\/p>\n<p>Indhold: 1 x prop med lysk\u00e6de \/ M\u00e5l, lysk\u00e6de: 197 cm \/ M\u00e5l, prop: 2.5 x 4.5 cm \/ Bruger: 3 x LR44 batterier (inkluderet)<\/p>\n","protected":false},"excerpt":{"rendered":"<p>Giv dit bord eller gulv en hyggelig og smuk stemning n\u00e5r natten falder p\u00e5 til f.eks. dit bryllup, konfirmation eller sommer have fest med smukke flasker med lys i. Proppen er med batterier og en lille t\u00e6nd\/sluk knap, samt en [&hellip;]<\/p>\n","protected":false},"featured_media":31536,"template":"","meta":{"_acf_changed":false},"product_brand":[],"product_cat":[19],"product_tag":[],"class_list":{"0":"post-31533","1":"product","2":"type-product","3":"status-publish","4":"has-post-thumbnail","6":"product_cat-pynt","8":"first","9":"instock","10":"taxable","11":"shipping-taxable","12":"purchasable","13":"product-type-simple"},"bundled_by":[],"bundle_stock_status":"instock","bundle_stock_quantity":383,"bundle_virtual":false,"bundle_layout":"","bundle_add_to_cart_form_location":"","bundle_editable_in_cart":false,"bundle_sold_individually_context":"","bundle_item_grouping":"","bundle_min_size":"","bundle_max_size":"","bundle_price":[],"bundled_items":[],"bundle_sell_ids":[],"acf":[],"tiered_pricing_type":"fixed","tiered_pricing_fixed_rules":[],"tiered_pricing_product_settings":{"layout":"default","base_unit_name":{"singular":null,"plural":null},"default_variation":null},"tiered_pricing_minimum_quantity":null,"tiered_pricing_roles_data":[],"tiered_pricing_percentage_rules":[],"tiered_pricing_maximum_quantity":null,"tiered_pricing_quantity_step":null,"_links":{"self":[{"href":"https:\/\/partyinabox.dk\/party\/wp-json\/wp\/v2\/product\/31533","targetHints":{"allow":["GET"]}}],"collection":[{"href":"https:\/\/partyinabox.dk\/party\/wp-json\/wp\/v2\/product"}],"about":[{"href":"https:\/\/partyinabox.dk\/party\/wp-json\/wp\/v2\/types\/product"}],"wp:featuredmedia":[{"embeddable":true,"href":"https:\/\/partyinabox.dk\/party\/wp-json\/wp\/v2\/media\/31536"}],"wp:attachment":[{"href":"https:\/\/partyinabox.dk\/party\/wp-json\/wp\/v2\/media?parent=31533"}],"wp:term":[{"taxonomy":"product_brand","embeddable":true,"href":"https:\/\/partyinabox.dk\/party\/wp-json\/wp\/v2\/product_brand?post=31533"},{"taxonomy":"product_cat","embeddable":true,"href":"https:\/\/partyinabox.dk\/party\/wp-json\/wp\/v2\/product_cat?post=31533"},{"taxonomy":"product_tag","embeddable":true,"href":"https:\/\/partyinabox.dk\/party\/wp-json\/wp\/v2\/product_tag?post=31533"}],"curies":[{"name":"wp","href":"https:\/\/api.w.org\/{rel}","templated":true}]}}