{"id":29879,"date":"2024-04-25T00:00:00","date_gmt":"2024-04-24T22:00:00","guid":{"rendered":"https:\/\/partyinabox.dk\/party\/?post_type=product&#038;p=29879"},"modified":"2026-03-16T08:31:23","modified_gmt":"2026-03-16T07:31:23","slug":"soelv-stjerne-drinks-pind-m-glimmer-godt-nytaar","status":"publish","type":"product","link":"https:\/\/partyinabox.dk\/party\/vare\/soelv-stjerne-drinks-pind-m-glimmer-godt-nytaar\/","title":{"rendered":"S\u00f8lv stjerne drinks pind m. glimmer &#8220;Godt Nyt\u00e5r&#8221;"},"content":{"rendered":"<p>Pift dine drinks op til nyt\u00e5r med de super flotte drinks pinde. Pinden er fuld af s\u00f8lv glimmer. Toppen er formet som en stjerne, hvor der st\u00e5r skrevet Godt Nyt\u00e5r. Vi s\u00f8rger for at dine cocktails bliver helt klar til nyt\u00e5r. For beskyttelse har drinkspinden film p\u00e5, som nemt kan tages af ved brug. 1 stk. i pakken.<\/p>\n","protected":false},"excerpt":{"rendered":"<p>Pift dine drinks op til nyt\u00e5r med de super flotte drinks pinde. Pinden er fuld af s\u00f8lv glimmer. Toppen er formet som en stjerne, hvor der st\u00e5r skrevet Godt Nyt\u00e5r. Vi s\u00f8rger for at dine cocktails bliver helt klar til [&hellip;]<\/p>\n","protected":false},"featured_media":30041,"template":"","meta":{"_acf_changed":false},"product_brand":[],"product_cat":[32],"product_tag":[],"class_list":{"0":"post-29879","1":"product","2":"type-product","3":"status-publish","4":"has-post-thumbnail","6":"product_cat-service","8":"first","9":"outofstock","10":"taxable","11":"shipping-taxable","12":"purchasable","13":"product-type-simple"},"bundled_by":[],"bundle_stock_status":"outofstock","bundle_stock_quantity":0,"bundle_virtual":false,"bundle_layout":"","bundle_add_to_cart_form_location":"","bundle_editable_in_cart":false,"bundle_sold_individually_context":"","bundle_item_grouping":"","bundle_min_size":"","bundle_max_size":"","bundle_price":[],"bundled_items":[],"bundle_sell_ids":[],"acf":[],"tiered_pricing_type":"fixed","tiered_pricing_fixed_rules":[],"tiered_pricing_product_settings":{"layout":"default","base_unit_name":{"singular":null,"plural":null},"default_variation":null},"tiered_pricing_minimum_quantity":null,"tiered_pricing_roles_data":[],"tiered_pricing_percentage_rules":[],"tiered_pricing_maximum_quantity":null,"tiered_pricing_quantity_step":null,"_links":{"self":[{"href":"https:\/\/partyinabox.dk\/party\/wp-json\/wp\/v2\/product\/29879","targetHints":{"allow":["GET"]}}],"collection":[{"href":"https:\/\/partyinabox.dk\/party\/wp-json\/wp\/v2\/product"}],"about":[{"href":"https:\/\/partyinabox.dk\/party\/wp-json\/wp\/v2\/types\/product"}],"wp:featuredmedia":[{"embeddable":true,"href":"https:\/\/partyinabox.dk\/party\/wp-json\/wp\/v2\/media\/30041"}],"wp:attachment":[{"href":"https:\/\/partyinabox.dk\/party\/wp-json\/wp\/v2\/media?parent=29879"}],"wp:term":[{"taxonomy":"product_brand","embeddable":true,"href":"https:\/\/partyinabox.dk\/party\/wp-json\/wp\/v2\/product_brand?post=29879"},{"taxonomy":"product_cat","embeddable":true,"href":"https:\/\/partyinabox.dk\/party\/wp-json\/wp\/v2\/product_cat?post=29879"},{"taxonomy":"product_tag","embeddable":true,"href":"https:\/\/partyinabox.dk\/party\/wp-json\/wp\/v2\/product_tag?post=29879"}],"curies":[{"name":"wp","href":"https:\/\/api.w.org\/{rel}","templated":true}]}}