{"id":29781,"date":"2021-12-09T15:31:43","date_gmt":"2021-12-09T14:31:43","guid":{"rendered":"https:\/\/partyinabox.dk\/party\/?post_type=product&#038;p=29781"},"modified":"2026-04-14T22:39:48","modified_gmt":"2026-04-14T20:39:48","slug":"sort-fest-gardin","status":"publish","type":"product","link":"https:\/\/partyinabox.dk\/party\/vare\/sort-fest-gardin\/","title":{"rendered":"Sort fest gardin"},"content":{"rendered":"<p>Det sorte fest gardin er perfekt til d\u00f8ren, v\u00e6ggen eller som et selfie spot. Gardinet bruges ofte som en baggrund. Det er helt sikkert med til at pifte din fest op. Stil b\u00e5de balloner ved, h\u00e6ng pynt p\u00e5 gardinet eller brug det som det er. M\u00e5l: 90 x 250 cm.<\/p>\n","protected":false},"excerpt":{"rendered":"<p>Det sorte fest gardin er perfekt til d\u00f8ren, v\u00e6ggen eller som et selfie spot. Gardinet bruges ofte som en baggrund. Det er helt sikkert med til at pifte din fest op. Stil b\u00e5de balloner ved, h\u00e6ng pynt p\u00e5 gardinet eller [&hellip;]<\/p>\n","protected":false},"featured_media":29783,"template":"","meta":{"_acf_changed":false},"product_brand":[],"product_cat":[19],"product_tag":[],"class_list":{"0":"post-29781","1":"product","2":"type-product","3":"status-publish","4":"has-post-thumbnail","6":"product_cat-pynt","8":"first","9":"instock","10":"taxable","11":"shipping-taxable","12":"purchasable","13":"product-type-simple"},"bundled_by":[],"bundle_stock_status":"instock","bundle_stock_quantity":237,"bundle_virtual":false,"bundle_layout":"","bundle_add_to_cart_form_location":"","bundle_editable_in_cart":false,"bundle_sold_individually_context":"","bundle_item_grouping":"","bundle_min_size":"","bundle_max_size":"","bundle_price":[],"bundled_items":[],"bundle_sell_ids":[],"acf":[],"tiered_pricing_type":"fixed","tiered_pricing_fixed_rules":[],"tiered_pricing_product_settings":{"layout":"default","base_unit_name":{"singular":null,"plural":null},"default_variation":null},"tiered_pricing_minimum_quantity":null,"tiered_pricing_roles_data":[],"tiered_pricing_percentage_rules":[],"tiered_pricing_maximum_quantity":null,"tiered_pricing_quantity_step":null,"_links":{"self":[{"href":"https:\/\/partyinabox.dk\/party\/wp-json\/wp\/v2\/product\/29781","targetHints":{"allow":["GET"]}}],"collection":[{"href":"https:\/\/partyinabox.dk\/party\/wp-json\/wp\/v2\/product"}],"about":[{"href":"https:\/\/partyinabox.dk\/party\/wp-json\/wp\/v2\/types\/product"}],"wp:featuredmedia":[{"embeddable":true,"href":"https:\/\/partyinabox.dk\/party\/wp-json\/wp\/v2\/media\/29783"}],"wp:attachment":[{"href":"https:\/\/partyinabox.dk\/party\/wp-json\/wp\/v2\/media?parent=29781"}],"wp:term":[{"taxonomy":"product_brand","embeddable":true,"href":"https:\/\/partyinabox.dk\/party\/wp-json\/wp\/v2\/product_brand?post=29781"},{"taxonomy":"product_cat","embeddable":true,"href":"https:\/\/partyinabox.dk\/party\/wp-json\/wp\/v2\/product_cat?post=29781"},{"taxonomy":"product_tag","embeddable":true,"href":"https:\/\/partyinabox.dk\/party\/wp-json\/wp\/v2\/product_tag?post=29781"}],"curies":[{"name":"wp","href":"https:\/\/api.w.org\/{rel}","templated":true}]}}