{"id":29499,"date":"2021-12-01T13:50:52","date_gmt":"2021-12-01T12:50:52","guid":{"rendered":"https:\/\/partyinabox.dk\/party\/?post_type=product&#038;p=29499"},"modified":"2026-03-13T11:06:05","modified_gmt":"2026-03-13T10:06:05","slug":"rosa-pink-lyseroed-konfetti-ballon","status":"publish","type":"product","link":"https:\/\/partyinabox.dk\/party\/vare\/rosa-pink-lyseroed-konfetti-ballon\/","title":{"rendered":"Rosa\/pink\/lyser\u00f8d konfetti ballon"},"content":{"rendered":"<p>Pynt flot op til babyshower, d\u00e5b, 1 \u00e5rs f\u00f8dselsdag, polterabend eller rigtig pink pige fest med disse fine transparente balloner fyldt med rosa, pink og lyser\u00f8d konfetti. Husk helium, hvis ballonerne skal sv\u00e6ve. Brug ikke Hi Float i balloner med konfetti, da konfettien vil klister sammen. Gnid ballonen mod dit t\u00f8j for at skabe statisk elektricitet, der f\u00e5r konfettien til at sidde fast p\u00e5 siderne. Indhold: 5 stk. \/ M\u00e5l: 30 cm<\/p>\n","protected":false},"excerpt":{"rendered":"<p>Pynt flot op til babyshower, d\u00e5b, 1 \u00e5rs f\u00f8dselsdag, polterabend eller rigtig pink pige fest med disse fine transparente balloner fyldt med rosa, pink og lyser\u00f8d konfetti. Husk helium, hvis ballonerne skal sv\u00e6ve. Brug ikke Hi Float i balloner med [&hellip;]<\/p>\n","protected":false},"featured_media":29503,"template":"","meta":{"_acf_changed":false},"product_brand":[],"product_cat":[30],"product_tag":[],"class_list":{"0":"post-29499","1":"product","2":"type-product","3":"status-publish","4":"has-post-thumbnail","6":"product_cat-balloner","8":"first","9":"outofstock","10":"taxable","11":"shipping-taxable","12":"purchasable","13":"product-type-simple"},"bundled_by":[],"bundle_stock_status":"outofstock","bundle_stock_quantity":0,"bundle_virtual":false,"bundle_layout":"","bundle_add_to_cart_form_location":"","bundle_editable_in_cart":false,"bundle_sold_individually_context":"","bundle_item_grouping":"","bundle_min_size":"","bundle_max_size":"","bundle_price":[],"bundled_items":[],"bundle_sell_ids":[],"acf":[],"tiered_pricing_type":"fixed","tiered_pricing_fixed_rules":[],"tiered_pricing_product_settings":{"layout":"default","base_unit_name":{"singular":null,"plural":null},"default_variation":null},"tiered_pricing_minimum_quantity":null,"tiered_pricing_roles_data":[],"tiered_pricing_percentage_rules":[],"tiered_pricing_maximum_quantity":null,"tiered_pricing_quantity_step":null,"_links":{"self":[{"href":"https:\/\/partyinabox.dk\/party\/wp-json\/wp\/v2\/product\/29499","targetHints":{"allow":["GET"]}}],"collection":[{"href":"https:\/\/partyinabox.dk\/party\/wp-json\/wp\/v2\/product"}],"about":[{"href":"https:\/\/partyinabox.dk\/party\/wp-json\/wp\/v2\/types\/product"}],"wp:featuredmedia":[{"embeddable":true,"href":"https:\/\/partyinabox.dk\/party\/wp-json\/wp\/v2\/media\/29503"}],"wp:attachment":[{"href":"https:\/\/partyinabox.dk\/party\/wp-json\/wp\/v2\/media?parent=29499"}],"wp:term":[{"taxonomy":"product_brand","embeddable":true,"href":"https:\/\/partyinabox.dk\/party\/wp-json\/wp\/v2\/product_brand?post=29499"},{"taxonomy":"product_cat","embeddable":true,"href":"https:\/\/partyinabox.dk\/party\/wp-json\/wp\/v2\/product_cat?post=29499"},{"taxonomy":"product_tag","embeddable":true,"href":"https:\/\/partyinabox.dk\/party\/wp-json\/wp\/v2\/product_tag?post=29499"}],"curies":[{"name":"wp","href":"https:\/\/api.w.org\/{rel}","templated":true}]}}