{"id":29423,"date":"2023-06-12T00:00:00","date_gmt":"2023-06-11T22:00:00","guid":{"rendered":"https:\/\/partyinabox.dk\/party\/?post_type=product&#038;p=29423"},"modified":"2026-03-20T14:13:36","modified_gmt":"2026-03-20T13:13:36","slug":"mint-ballon-vaegt","status":"publish","type":"product","link":"https:\/\/partyinabox.dk\/party\/vare\/mint-ballon-vaegt\/","title":{"rendered":"Mint ballon v\u00e6gt rund"},"content":{"rendered":"<p>Den mint farvet runde bubble v\u00e6gt er af plastik og kan holde op til 4 latex balloner med helium eller en folie ballon p\u00e5 30 cm. De er perfekte til at dekorere et rum til en f\u00f8dselsdag, fest, barned\u00e5b, konfirmation m.m. Vejer 35 gram og er 4,5 cm.<\/p>\n","protected":false},"excerpt":{"rendered":"<p>Den mint farvet runde bubble v\u00e6gt er af plastik og kan holde op til 4 latex balloner med helium eller en folie ballon p\u00e5 30 cm. De er perfekte til at dekorere et rum til en f\u00f8dselsdag, fest, barned\u00e5b, konfirmation [&hellip;]<\/p>\n","protected":false},"featured_media":29424,"template":"","meta":{"_acf_changed":false},"product_brand":[],"product_cat":[30,15],"product_tag":[],"class_list":{"0":"post-29423","1":"product","2":"type-product","3":"status-publish","4":"has-post-thumbnail","6":"product_cat-balloner","7":"product_cat-ukategoriseret","9":"first","10":"instock","11":"taxable","12":"shipping-taxable","13":"purchasable","14":"product-type-simple"},"bundled_by":[],"bundle_stock_status":"instock","bundle_stock_quantity":191,"bundle_virtual":false,"bundle_layout":"","bundle_add_to_cart_form_location":"","bundle_editable_in_cart":false,"bundle_sold_individually_context":"","bundle_item_grouping":"","bundle_min_size":"","bundle_max_size":"","bundle_price":[],"bundled_items":[],"bundle_sell_ids":[],"acf":[],"tiered_pricing_type":"fixed","tiered_pricing_fixed_rules":[],"tiered_pricing_product_settings":{"layout":"default","base_unit_name":{"singular":null,"plural":null},"default_variation":null},"tiered_pricing_minimum_quantity":null,"tiered_pricing_roles_data":[],"tiered_pricing_percentage_rules":[],"tiered_pricing_maximum_quantity":null,"tiered_pricing_quantity_step":null,"_links":{"self":[{"href":"https:\/\/partyinabox.dk\/party\/wp-json\/wp\/v2\/product\/29423","targetHints":{"allow":["GET"]}}],"collection":[{"href":"https:\/\/partyinabox.dk\/party\/wp-json\/wp\/v2\/product"}],"about":[{"href":"https:\/\/partyinabox.dk\/party\/wp-json\/wp\/v2\/types\/product"}],"wp:featuredmedia":[{"embeddable":true,"href":"https:\/\/partyinabox.dk\/party\/wp-json\/wp\/v2\/media\/29424"}],"wp:attachment":[{"href":"https:\/\/partyinabox.dk\/party\/wp-json\/wp\/v2\/media?parent=29423"}],"wp:term":[{"taxonomy":"product_brand","embeddable":true,"href":"https:\/\/partyinabox.dk\/party\/wp-json\/wp\/v2\/product_brand?post=29423"},{"taxonomy":"product_cat","embeddable":true,"href":"https:\/\/partyinabox.dk\/party\/wp-json\/wp\/v2\/product_cat?post=29423"},{"taxonomy":"product_tag","embeddable":true,"href":"https:\/\/partyinabox.dk\/party\/wp-json\/wp\/v2\/product_tag?post=29423"}],"curies":[{"name":"wp","href":"https:\/\/api.w.org\/{rel}","templated":true}]}}