{"id":28686,"date":"2021-11-02T13:52:03","date_gmt":"2021-11-02T12:52:03","guid":{"rendered":"https:\/\/partyinabox.dk\/party\/?post_type=product&#038;p=28686"},"modified":"2026-04-02T03:34:05","modified_gmt":"2026-04-02T01:34:05","slug":"guld-party-poppers","status":"publish","type":"product","link":"https:\/\/partyinabox.dk\/party\/vare\/guld-party-poppers\/","title":{"rendered":"Guld party poppers"},"content":{"rendered":"<p>Skyd festen eller nyt\u00e5r igang med disse sm\u00e5 festlige konfettir\u00f8r lige til at s\u00e6tte p\u00e5 f.eks. bordet.<\/p>\n<p><strong>OBS:<\/strong> m\u00e5 kun bruges af b\u00f8rn over 12 \u00e5r. Hold v\u00e6k fra \u00e5ben ild. Skyd aldrig mod ansigtet, andre personer eller dyr. Skyd ikke af t\u00e6t p\u00e5 \u00f8ret. Husk beskyttelsesbriller.<\/p>\n<p>Indhold: 8 stk. \/ M\u00e5l: ca. 10 cm (H)<\/p>\n","protected":false},"excerpt":{"rendered":"<p>Skyd festen eller nyt\u00e5r igang med disse sm\u00e5 festlige konfettir\u00f8r lige til at s\u00e6tte p\u00e5 f.eks. bordet. OBS: m\u00e5 kun bruges af b\u00f8rn over 12 \u00e5r. Hold v\u00e6k fra \u00e5ben ild. Skyd aldrig mod ansigtet, andre personer eller dyr. Skyd [&hellip;]<\/p>\n","protected":false},"featured_media":28687,"template":"","meta":{"_acf_changed":false},"product_brand":[],"product_cat":[34],"product_tag":[],"class_list":{"0":"post-28686","1":"product","2":"type-product","3":"status-publish","4":"has-post-thumbnail","6":"product_cat-accessories","8":"first","9":"instock","10":"taxable","11":"shipping-taxable","12":"purchasable","13":"product-type-simple"},"bundled_by":[],"bundle_stock_status":"instock","bundle_stock_quantity":3,"bundle_virtual":false,"bundle_layout":"","bundle_add_to_cart_form_location":"","bundle_editable_in_cart":false,"bundle_sold_individually_context":"","bundle_item_grouping":"","bundle_min_size":"","bundle_max_size":"","bundle_price":[],"bundled_items":[],"bundle_sell_ids":[],"acf":[],"tiered_pricing_type":"fixed","tiered_pricing_fixed_rules":[],"tiered_pricing_product_settings":{"layout":"default","base_unit_name":{"singular":null,"plural":null},"default_variation":null},"tiered_pricing_minimum_quantity":null,"tiered_pricing_roles_data":[],"tiered_pricing_percentage_rules":[],"tiered_pricing_maximum_quantity":null,"tiered_pricing_quantity_step":null,"_links":{"self":[{"href":"https:\/\/partyinabox.dk\/party\/wp-json\/wp\/v2\/product\/28686","targetHints":{"allow":["GET"]}}],"collection":[{"href":"https:\/\/partyinabox.dk\/party\/wp-json\/wp\/v2\/product"}],"about":[{"href":"https:\/\/partyinabox.dk\/party\/wp-json\/wp\/v2\/types\/product"}],"wp:featuredmedia":[{"embeddable":true,"href":"https:\/\/partyinabox.dk\/party\/wp-json\/wp\/v2\/media\/28687"}],"wp:attachment":[{"href":"https:\/\/partyinabox.dk\/party\/wp-json\/wp\/v2\/media?parent=28686"}],"wp:term":[{"taxonomy":"product_brand","embeddable":true,"href":"https:\/\/partyinabox.dk\/party\/wp-json\/wp\/v2\/product_brand?post=28686"},{"taxonomy":"product_cat","embeddable":true,"href":"https:\/\/partyinabox.dk\/party\/wp-json\/wp\/v2\/product_cat?post=28686"},{"taxonomy":"product_tag","embeddable":true,"href":"https:\/\/partyinabox.dk\/party\/wp-json\/wp\/v2\/product_tag?post=28686"}],"curies":[{"name":"wp","href":"https:\/\/api.w.org\/{rel}","templated":true}]}}