{"id":28313,"date":"2024-02-20T00:00:00","date_gmt":"2024-02-19T23:00:00","guid":{"rendered":"https:\/\/partyinabox.dk\/party\/?post_type=product&#038;p=28313"},"modified":"2026-03-16T08:31:21","modified_gmt":"2026-03-16T07:31:21","slug":"kage-pynt-10-roede-stjerner-m-glimmer-2","status":"publish","type":"product","link":"https:\/\/partyinabox.dk\/party\/vare\/kage-pynt-10-roede-stjerner-m-glimmer-2\/","title":{"rendered":"Kage pynt r\u00f8d stjerne m\/ glimmer"},"content":{"rendered":"<p>De seje r\u00f8de stjerner at nemt at tilf\u00f8je til en kage for at g\u00f8re lidt ekstra ud af din f\u00f8dselsdag, barned\u00e5b eller almindelig fest. Brug de flotte kage sticks \/ kagedekoration til en hver anledning. Der er r\u00f8d glimmer p\u00e5 stjernerne. 10 stk. i en pakke. M\u00e5l: 2,5 x 8 cm.<\/p>\n","protected":false},"excerpt":{"rendered":"<p>De seje r\u00f8de stjerner at nemt at tilf\u00f8je til en kage for at g\u00f8re lidt ekstra ud af din f\u00f8dselsdag, barned\u00e5b eller almindelig fest. Brug de flotte kage sticks \/ kagedekoration til en hver anledning. Der er r\u00f8d glimmer p\u00e5 [&hellip;]<\/p>\n","protected":false},"featured_media":28328,"template":"","meta":{"_acf_changed":false},"product_brand":[],"product_cat":[33],"product_tag":[],"class_list":{"0":"post-28313","1":"product","2":"type-product","3":"status-publish","4":"has-post-thumbnail","6":"product_cat-til-kagen","8":"first","9":"outofstock","10":"taxable","11":"shipping-taxable","12":"purchasable","13":"product-type-simple"},"bundled_by":[],"bundle_stock_status":"outofstock","bundle_stock_quantity":0,"bundle_virtual":false,"bundle_layout":"","bundle_add_to_cart_form_location":"","bundle_editable_in_cart":false,"bundle_sold_individually_context":"","bundle_item_grouping":"","bundle_min_size":"","bundle_max_size":"","bundle_price":[],"bundled_items":[],"bundle_sell_ids":[],"acf":[],"tiered_pricing_type":"fixed","tiered_pricing_fixed_rules":[],"tiered_pricing_product_settings":{"layout":"default","base_unit_name":{"singular":null,"plural":null},"default_variation":null},"tiered_pricing_minimum_quantity":null,"tiered_pricing_roles_data":[],"tiered_pricing_percentage_rules":[],"tiered_pricing_maximum_quantity":null,"tiered_pricing_quantity_step":null,"_links":{"self":[{"href":"https:\/\/partyinabox.dk\/party\/wp-json\/wp\/v2\/product\/28313","targetHints":{"allow":["GET"]}}],"collection":[{"href":"https:\/\/partyinabox.dk\/party\/wp-json\/wp\/v2\/product"}],"about":[{"href":"https:\/\/partyinabox.dk\/party\/wp-json\/wp\/v2\/types\/product"}],"wp:featuredmedia":[{"embeddable":true,"href":"https:\/\/partyinabox.dk\/party\/wp-json\/wp\/v2\/media\/28328"}],"wp:attachment":[{"href":"https:\/\/partyinabox.dk\/party\/wp-json\/wp\/v2\/media?parent=28313"}],"wp:term":[{"taxonomy":"product_brand","embeddable":true,"href":"https:\/\/partyinabox.dk\/party\/wp-json\/wp\/v2\/product_brand?post=28313"},{"taxonomy":"product_cat","embeddable":true,"href":"https:\/\/partyinabox.dk\/party\/wp-json\/wp\/v2\/product_cat?post=28313"},{"taxonomy":"product_tag","embeddable":true,"href":"https:\/\/partyinabox.dk\/party\/wp-json\/wp\/v2\/product_tag?post=28313"}],"curies":[{"name":"wp","href":"https:\/\/api.w.org\/{rel}","templated":true}]}}