{"id":27583,"date":"2023-12-14T00:00:00","date_gmt":"2023-12-13T23:00:00","guid":{"rendered":"https:\/\/partyinabox.dk\/party\/?post_type=product&#038;p=27583"},"modified":"2026-03-30T13:16:42","modified_gmt":"2026-03-30T11:16:42","slug":"drinks-holder-guld-juletrae","status":"publish","type":"product","link":"https:\/\/partyinabox.dk\/party\/vare\/drinks-holder-guld-juletrae\/","title":{"rendered":"Glas holder guld juletr\u00e6"},"content":{"rendered":"<p>G\u00f8r lidt ekstra ud af dine velkomstdrinks til dine juleg\u00e6ster. Guldholderen er formet som et juletr\u00e6 og er med shine og 3D effekt, som giver et fedt blikfang ved indgangen eller p\u00e5 et dessertbord. Det kan v\u00e6re til julehygge, julefrokost eller juleaften, hvor dine drinks kan st\u00e5 helt skrap. Standeren er nem at samle, hvor der er plads til 6 af dine favorit drinks. M\u00e5l: 55 x 40 cm.<\/p>\n","protected":false},"excerpt":{"rendered":"<p>G\u00f8r lidt ekstra ud af dine velkomstdrinks til dine juleg\u00e6ster. Guldholderen er formet som et juletr\u00e6 og er med shine og 3D effekt, som giver et fedt blikfang ved indgangen eller p\u00e5 et dessertbord. Det kan v\u00e6re til julehygge, julefrokost [&hellip;]<\/p>\n","protected":false},"featured_media":27586,"template":"","meta":{"_acf_changed":false},"product_brand":[],"product_cat":[32,30],"product_tag":[],"class_list":{"0":"post-27583","1":"product","2":"type-product","3":"status-publish","4":"has-post-thumbnail","6":"product_cat-service","7":"product_cat-balloner","9":"first","10":"instock","11":"sale","12":"taxable","13":"shipping-taxable","14":"purchasable","15":"product-type-simple"},"bundled_by":[],"bundle_stock_status":"instock","bundle_stock_quantity":133,"bundle_virtual":false,"bundle_layout":"","bundle_add_to_cart_form_location":"","bundle_editable_in_cart":false,"bundle_sold_individually_context":"","bundle_item_grouping":"","bundle_min_size":"","bundle_max_size":"","bundle_price":[],"bundled_items":[],"bundle_sell_ids":[],"acf":[],"tiered_pricing_type":"fixed","tiered_pricing_fixed_rules":[],"tiered_pricing_product_settings":{"layout":"default","base_unit_name":{"singular":null,"plural":null},"default_variation":null},"tiered_pricing_minimum_quantity":null,"tiered_pricing_roles_data":[],"tiered_pricing_percentage_rules":[],"tiered_pricing_maximum_quantity":null,"tiered_pricing_quantity_step":null,"_links":{"self":[{"href":"https:\/\/partyinabox.dk\/party\/wp-json\/wp\/v2\/product\/27583","targetHints":{"allow":["GET"]}}],"collection":[{"href":"https:\/\/partyinabox.dk\/party\/wp-json\/wp\/v2\/product"}],"about":[{"href":"https:\/\/partyinabox.dk\/party\/wp-json\/wp\/v2\/types\/product"}],"wp:featuredmedia":[{"embeddable":true,"href":"https:\/\/partyinabox.dk\/party\/wp-json\/wp\/v2\/media\/27586"}],"wp:attachment":[{"href":"https:\/\/partyinabox.dk\/party\/wp-json\/wp\/v2\/media?parent=27583"}],"wp:term":[{"taxonomy":"product_brand","embeddable":true,"href":"https:\/\/partyinabox.dk\/party\/wp-json\/wp\/v2\/product_brand?post=27583"},{"taxonomy":"product_cat","embeddable":true,"href":"https:\/\/partyinabox.dk\/party\/wp-json\/wp\/v2\/product_cat?post=27583"},{"taxonomy":"product_tag","embeddable":true,"href":"https:\/\/partyinabox.dk\/party\/wp-json\/wp\/v2\/product_tag?post=27583"}],"curies":[{"name":"wp","href":"https:\/\/api.w.org\/{rel}","templated":true}]}}