{"id":27066,"date":"2022-11-28T00:00:00","date_gmt":"2022-11-27T23:00:00","guid":{"rendered":"https:\/\/partyinabox.dk\/party\/?post_type=product&#038;p=27066"},"modified":"2026-04-17T13:24:45","modified_gmt":"2026-04-17T11:24:45","slug":"julekugle-folie-ballon","status":"publish","type":"product","link":"https:\/\/partyinabox.dk\/party\/vare\/julekugle-folie-ballon\/","title":{"rendered":"Julekugle folie ballon"},"content":{"rendered":"<p>Pynt lidt ekstra sjovt op til jul med denne fine folie ballon formet som en kugle. Kuglen er dekoreret med r\u00f8de, gr\u00f8nne og guld striber, pyntet med guld stjerner. Husk helium, hvis kuglen skal sv\u00e6ve. Passer perfekt sammen med juletr\u00e6et, i loftet og siden af gaverne.<\/p>\n<p>Indhold: 1 stk. \/ M\u00e5l: 51 x 49 cm<\/p>\n","protected":false},"excerpt":{"rendered":"<p>Pynt lidt ekstra sjovt op til jul med denne fine folie ballon formet som en kugle. Kuglen er dekoreret med r\u00f8de, gr\u00f8nne og guld striber, pyntet med guld stjerner. Husk helium, hvis kuglen skal sv\u00e6ve. Passer perfekt sammen med juletr\u00e6et, [&hellip;]<\/p>\n","protected":false},"featured_media":27068,"template":"","meta":{"_acf_changed":false},"product_brand":[],"product_cat":[30],"product_tag":[],"class_list":{"0":"post-27066","1":"product","2":"type-product","3":"status-publish","4":"has-post-thumbnail","6":"product_cat-balloner","8":"first","9":"instock","10":"taxable","11":"shipping-taxable","12":"purchasable","13":"product-type-simple"},"bundled_by":[],"bundle_stock_status":"instock","bundle_stock_quantity":26,"bundle_virtual":false,"bundle_layout":"","bundle_add_to_cart_form_location":"","bundle_editable_in_cart":false,"bundle_sold_individually_context":"","bundle_item_grouping":"","bundle_min_size":"","bundle_max_size":"","bundle_price":[],"bundled_items":[],"bundle_sell_ids":[],"acf":[],"tiered_pricing_type":"fixed","tiered_pricing_fixed_rules":[],"tiered_pricing_product_settings":{"layout":"default","base_unit_name":{"singular":null,"plural":null},"default_variation":null},"tiered_pricing_minimum_quantity":null,"tiered_pricing_roles_data":[],"tiered_pricing_percentage_rules":[],"tiered_pricing_maximum_quantity":null,"tiered_pricing_quantity_step":null,"_links":{"self":[{"href":"https:\/\/partyinabox.dk\/party\/wp-json\/wp\/v2\/product\/27066","targetHints":{"allow":["GET"]}}],"collection":[{"href":"https:\/\/partyinabox.dk\/party\/wp-json\/wp\/v2\/product"}],"about":[{"href":"https:\/\/partyinabox.dk\/party\/wp-json\/wp\/v2\/types\/product"}],"wp:featuredmedia":[{"embeddable":true,"href":"https:\/\/partyinabox.dk\/party\/wp-json\/wp\/v2\/media\/27068"}],"wp:attachment":[{"href":"https:\/\/partyinabox.dk\/party\/wp-json\/wp\/v2\/media?parent=27066"}],"wp:term":[{"taxonomy":"product_brand","embeddable":true,"href":"https:\/\/partyinabox.dk\/party\/wp-json\/wp\/v2\/product_brand?post=27066"},{"taxonomy":"product_cat","embeddable":true,"href":"https:\/\/partyinabox.dk\/party\/wp-json\/wp\/v2\/product_cat?post=27066"},{"taxonomy":"product_tag","embeddable":true,"href":"https:\/\/partyinabox.dk\/party\/wp-json\/wp\/v2\/product_tag?post=27066"}],"curies":[{"name":"wp","href":"https:\/\/api.w.org\/{rel}","templated":true}]}}