{"id":27049,"date":"2022-11-29T00:00:00","date_gmt":"2022-11-28T23:00:00","guid":{"rendered":"https:\/\/partyinabox.dk\/party\/?post_type=product&#038;p=27049"},"modified":"2026-03-18T08:43:30","modified_gmt":"2026-03-18T07:43:30","slug":"groen-honeycomb-juletrae-mellem","status":"publish","type":"product","link":"https:\/\/partyinabox.dk\/party\/vare\/groen-honeycomb-juletrae-mellem\/","title":{"rendered":"Gr\u00f8n honeycomb juletr\u00e6 (mellem)"},"content":{"rendered":"<p>Den flaskegr\u00f8nne juletr\u00e6 i papir er dekoreret med guldglimmer og er let at anvende. 6 magneter er placeret p\u00e5 tr\u00e6et, s\u00e5 den nemt kan foldes ud og s\u00e6ttes p\u00e5 bordet eller skilles ad, n\u00e5r julepynten skal gemmes v\u00e6k. Juletr\u00e6et er flot i sig selv b\u00e5de p\u00e5 bordet, i vindueskrammen, p\u00e5 kaminen ogs\u00e5 vil de ogs\u00e5 kunne h\u00e6nge. Fork\u00e6l dine g\u00e6ster med flot pynt til juleaften, julefrokost og julehygge.\u00a0 M\u00e5l: 20 cm<\/p>\n","protected":false},"excerpt":{"rendered":"<p>Den flaskegr\u00f8nne juletr\u00e6 i papir er dekoreret med guldglimmer og er let at anvende. 6 magneter er placeret p\u00e5 tr\u00e6et, s\u00e5 den nemt kan foldes ud og s\u00e6ttes p\u00e5 bordet eller skilles ad, n\u00e5r julepynten skal gemmes v\u00e6k. Juletr\u00e6et er [&hellip;]<\/p>\n","protected":false},"featured_media":27048,"template":"","meta":{"_acf_changed":false},"product_brand":[],"product_cat":[19],"product_tag":[],"class_list":{"0":"post-27049","1":"product","2":"type-product","3":"status-publish","4":"has-post-thumbnail","6":"product_cat-pynt","8":"first","9":"instock","10":"taxable","11":"shipping-taxable","12":"purchasable","13":"product-type-simple"},"bundled_by":[],"bundle_stock_status":"instock","bundle_stock_quantity":85,"bundle_virtual":false,"bundle_layout":"","bundle_add_to_cart_form_location":"","bundle_editable_in_cart":false,"bundle_sold_individually_context":"","bundle_item_grouping":"","bundle_min_size":"","bundle_max_size":"","bundle_price":[],"bundled_items":[],"bundle_sell_ids":[],"acf":[],"tiered_pricing_type":"fixed","tiered_pricing_fixed_rules":[],"tiered_pricing_product_settings":{"layout":"default","base_unit_name":{"singular":null,"plural":null},"default_variation":null},"tiered_pricing_minimum_quantity":null,"tiered_pricing_roles_data":[],"tiered_pricing_percentage_rules":[],"tiered_pricing_maximum_quantity":null,"tiered_pricing_quantity_step":null,"_links":{"self":[{"href":"https:\/\/partyinabox.dk\/party\/wp-json\/wp\/v2\/product\/27049","targetHints":{"allow":["GET"]}}],"collection":[{"href":"https:\/\/partyinabox.dk\/party\/wp-json\/wp\/v2\/product"}],"about":[{"href":"https:\/\/partyinabox.dk\/party\/wp-json\/wp\/v2\/types\/product"}],"wp:featuredmedia":[{"embeddable":true,"href":"https:\/\/partyinabox.dk\/party\/wp-json\/wp\/v2\/media\/27048"}],"wp:attachment":[{"href":"https:\/\/partyinabox.dk\/party\/wp-json\/wp\/v2\/media?parent=27049"}],"wp:term":[{"taxonomy":"product_brand","embeddable":true,"href":"https:\/\/partyinabox.dk\/party\/wp-json\/wp\/v2\/product_brand?post=27049"},{"taxonomy":"product_cat","embeddable":true,"href":"https:\/\/partyinabox.dk\/party\/wp-json\/wp\/v2\/product_cat?post=27049"},{"taxonomy":"product_tag","embeddable":true,"href":"https:\/\/partyinabox.dk\/party\/wp-json\/wp\/v2\/product_tag?post=27049"}],"curies":[{"name":"wp","href":"https:\/\/api.w.org\/{rel}","templated":true}]}}