{"id":26977,"date":"2024-11-18T00:00:00","date_gmt":"2024-11-17T23:00:00","guid":{"rendered":"https:\/\/partyinabox.dk\/party\/?post_type=product&#038;p=26977"},"modified":"2026-04-14T15:17:09","modified_gmt":"2026-04-14T13:17:09","slug":"jule-papir-guirlande-skov-mix","status":"publish","type":"product","link":"https:\/\/partyinabox.dk\/party\/vare\/jule-papir-guirlande-skov-mix\/","title":{"rendered":"Jule papir guirlande skov mix"},"content":{"rendered":"<p>Pynt flot op til jul med den fine juleguirlande med skov motiver. Oplev de 13 fine motiver fordelt imellem rensdyr, svampe og juletr\u00e6er p\u00e5 den 1,7 meter lange guirlande. Brug den som oph\u00e6ng p\u00e5 d\u00f8ren, i vinduet, p\u00e5 v\u00e6ggen, over bordet, p\u00e5 juletr\u00e6et eller midt i rummet. Bland den eventuelt med andre guirlander. Helt perfekt til borddekoration.<\/p>\n","protected":false},"excerpt":{"rendered":"<p>Pynt flot op til jul med den fine juleguirlande med skov motiver. Oplev de 13 fine motiver fordelt imellem rensdyr, svampe og juletr\u00e6er p\u00e5 den 1,7 meter lange guirlande. Brug den som oph\u00e6ng p\u00e5 d\u00f8ren, i vinduet, p\u00e5 v\u00e6ggen, over [&hellip;]<\/p>\n","protected":false},"featured_media":27008,"template":"","meta":{"_acf_changed":false},"product_brand":[],"product_cat":[19],"product_tag":[],"class_list":{"0":"post-26977","1":"product","2":"type-product","3":"status-publish","4":"has-post-thumbnail","6":"product_cat-pynt","8":"first","9":"instock","10":"sale","11":"taxable","12":"shipping-taxable","13":"purchasable","14":"product-type-simple"},"bundled_by":[],"bundle_stock_status":"instock","bundle_stock_quantity":101,"bundle_virtual":false,"bundle_layout":"","bundle_add_to_cart_form_location":"","bundle_editable_in_cart":false,"bundle_sold_individually_context":"","bundle_item_grouping":"","bundle_min_size":"","bundle_max_size":"","bundle_price":[],"bundled_items":[],"bundle_sell_ids":[],"acf":[],"tiered_pricing_type":"fixed","tiered_pricing_fixed_rules":[],"tiered_pricing_product_settings":{"layout":"default","base_unit_name":{"singular":null,"plural":null},"default_variation":null},"tiered_pricing_minimum_quantity":null,"tiered_pricing_roles_data":[],"tiered_pricing_percentage_rules":[],"tiered_pricing_maximum_quantity":null,"tiered_pricing_quantity_step":null,"_links":{"self":[{"href":"https:\/\/partyinabox.dk\/party\/wp-json\/wp\/v2\/product\/26977","targetHints":{"allow":["GET"]}}],"collection":[{"href":"https:\/\/partyinabox.dk\/party\/wp-json\/wp\/v2\/product"}],"about":[{"href":"https:\/\/partyinabox.dk\/party\/wp-json\/wp\/v2\/types\/product"}],"wp:featuredmedia":[{"embeddable":true,"href":"https:\/\/partyinabox.dk\/party\/wp-json\/wp\/v2\/media\/27008"}],"wp:attachment":[{"href":"https:\/\/partyinabox.dk\/party\/wp-json\/wp\/v2\/media?parent=26977"}],"wp:term":[{"taxonomy":"product_brand","embeddable":true,"href":"https:\/\/partyinabox.dk\/party\/wp-json\/wp\/v2\/product_brand?post=26977"},{"taxonomy":"product_cat","embeddable":true,"href":"https:\/\/partyinabox.dk\/party\/wp-json\/wp\/v2\/product_cat?post=26977"},{"taxonomy":"product_tag","embeddable":true,"href":"https:\/\/partyinabox.dk\/party\/wp-json\/wp\/v2\/product_tag?post=26977"}],"curies":[{"name":"wp","href":"https:\/\/api.w.org\/{rel}","templated":true}]}}