{"id":26942,"date":"2022-10-19T00:00:00","date_gmt":"2022-10-18T22:00:00","guid":{"rendered":"https:\/\/partyinabox.dk\/party\/?post_type=product&#038;p=26942"},"modified":"2026-03-30T13:16:39","modified_gmt":"2026-03-30T11:16:39","slug":"gavemaerker-choo-choo","status":"publish","type":"product","link":"https:\/\/partyinabox.dk\/party\/vare\/gavemaerker-choo-choo\/","title":{"rendered":"Gavem\u00e6rker Choo Choo"},"content":{"rendered":"<p>S\u00e6ttet med papir gavem\u00e6rkerne er et mix af hest, svane, tog og julehjerte. Oplagt som vedh\u00e6ng p\u00e5 dine julegaver eller som pynt p\u00e5 juletr\u00e6et, p\u00e5 v\u00e6ggen eller fra loftet. 2,5 meter guld snor medf\u00f8lger. M\u00e5l: 4-8.5 x 6-7 cm. 12 stk. til og fra kort i pakken<\/p>\n","protected":false},"excerpt":{"rendered":"<p>S\u00e6ttet med papir gavem\u00e6rkerne er et mix af hest, svane, tog og julehjerte. Oplagt som vedh\u00e6ng p\u00e5 dine julegaver eller som pynt p\u00e5 juletr\u00e6et, p\u00e5 v\u00e6ggen eller fra loftet. 2,5 meter guld snor medf\u00f8lger. M\u00e5l: 4-8.5 x 6-7 cm. 12 [&hellip;]<\/p>\n","protected":false},"featured_media":26946,"template":"","meta":{"_acf_changed":false},"product_brand":[],"product_cat":[19,15],"product_tag":[],"class_list":{"0":"post-26942","1":"product","2":"type-product","3":"status-publish","4":"has-post-thumbnail","6":"product_cat-pynt","7":"product_cat-ukategoriseret","9":"first","10":"instock","11":"sale","12":"taxable","13":"shipping-taxable","14":"purchasable","15":"product-type-simple"},"bundled_by":[],"bundle_stock_status":"instock","bundle_stock_quantity":14,"bundle_virtual":false,"bundle_layout":"","bundle_add_to_cart_form_location":"","bundle_editable_in_cart":false,"bundle_sold_individually_context":"","bundle_item_grouping":"","bundle_min_size":"","bundle_max_size":"","bundle_price":[],"bundled_items":[],"bundle_sell_ids":[],"acf":[],"tiered_pricing_type":"fixed","tiered_pricing_fixed_rules":[],"tiered_pricing_product_settings":{"layout":"default","base_unit_name":{"singular":null,"plural":null},"default_variation":null},"tiered_pricing_minimum_quantity":null,"tiered_pricing_roles_data":[],"tiered_pricing_percentage_rules":[],"tiered_pricing_maximum_quantity":null,"tiered_pricing_quantity_step":null,"_links":{"self":[{"href":"https:\/\/partyinabox.dk\/party\/wp-json\/wp\/v2\/product\/26942","targetHints":{"allow":["GET"]}}],"collection":[{"href":"https:\/\/partyinabox.dk\/party\/wp-json\/wp\/v2\/product"}],"about":[{"href":"https:\/\/partyinabox.dk\/party\/wp-json\/wp\/v2\/types\/product"}],"wp:featuredmedia":[{"embeddable":true,"href":"https:\/\/partyinabox.dk\/party\/wp-json\/wp\/v2\/media\/26946"}],"wp:attachment":[{"href":"https:\/\/partyinabox.dk\/party\/wp-json\/wp\/v2\/media?parent=26942"}],"wp:term":[{"taxonomy":"product_brand","embeddable":true,"href":"https:\/\/partyinabox.dk\/party\/wp-json\/wp\/v2\/product_brand?post=26942"},{"taxonomy":"product_cat","embeddable":true,"href":"https:\/\/partyinabox.dk\/party\/wp-json\/wp\/v2\/product_cat?post=26942"},{"taxonomy":"product_tag","embeddable":true,"href":"https:\/\/partyinabox.dk\/party\/wp-json\/wp\/v2\/product_tag?post=26942"}],"curies":[{"name":"wp","href":"https:\/\/api.w.org\/{rel}","templated":true}]}}