{"id":26912,"date":"2024-04-25T00:00:00","date_gmt":"2024-04-24T22:00:00","guid":{"rendered":"https:\/\/partyinabox.dk\/party\/?post_type=product&#038;p=26912"},"modified":"2026-03-30T13:16:39","modified_gmt":"2026-03-30T11:16:39","slug":"guld-fest-gardin-med-juletraeer","status":"publish","type":"product","link":"https:\/\/partyinabox.dk\/party\/vare\/guld-fest-gardin-med-juletraeer\/","title":{"rendered":"Guld fest gardin m\/juletr\u00e6er"},"content":{"rendered":"<p>Det festlige guld gardin med guld folie juletr\u00e6er er helt perfekt til d\u00f8ren, til v\u00e6ggen eller midt i rummet til at afskille f.eks. julebordet og dansegulvet. Er ogs\u00e5 en perfekt baggrund til billeder til julefrokost eller julehygge. Samtidigt kan det give en wow-effekt midt i rummet til et stort nisselandskab til jul. Det flotte forh\u00e6ng er med dobbelt klistrende tape, s\u00e5 det nemt kan s\u00e6ttes op og tages ned igen. M\u00e5l: 100 x 245 cm (B x H).<\/p>\n","protected":false},"excerpt":{"rendered":"<p>Det festlige guld gardin med guld folie juletr\u00e6er er helt perfekt til d\u00f8ren, til v\u00e6ggen eller midt i rummet til at afskille f.eks. julebordet og dansegulvet. Er ogs\u00e5 en perfekt baggrund til billeder til julefrokost eller julehygge. Samtidigt kan det [&hellip;]<\/p>\n","protected":false},"featured_media":26918,"template":"","meta":{"_acf_changed":false},"product_brand":[],"product_cat":[19],"product_tag":[],"class_list":{"0":"post-26912","1":"product","2":"type-product","3":"status-publish","4":"has-post-thumbnail","6":"product_cat-pynt","8":"first","9":"instock","10":"sale","11":"taxable","12":"shipping-taxable","13":"purchasable","14":"product-type-simple"},"bundled_by":[],"bundle_stock_status":"instock","bundle_stock_quantity":293,"bundle_virtual":false,"bundle_layout":"","bundle_add_to_cart_form_location":"","bundle_editable_in_cart":false,"bundle_sold_individually_context":"","bundle_item_grouping":"","bundle_min_size":"","bundle_max_size":"","bundle_price":[],"bundled_items":[],"bundle_sell_ids":[],"acf":[],"tiered_pricing_type":"fixed","tiered_pricing_fixed_rules":[],"tiered_pricing_product_settings":{"layout":"default","base_unit_name":{"singular":null,"plural":null},"default_variation":null},"tiered_pricing_minimum_quantity":null,"tiered_pricing_roles_data":[],"tiered_pricing_percentage_rules":[],"tiered_pricing_maximum_quantity":null,"tiered_pricing_quantity_step":null,"_links":{"self":[{"href":"https:\/\/partyinabox.dk\/party\/wp-json\/wp\/v2\/product\/26912","targetHints":{"allow":["GET"]}}],"collection":[{"href":"https:\/\/partyinabox.dk\/party\/wp-json\/wp\/v2\/product"}],"about":[{"href":"https:\/\/partyinabox.dk\/party\/wp-json\/wp\/v2\/types\/product"}],"wp:featuredmedia":[{"embeddable":true,"href":"https:\/\/partyinabox.dk\/party\/wp-json\/wp\/v2\/media\/26918"}],"wp:attachment":[{"href":"https:\/\/partyinabox.dk\/party\/wp-json\/wp\/v2\/media?parent=26912"}],"wp:term":[{"taxonomy":"product_brand","embeddable":true,"href":"https:\/\/partyinabox.dk\/party\/wp-json\/wp\/v2\/product_brand?post=26912"},{"taxonomy":"product_cat","embeddable":true,"href":"https:\/\/partyinabox.dk\/party\/wp-json\/wp\/v2\/product_cat?post=26912"},{"taxonomy":"product_tag","embeddable":true,"href":"https:\/\/partyinabox.dk\/party\/wp-json\/wp\/v2\/product_tag?post=26912"}],"curies":[{"name":"wp","href":"https:\/\/api.w.org\/{rel}","templated":true}]}}