{"id":26795,"date":"2022-07-26T00:00:00","date_gmt":"2022-07-25T22:00:00","guid":{"rendered":"https:\/\/partyinabox.dk\/party\/?post_type=product&#038;p=26795"},"modified":"2026-04-14T19:45:14","modified_gmt":"2026-04-14T17:45:14","slug":"fersken-papirlanterne-stor-2","status":"publish","type":"product","link":"https:\/\/partyinabox.dk\/party\/vare\/fersken-papirlanterne-stor-2\/","title":{"rendered":"Fersken papir lanterne stor"},"content":{"rendered":"<p>Papirlanterne i en lys fersken farvet er super fine for sig selv, sammen med andre farver eller med lysk\u00e6der. Oplagt til at h\u00e6nge i loftet, i tr\u00e6er eller i teltet. Kan b\u00e5de benyttes udend\u00f8rs i solskin og i festlokaler; i loftet eller over bordet. F\u00e5s i flere st\u00f8rrelser og farver. Bem\u00e6rk: S\u00e6lges uden lys. M\u00e5l: 35 cm.<\/p>\n","protected":false},"excerpt":{"rendered":"<p>Papirlanterne i en lys fersken farvet er super fine for sig selv, sammen med andre farver eller med lysk\u00e6der. Oplagt til at h\u00e6nge i loftet, i tr\u00e6er eller i teltet. Kan b\u00e5de benyttes udend\u00f8rs i solskin og i festlokaler; i [&hellip;]<\/p>\n","protected":false},"featured_media":26786,"template":"","meta":{"_acf_changed":false},"product_brand":[],"product_cat":[31],"product_tag":[],"class_list":{"0":"post-26795","1":"product","2":"type-product","3":"status-publish","4":"has-post-thumbnail","6":"product_cat-til-loftet","8":"first","9":"instock","10":"taxable","11":"shipping-taxable","12":"purchasable","13":"product-type-simple"},"bundled_by":[],"bundle_stock_status":"instock","bundle_stock_quantity":5,"bundle_virtual":false,"bundle_layout":"","bundle_add_to_cart_form_location":"","bundle_editable_in_cart":false,"bundle_sold_individually_context":"","bundle_item_grouping":"","bundle_min_size":"","bundle_max_size":"","bundle_price":[],"bundled_items":[],"bundle_sell_ids":[],"acf":[],"tiered_pricing_type":"fixed","tiered_pricing_fixed_rules":[],"tiered_pricing_product_settings":{"layout":"default","base_unit_name":{"singular":null,"plural":null},"default_variation":null},"tiered_pricing_minimum_quantity":null,"tiered_pricing_roles_data":[],"tiered_pricing_percentage_rules":[],"tiered_pricing_maximum_quantity":null,"tiered_pricing_quantity_step":null,"_links":{"self":[{"href":"https:\/\/partyinabox.dk\/party\/wp-json\/wp\/v2\/product\/26795","targetHints":{"allow":["GET"]}}],"collection":[{"href":"https:\/\/partyinabox.dk\/party\/wp-json\/wp\/v2\/product"}],"about":[{"href":"https:\/\/partyinabox.dk\/party\/wp-json\/wp\/v2\/types\/product"}],"wp:featuredmedia":[{"embeddable":true,"href":"https:\/\/partyinabox.dk\/party\/wp-json\/wp\/v2\/media\/26786"}],"wp:attachment":[{"href":"https:\/\/partyinabox.dk\/party\/wp-json\/wp\/v2\/media?parent=26795"}],"wp:term":[{"taxonomy":"product_brand","embeddable":true,"href":"https:\/\/partyinabox.dk\/party\/wp-json\/wp\/v2\/product_brand?post=26795"},{"taxonomy":"product_cat","embeddable":true,"href":"https:\/\/partyinabox.dk\/party\/wp-json\/wp\/v2\/product_cat?post=26795"},{"taxonomy":"product_tag","embeddable":true,"href":"https:\/\/partyinabox.dk\/party\/wp-json\/wp\/v2\/product_tag?post=26795"}],"curies":[{"name":"wp","href":"https:\/\/api.w.org\/{rel}","templated":true}]}}