{"id":26761,"date":"2022-08-03T00:00:00","date_gmt":"2022-08-02T22:00:00","guid":{"rendered":"https:\/\/partyinabox.dk\/party\/?post_type=product&#038;p=26761"},"modified":"2026-03-18T08:17:14","modified_gmt":"2026-03-18T07:17:14","slug":"halloween-cupcake-saet","status":"publish","type":"product","link":"https:\/\/partyinabox.dk\/party\/vare\/halloween-cupcake-saet\/","title":{"rendered":"Halloween kage pynt s\u00e6t"},"content":{"rendered":"<p>S\u00f8dt halloween cupcake \/ muffin kage s\u00e6t med 20 stk. orange papirforme med hvide prikker og 20 stk. kagepynt med flagermus og gr\u00e6skar. Perfekt til at bage sm\u00e5, gr\u00f8nne giftkager i til halloween. Indhold: 20 stk.<\/p>\n","protected":false},"excerpt":{"rendered":"<p>S\u00f8dt halloween cupcake \/ muffin kage s\u00e6t med 20 stk. orange papirforme med hvide prikker og 20 stk. kagepynt med flagermus og gr\u00e6skar. Perfekt til at bage sm\u00e5, gr\u00f8nne giftkager i til halloween. Indhold: 20 stk.<\/p>\n","protected":false},"featured_media":26762,"template":"","meta":{"_acf_changed":false},"product_brand":[],"product_cat":[33],"product_tag":[],"class_list":{"0":"post-26761","1":"product","2":"type-product","3":"status-publish","4":"has-post-thumbnail","6":"product_cat-til-kagen","8":"first","9":"instock","10":"taxable","11":"shipping-taxable","12":"purchasable","13":"product-type-simple"},"bundled_by":[],"bundle_stock_status":"instock","bundle_stock_quantity":92,"bundle_virtual":false,"bundle_layout":"","bundle_add_to_cart_form_location":"","bundle_editable_in_cart":false,"bundle_sold_individually_context":"","bundle_item_grouping":"","bundle_min_size":"","bundle_max_size":"","bundle_price":[],"bundled_items":[],"bundle_sell_ids":[],"acf":[],"tiered_pricing_type":"fixed","tiered_pricing_fixed_rules":[],"tiered_pricing_product_settings":{"layout":"default","base_unit_name":{"singular":null,"plural":null},"default_variation":null},"tiered_pricing_minimum_quantity":null,"tiered_pricing_roles_data":[],"tiered_pricing_percentage_rules":[],"tiered_pricing_maximum_quantity":null,"tiered_pricing_quantity_step":null,"_links":{"self":[{"href":"https:\/\/partyinabox.dk\/party\/wp-json\/wp\/v2\/product\/26761","targetHints":{"allow":["GET"]}}],"collection":[{"href":"https:\/\/partyinabox.dk\/party\/wp-json\/wp\/v2\/product"}],"about":[{"href":"https:\/\/partyinabox.dk\/party\/wp-json\/wp\/v2\/types\/product"}],"wp:featuredmedia":[{"embeddable":true,"href":"https:\/\/partyinabox.dk\/party\/wp-json\/wp\/v2\/media\/26762"}],"wp:attachment":[{"href":"https:\/\/partyinabox.dk\/party\/wp-json\/wp\/v2\/media?parent=26761"}],"wp:term":[{"taxonomy":"product_brand","embeddable":true,"href":"https:\/\/partyinabox.dk\/party\/wp-json\/wp\/v2\/product_brand?post=26761"},{"taxonomy":"product_cat","embeddable":true,"href":"https:\/\/partyinabox.dk\/party\/wp-json\/wp\/v2\/product_cat?post=26761"},{"taxonomy":"product_tag","embeddable":true,"href":"https:\/\/partyinabox.dk\/party\/wp-json\/wp\/v2\/product_tag?post=26761"}],"curies":[{"name":"wp","href":"https:\/\/api.w.org\/{rel}","templated":true}]}}