{"id":2651,"date":"2019-10-10T19:37:36","date_gmt":"2019-10-10T17:37:36","guid":{"rendered":"https:\/\/partyinabox.dk\/party\/?post_type=product&#038;p=2651"},"modified":"2026-04-23T11:27:35","modified_gmt":"2026-04-23T09:27:35","slug":"rosegold-box","status":"publish","type":"product","link":"https:\/\/partyinabox.dk\/party\/vare\/rosegold-box\/","title":{"rendered":"Rosegold \u00e6ske"},"content":{"rendered":"<p>D\u00e6k dit bord flot op med disse sm\u00e5 rosegold \u00e6sker \/ bokse. Fyld dem med slik, snacks, en sang eller lige hvad du t\u00e6nker. S\u00e6t dem ved hver g\u00e6st plads, som en lille gave.<\/p>\n<p><strong>TIP:<\/strong> bind evt. en ballon med helium i hver \u00e6ske, hvis de er fyldt med noget tungt.<\/p>\n<p>Indhold: 10 stk. \/ M\u00e5l: 6 x 6 x 5,5 cm<\/p>\n","protected":false},"excerpt":{"rendered":"<p>D\u00e6k dit bord flot op med disse sm\u00e5 rosegold \u00e6sker \/ bokse. Fyld dem med slik, snacks, en sang eller lige hvad du t\u00e6nker. S\u00e6t dem ved hver g\u00e6st plads, som en lille gave. TIP: bind evt. en ballon med [&hellip;]<\/p>\n","protected":false},"featured_media":2652,"template":"","meta":{"_acf_changed":false},"product_brand":[],"product_cat":[32],"product_tag":[],"class_list":{"0":"post-2651","1":"product","2":"type-product","3":"status-publish","4":"has-post-thumbnail","6":"product_cat-service","8":"first","9":"instock","10":"taxable","11":"shipping-taxable","12":"purchasable","13":"product-type-simple"},"bundled_by":[],"bundle_stock_status":"instock","bundle_stock_quantity":253,"bundle_virtual":false,"bundle_layout":"","bundle_add_to_cart_form_location":"","bundle_editable_in_cart":false,"bundle_sold_individually_context":"","bundle_item_grouping":"","bundle_min_size":"","bundle_max_size":"","bundle_price":[],"bundled_items":[],"bundle_sell_ids":[],"acf":[],"tiered_pricing_type":"fixed","tiered_pricing_fixed_rules":[],"tiered_pricing_product_settings":{"layout":"default","base_unit_name":{"singular":null,"plural":null},"default_variation":null},"tiered_pricing_minimum_quantity":null,"tiered_pricing_roles_data":[],"tiered_pricing_percentage_rules":[],"tiered_pricing_maximum_quantity":null,"tiered_pricing_quantity_step":null,"_links":{"self":[{"href":"https:\/\/partyinabox.dk\/party\/wp-json\/wp\/v2\/product\/2651","targetHints":{"allow":["GET"]}}],"collection":[{"href":"https:\/\/partyinabox.dk\/party\/wp-json\/wp\/v2\/product"}],"about":[{"href":"https:\/\/partyinabox.dk\/party\/wp-json\/wp\/v2\/types\/product"}],"wp:featuredmedia":[{"embeddable":true,"href":"https:\/\/partyinabox.dk\/party\/wp-json\/wp\/v2\/media\/2652"}],"wp:attachment":[{"href":"https:\/\/partyinabox.dk\/party\/wp-json\/wp\/v2\/media?parent=2651"}],"wp:term":[{"taxonomy":"product_brand","embeddable":true,"href":"https:\/\/partyinabox.dk\/party\/wp-json\/wp\/v2\/product_brand?post=2651"},{"taxonomy":"product_cat","embeddable":true,"href":"https:\/\/partyinabox.dk\/party\/wp-json\/wp\/v2\/product_cat?post=2651"},{"taxonomy":"product_tag","embeddable":true,"href":"https:\/\/partyinabox.dk\/party\/wp-json\/wp\/v2\/product_tag?post=2651"}],"curies":[{"name":"wp","href":"https:\/\/api.w.org\/{rel}","templated":true}]}}