{"id":2636,"date":"2022-10-12T00:00:00","date_gmt":"2022-10-11T22:00:00","guid":{"rendered":"https:\/\/partyinabox.dk\/party\/?post_type=product&#038;p=2636"},"modified":"2026-04-17T10:33:40","modified_gmt":"2026-04-17T08:33:40","slug":"rosa-perlemor-ballon","status":"publish","type":"product","link":"https:\/\/partyinabox.dk\/party\/vare\/rosa-perlemor-ballon\/","title":{"rendered":"Pastel rosa ballon"},"content":{"rendered":"<p>Forestil dig et v\u00e6ld af bl\u00f8de, pastel lyser\u00f8de balloner, der bringer et strejf af dr\u00f8mmende charme til din n\u00e6ste fest. Disse latexkunstnere er ikke bare et hit blandt enhver, der har en svaghed for pink \u2013 de er dine nye bedste venner i dekorationens verden!<\/p>\n<p>Du kan nemt matche omfanget af din event med lige pr\u00e6cis det antal balloner, du beh\u00f8ver. Og ja, de er lige s\u00e5 robuste, som de er smukke, klar til at sv\u00e6ve graci\u00f8st gennem lokalet (eller haven) i op til utallige timer. Skab en instagramv\u00e6rdig ops\u00e6tning uden at bryde sved (eller banken)!<\/p>\n<p>Alts\u00e5, hvem havde troet, at noget s\u00e5 simpelt som latexballoner kunne v\u00e6re n\u00f8glen til at forvandle din fest fra almindelig til ekstraordin\u00e6r? Lad os g\u00f8re det lyser\u00f8de tema til virkelighed p\u00e5 den mest stilfulde m\u00e5de!<\/p>\n<p>M\u00e5l: 30 cm<\/p>\n<p>Indhold: 10 stk.<\/p>\n","protected":false},"excerpt":{"rendered":"<p>Forestil dig et v\u00e6ld af bl\u00f8de, pastel lyser\u00f8de balloner, der bringer et strejf af dr\u00f8mmende charme til din n\u00e6ste fest. Disse latexkunstnere er ikke bare et hit blandt enhver, der har en svaghed for pink \u2013 de er dine nye [&hellip;]<\/p>\n","protected":false},"featured_media":2638,"template":"","meta":{"_acf_changed":false},"product_brand":[],"product_cat":[30],"product_tag":[],"class_list":{"0":"post-2636","1":"product","2":"type-product","3":"status-publish","4":"has-post-thumbnail","6":"product_cat-balloner","8":"first","9":"instock","10":"taxable","11":"shipping-taxable","12":"purchasable","13":"product-type-simple"},"bundled_by":[],"bundle_stock_status":"instock","bundle_stock_quantity":84,"bundle_virtual":false,"bundle_layout":"","bundle_add_to_cart_form_location":"","bundle_editable_in_cart":false,"bundle_sold_individually_context":"","bundle_item_grouping":"","bundle_min_size":"","bundle_max_size":"","bundle_price":[],"bundled_items":[],"bundle_sell_ids":[],"acf":[],"tiered_pricing_type":"fixed","tiered_pricing_fixed_rules":[],"tiered_pricing_product_settings":{"layout":"default","base_unit_name":{"singular":null,"plural":null},"default_variation":null},"tiered_pricing_minimum_quantity":null,"tiered_pricing_roles_data":[],"tiered_pricing_percentage_rules":[],"tiered_pricing_maximum_quantity":null,"tiered_pricing_quantity_step":null,"_links":{"self":[{"href":"https:\/\/partyinabox.dk\/party\/wp-json\/wp\/v2\/product\/2636","targetHints":{"allow":["GET"]}}],"collection":[{"href":"https:\/\/partyinabox.dk\/party\/wp-json\/wp\/v2\/product"}],"about":[{"href":"https:\/\/partyinabox.dk\/party\/wp-json\/wp\/v2\/types\/product"}],"wp:featuredmedia":[{"embeddable":true,"href":"https:\/\/partyinabox.dk\/party\/wp-json\/wp\/v2\/media\/2638"}],"wp:attachment":[{"href":"https:\/\/partyinabox.dk\/party\/wp-json\/wp\/v2\/media?parent=2636"}],"wp:term":[{"taxonomy":"product_brand","embeddable":true,"href":"https:\/\/partyinabox.dk\/party\/wp-json\/wp\/v2\/product_brand?post=2636"},{"taxonomy":"product_cat","embeddable":true,"href":"https:\/\/partyinabox.dk\/party\/wp-json\/wp\/v2\/product_cat?post=2636"},{"taxonomy":"product_tag","embeddable":true,"href":"https:\/\/partyinabox.dk\/party\/wp-json\/wp\/v2\/product_tag?post=2636"}],"curies":[{"name":"wp","href":"https:\/\/api.w.org\/{rel}","templated":true}]}}