{"id":2568,"date":"2021-11-05T00:00:00","date_gmt":"2021-11-04T23:00:00","guid":{"rendered":"https:\/\/partyinabox.dk\/party\/?post_type=product&#038;p=2568"},"modified":"2026-04-24T14:15:41","modified_gmt":"2026-04-24T12:15:41","slug":"soelv-konfetti-rund","status":"publish","type":"product","link":"https:\/\/partyinabox.dk\/party\/vare\/soelv-konfetti-rund\/","title":{"rendered":"S\u00f8lv konfetti rund"},"content":{"rendered":"<p>D\u00e6k bordet flot op til s\u00f8lvbryllup, s\u00f8lv f\u00f8dselsdag, nyt\u00e5r, konfirmation eller s\u00f8lv fest med dette runde, s\u00f8lv konfetti.<\/p>\n<p>Indhold: 15 g<\/p>\n","protected":false},"excerpt":{"rendered":"<p>D\u00e6k bordet flot op til s\u00f8lvbryllup, s\u00f8lv f\u00f8dselsdag, nyt\u00e5r, konfirmation eller s\u00f8lv fest med dette runde, s\u00f8lv konfetti. Indhold: 15 g<\/p>\n","protected":false},"featured_media":2570,"template":"","meta":{"_acf_changed":false},"product_brand":[],"product_cat":[19,32],"product_tag":[],"class_list":{"0":"post-2568","1":"product","2":"type-product","3":"status-publish","4":"has-post-thumbnail","6":"product_cat-pynt","7":"product_cat-service","9":"first","10":"instock","11":"taxable","12":"shipping-taxable","13":"purchasable","14":"product-type-simple"},"bundled_by":[],"bundle_stock_status":"instock","bundle_stock_quantity":56,"bundle_virtual":false,"bundle_layout":"","bundle_add_to_cart_form_location":"","bundle_editable_in_cart":false,"bundle_sold_individually_context":"","bundle_item_grouping":"","bundle_min_size":"","bundle_max_size":"","bundle_price":[],"bundled_items":[],"bundle_sell_ids":[],"acf":[],"tiered_pricing_type":"fixed","tiered_pricing_fixed_rules":[],"tiered_pricing_product_settings":{"layout":"default","base_unit_name":{"singular":null,"plural":null},"default_variation":null},"tiered_pricing_minimum_quantity":null,"tiered_pricing_roles_data":[],"tiered_pricing_percentage_rules":[],"tiered_pricing_maximum_quantity":null,"tiered_pricing_quantity_step":null,"_links":{"self":[{"href":"https:\/\/partyinabox.dk\/party\/wp-json\/wp\/v2\/product\/2568","targetHints":{"allow":["GET"]}}],"collection":[{"href":"https:\/\/partyinabox.dk\/party\/wp-json\/wp\/v2\/product"}],"about":[{"href":"https:\/\/partyinabox.dk\/party\/wp-json\/wp\/v2\/types\/product"}],"wp:featuredmedia":[{"embeddable":true,"href":"https:\/\/partyinabox.dk\/party\/wp-json\/wp\/v2\/media\/2570"}],"wp:attachment":[{"href":"https:\/\/partyinabox.dk\/party\/wp-json\/wp\/v2\/media?parent=2568"}],"wp:term":[{"taxonomy":"product_brand","embeddable":true,"href":"https:\/\/partyinabox.dk\/party\/wp-json\/wp\/v2\/product_brand?post=2568"},{"taxonomy":"product_cat","embeddable":true,"href":"https:\/\/partyinabox.dk\/party\/wp-json\/wp\/v2\/product_cat?post=2568"},{"taxonomy":"product_tag","embeddable":true,"href":"https:\/\/partyinabox.dk\/party\/wp-json\/wp\/v2\/product_tag?post=2568"}],"curies":[{"name":"wp","href":"https:\/\/api.w.org\/{rel}","templated":true}]}}